{"id":5856,"date":"2020-02-04T14:38:03","date_gmt":"2020-02-04T13:38:03","guid":{"rendered":"https:\/\/www.elcowa.com\/antistatique\/solutions\/messung-elektrostatischer-ladungen\/ladungsdissipation\/"},"modified":"2024-06-14T15:58:49","modified_gmt":"2024-06-14T13:58:49","slug":"ladungsdissipation","status":"publish","type":"page","link":"https:\/\/www.elcowa.com\/de\/antistatisch\/innovative-antistatik-loesungen\/messung-elektrostatischer-ladungen\/ladungsdissipation\/","title":{"rendered":"Ladungsdissipation"},"content":{"rendered":"<div class=\"flex_column av_one_full  av-animated-generic bottom-to-top  flex_column_div av-zero-column-padding first  avia-builder-el-0  el_before_av_textblock  avia-builder-el-first  \" style='margin-top:0px; margin-bottom:0px; border-radius:0px; '><p><div style='padding-bottom:0px; color:#00aeff;' class='av-special-heading av-special-heading-h1 custom-color-heading blockquote modern-quote  avia-builder-el-1  el_before_av_hr  avia-builder-el-first  '><h1 class='av-special-heading-tag '  itemprop=\"headline\"  >ADACSPPI-PROJEKT<\/h1><div class='special-heading-border'><div class='special-heading-inner-border' style='border-color:#00aeff'><\/div><\/div><\/div><br \/>\n<div style=' margin-top:10px; margin-bottom:10px;'  class='hr hr-custom hr-left hr-icon-no   avia-builder-el-2  el_after_av_heading  avia-builder-el-last '><span class='hr-inner   inner-border-av-border-fat' style=' width:50px; border-color:#00aeff;' ><span class='hr-inner-style'><\/span><\/span><\/div><\/p><\/div>\n<section class=\"av_textblock_section \"  itemscope=\"itemscope\" itemtype=\"https:\/\/schema.org\/CreativeWork\" ><div class='avia_textblock  '  style='font-size:13px; '  itemprop=\"text\" ><p>Vor einigen Jahren haben wir ein Protokoll f\u00fcr Automobilhersteller entwickelt, das ADACSPPI oder Analyse der Leitmitteldispersion auf der Oberfl\u00e4che von Kunststoffspritzteilen genannt wird.<\/p>\n<h3><span style=\"color: #00aeff;\">ELEKTROSTATISCHE LACKIERUNG<\/span><\/h3>\n<p>Gegenw\u00e4rtig wird zur Lackierung einer Fahrzeugkarosserie und ihres Zubeh\u00f6rs die <strong>elektrostatische Lackierung verwendet<\/strong>.<\/p>\n<p>Ein elektrostatisches Feld wird durch die Erzeugung einer Gleichspannung zwischen dem geerdeten Teil und der Spritzpistole erzeugt. Farbpartikel, die mit derselben Polarit\u00e4t geladen sind, bewegen sich von der Spritzpistole zum Werkst\u00fcck, kollidieren miteinander und lagern sich gleichm\u00e4\u00dfig auf dem Werkst\u00fcck ab.<\/p>\n<p>Dies funktioniert f\u00fcr alle elektrisch leitenden Teile.<\/p>\n<h3><span style=\"color: #00aeff;\">WIE GEHT ES BEI KUNSTSTOFFTEILEN?<\/span><\/h3>\n<p>Es ist notwendig, dem Material ein leitf\u00e4higes Mittel wie Graphit hinzuzuf\u00fcgen oder das Teil mit einer leitf\u00e4higen Grundierung zu beschichten, aber dies stellt einen Vorgang und zus\u00e4tzliche finanzielle Kosten dar.<\/p>\n<p>Bei Abwesenheit oder schlechter Verteilung besteht die Gefahr eines &#8222;Orangenschaleneffekts&#8220;.<\/p>\n<p>Nichtqualit\u00e4t hat ihren Preis, und der Hersteller muss mit Sicherheit die Qualit\u00e4t des Teils vor dem Lackieren kennen.<\/p>\n<h3><span style=\"color: #00aeff;\">DIE AKTUELLE L\u00d6SUNG<\/span><\/h3>\n<ol>\n<li style=\"list-style-type: none;\">\n<ol>\n<li><strong>Messung des spezifischen Oberfl\u00e4chenwiderstandes<\/strong><\/li>\n<\/ol>\n<\/li>\n<\/ol>\n<p>Das Prinzip besteht in der Messung des elektrischen Widerstands an der Oberfl\u00e4che des Teils.<\/p>\n<p>Die Methode:<\/p>\n<p><strong>Messung des spezifischen Volumenwiderstands<\/strong><\/p>\n<ul>\n<li>Reinigung des Werkst\u00fccks<\/li>\n<li>Erstellen Sie 2 Elektroden aus einer leitf\u00e4higen Farbe (z.B. Silber) auf einer flachen Oberfl\u00e4che des Werkst\u00fccks.<\/li>\n<li>Bestimmen Sie den Oberfl\u00e4chenwiderstand mit einem Mega-Ohmmeter.<\/li>\n<\/ul>\n<p>Das Prinzip besteht in der Messung des Volumenwiderstandes des Teils.<\/p>\n<p>Methode::<\/p>\n<ul>\n<li>Eine kalte Pause machen<\/li>\n<li>Tragen Sie an jedem Ende eine leitende Farbe (z.B. Silber) auf<\/li>\n<li>Messen Sie den Widerstand zwischen den 2 neu geschaffenen Punkten mit einem Mega-Ohmmeter<\/li>\n<\/ul>\n<h3><span style=\"color: #00aeff;\">UNSERE L\u00d6SUNGEN<\/span><\/h3>\n<p>Unsere L\u00f6sung ist die Messung der elektrischen Leitf\u00e4higkeit, um die F\u00e4higkeit eines Materials, elektrische Ladungen zu leiten, messen zu k\u00f6nnen.<\/p>\n<p>Charakteristisch f\u00fcr die Messung:<\/p>\n<ul>\n<li>Zerst\u00f6rungsfreie Messung<\/li>\n<li>Messung ohne \u00c4nderung des Teils<\/li>\n<li>Wiederholte Messung<\/li>\n<li>Direkte Anzeige der Leitf\u00e4higkeit des Werkst\u00fccks in %<\/li>\n<\/ul>\n<p><span style=\"color: #00aeff;\">Wir bieten Ihnen 2 Optionen an:<\/span><\/p>\n<ul>\n<li><span style=\"color: #00aeff;\">Der Erwerb der Ausr\u00fcstung<\/span><\/li>\n<\/ul>\n<p>Die Ausr\u00fcstung umfasst:einen Generator, eine Sonde, einen St\u00e4nder und ein Hygrometer-Thermometer.<\/p>\n<ul>\n<li><span style=\"color: #00aeff;\">Messdienst in unserem Labor<\/span><\/li>\n<\/ul>\n<p>Dazu geh\u00f6ren: Gr\u00fcndungsgeb\u00fchr, Bearbeitungsgeb\u00fchr, Messstelle<\/p>\n<h3 style=\"text-align: center;\"><span style=\"color: #00aeff;\">Wenn Sie Fragen zu diesem Projekt haben, z\u00f6gern Sie bitte nicht, uns zu kontaktieren. Unser Team wird Ihnen so schnell wie m\u00f6glich antworten.<\/span><\/h3>\n<\/div><\/section>\n<div style='height:30px' class='hr hr-invisible   avia-builder-el-4  el_after_av_textblock  el_before_av_buttonrow '><span class='hr-inner ' ><span class='hr-inner-style'><\/span><\/span><\/div>\n<div class='avia-buttonrow-wrap avia-buttonrow-center   avia-builder-el-5  el_after_av_hr  avia-builder-el-last '>\n<a href='https:\/\/www.elcowa.com\/de\/contact\/'  class='avia-button  avia-icon_select-yes-left-icon avia-color-theme-color avia-size-x-large '  style='margin-bottom:5px; margin-left:3px; margin-right:3px; ' ><span class='avia_button_icon avia_button_icon_left ' aria-hidden='true' data-av_icon='\ue805' data-av_iconfont='entypo-fontello'><\/span><span class='avia_iconbox_title' >KONTAKT<\/span><\/a>\n<\/div>\n","protected":false},"excerpt":{"rendered":"","protected":false},"author":4,"featured_media":0,"parent":5841,"menu_order":1,"comment_status":"closed","ping_status":"closed","template":"","meta":{"_acf_changed":false,"footnotes":""},"class_list":["post-5856","page","type-page","status-publish","hentry"],"acf":[],"yoast_head":"<!-- This site is optimized with the Yoast SEO plugin v26.9 - https:\/\/yoast.com\/product\/yoast-seo-wordpress\/ -->\n<title>Ladungsdissipation - ELCOWA<\/title>\n<meta name=\"description\" content=\"Es ist eine Methode zur Messung der elektrischen Leitf\u00e4higkeit, um die F\u00e4higkeit eines Materials, elektrische Ladungen zu leiten, messen zu k\u00f6nnen.\" \/>\n<meta name=\"robots\" content=\"index, follow, max-snippet:-1, max-image-preview:large, max-video-preview:-1\" \/>\n<link rel=\"canonical\" href=\"https:\/\/www.elcowa.com\/de\/antistatisch\/innovative-antistatik-loesungen\/messung-elektrostatischer-ladungen\/ladungsdissipation\/\" \/>\n<meta property=\"og:locale\" content=\"de_DE\" \/>\n<meta property=\"og:type\" content=\"article\" \/>\n<meta property=\"og:title\" content=\"Ladungsdissipation - ELCOWA\" \/>\n<meta property=\"og:description\" content=\"Es ist eine Methode zur Messung der elektrischen Leitf\u00e4higkeit, um die F\u00e4higkeit eines Materials, elektrische Ladungen zu leiten, messen zu k\u00f6nnen.\" \/>\n<meta property=\"og:url\" content=\"https:\/\/www.elcowa.com\/de\/antistatisch\/innovative-antistatik-loesungen\/messung-elektrostatischer-ladungen\/ladungsdissipation\/\" \/>\n<meta property=\"og:site_name\" content=\"ELCOWA\" \/>\n<meta property=\"article:modified_time\" content=\"2024-06-14T13:58:49+00:00\" \/>\n<meta name=\"twitter:card\" content=\"summary_large_image\" \/>\n<meta name=\"twitter:label1\" content=\"Gesch\u00e4tzte Lesezeit\" \/>\n\t<meta name=\"twitter:data1\" content=\"3\u00a0Minuten\" \/>\n<script type=\"application\/ld+json\" class=\"yoast-schema-graph\">{\"@context\":\"https:\/\/schema.org\",\"@graph\":[{\"@type\":\"WebPage\",\"@id\":\"https:\/\/www.elcowa.com\/de\/antistatisch\/innovative-antistatik-loesungen\/messung-elektrostatischer-ladungen\/ladungsdissipation\/\",\"url\":\"https:\/\/www.elcowa.com\/de\/antistatisch\/innovative-antistatik-loesungen\/messung-elektrostatischer-ladungen\/ladungsdissipation\/\",\"name\":\"Ladungsdissipation - ELCOWA\",\"isPartOf\":{\"@id\":\"https:\/\/www.elcowa.com\/de\/#website\"},\"datePublished\":\"2020-02-04T13:38:03+00:00\",\"dateModified\":\"2024-06-14T13:58:49+00:00\",\"description\":\"Es ist eine Methode zur Messung der elektrischen Leitf\u00e4higkeit, um die F\u00e4higkeit eines Materials, elektrische Ladungen zu leiten, messen zu k\u00f6nnen.\",\"breadcrumb\":{\"@id\":\"https:\/\/www.elcowa.com\/de\/antistatisch\/innovative-antistatik-loesungen\/messung-elektrostatischer-ladungen\/ladungsdissipation\/#breadcrumb\"},\"inLanguage\":\"de\",\"potentialAction\":[{\"@type\":\"ReadAction\",\"target\":[\"https:\/\/www.elcowa.com\/de\/antistatisch\/innovative-antistatik-loesungen\/messung-elektrostatischer-ladungen\/ladungsdissipation\/\"]}]},{\"@type\":\"BreadcrumbList\",\"@id\":\"https:\/\/www.elcowa.com\/de\/antistatisch\/innovative-antistatik-loesungen\/messung-elektrostatischer-ladungen\/ladungsdissipation\/#breadcrumb\",\"itemListElement\":[{\"@type\":\"ListItem\",\"position\":1,\"name\":\"Accueil\",\"item\":\"https:\/\/www.elcowa.com\/de\/home\/\"},{\"@type\":\"ListItem\",\"position\":2,\"name\":\"Antistatisch\",\"item\":\"https:\/\/www.elcowa.com\/de\/antistatisch\/\"},{\"@type\":\"ListItem\",\"position\":3,\"name\":\"Innovative antistatische L\u00f6sungen\",\"item\":\"https:\/\/www.elcowa.com\/de\/antistatisch\/innovative-antistatik-loesungen\/\"},{\"@type\":\"ListItem\",\"position\":4,\"name\":\"Messung elektrostatischer Ladungen\",\"item\":\"https:\/\/www.elcowa.com\/de\/antistatisch\/innovative-antistatik-loesungen\/messung-elektrostatischer-ladungen\/\"},{\"@type\":\"ListItem\",\"position\":5,\"name\":\"Ladungsdissipation\"}]},{\"@type\":\"WebSite\",\"@id\":\"https:\/\/www.elcowa.com\/de\/#website\",\"url\":\"https:\/\/www.elcowa.com\/de\/\",\"name\":\"ELCOWA\",\"description\":\"Mat\u00e9riels antistatiques &amp; contr\u00f4le de produits\",\"potentialAction\":[{\"@type\":\"SearchAction\",\"target\":{\"@type\":\"EntryPoint\",\"urlTemplate\":\"https:\/\/www.elcowa.com\/de\/?s={search_term_string}\"},\"query-input\":{\"@type\":\"PropertyValueSpecification\",\"valueRequired\":true,\"valueName\":\"search_term_string\"}}],\"inLanguage\":\"de\"}]}<\/script>\n<!-- \/ Yoast SEO plugin. -->","yoast_head_json":{"title":"Ladungsdissipation - ELCOWA","description":"Es ist eine Methode zur Messung der elektrischen Leitf\u00e4higkeit, um die F\u00e4higkeit eines Materials, elektrische Ladungen zu leiten, messen zu k\u00f6nnen.","robots":{"index":"index","follow":"follow","max-snippet":"max-snippet:-1","max-image-preview":"max-image-preview:large","max-video-preview":"max-video-preview:-1"},"canonical":"https:\/\/www.elcowa.com\/de\/antistatisch\/innovative-antistatik-loesungen\/messung-elektrostatischer-ladungen\/ladungsdissipation\/","og_locale":"de_DE","og_type":"article","og_title":"Ladungsdissipation - ELCOWA","og_description":"Es ist eine Methode zur Messung der elektrischen Leitf\u00e4higkeit, um die F\u00e4higkeit eines Materials, elektrische Ladungen zu leiten, messen zu k\u00f6nnen.","og_url":"https:\/\/www.elcowa.com\/de\/antistatisch\/innovative-antistatik-loesungen\/messung-elektrostatischer-ladungen\/ladungsdissipation\/","og_site_name":"ELCOWA","article_modified_time":"2024-06-14T13:58:49+00:00","twitter_card":"summary_large_image","twitter_misc":{"Gesch\u00e4tzte Lesezeit":"3\u00a0Minuten"},"schema":{"@context":"https:\/\/schema.org","@graph":[{"@type":"WebPage","@id":"https:\/\/www.elcowa.com\/de\/antistatisch\/innovative-antistatik-loesungen\/messung-elektrostatischer-ladungen\/ladungsdissipation\/","url":"https:\/\/www.elcowa.com\/de\/antistatisch\/innovative-antistatik-loesungen\/messung-elektrostatischer-ladungen\/ladungsdissipation\/","name":"Ladungsdissipation - ELCOWA","isPartOf":{"@id":"https:\/\/www.elcowa.com\/de\/#website"},"datePublished":"2020-02-04T13:38:03+00:00","dateModified":"2024-06-14T13:58:49+00:00","description":"Es ist eine Methode zur Messung der elektrischen Leitf\u00e4higkeit, um die F\u00e4higkeit eines Materials, elektrische Ladungen zu leiten, messen zu k\u00f6nnen.","breadcrumb":{"@id":"https:\/\/www.elcowa.com\/de\/antistatisch\/innovative-antistatik-loesungen\/messung-elektrostatischer-ladungen\/ladungsdissipation\/#breadcrumb"},"inLanguage":"de","potentialAction":[{"@type":"ReadAction","target":["https:\/\/www.elcowa.com\/de\/antistatisch\/innovative-antistatik-loesungen\/messung-elektrostatischer-ladungen\/ladungsdissipation\/"]}]},{"@type":"BreadcrumbList","@id":"https:\/\/www.elcowa.com\/de\/antistatisch\/innovative-antistatik-loesungen\/messung-elektrostatischer-ladungen\/ladungsdissipation\/#breadcrumb","itemListElement":[{"@type":"ListItem","position":1,"name":"Accueil","item":"https:\/\/www.elcowa.com\/de\/home\/"},{"@type":"ListItem","position":2,"name":"Antistatisch","item":"https:\/\/www.elcowa.com\/de\/antistatisch\/"},{"@type":"ListItem","position":3,"name":"Innovative antistatische L\u00f6sungen","item":"https:\/\/www.elcowa.com\/de\/antistatisch\/innovative-antistatik-loesungen\/"},{"@type":"ListItem","position":4,"name":"Messung elektrostatischer Ladungen","item":"https:\/\/www.elcowa.com\/de\/antistatisch\/innovative-antistatik-loesungen\/messung-elektrostatischer-ladungen\/"},{"@type":"ListItem","position":5,"name":"Ladungsdissipation"}]},{"@type":"WebSite","@id":"https:\/\/www.elcowa.com\/de\/#website","url":"https:\/\/www.elcowa.com\/de\/","name":"ELCOWA","description":"Mat\u00e9riels antistatiques &amp; contr\u00f4le de produits","potentialAction":[{"@type":"SearchAction","target":{"@type":"EntryPoint","urlTemplate":"https:\/\/www.elcowa.com\/de\/?s={search_term_string}"},"query-input":{"@type":"PropertyValueSpecification","valueRequired":true,"valueName":"search_term_string"}}],"inLanguage":"de"}]}},"_links":{"self":[{"href":"https:\/\/www.elcowa.com\/de\/wp-json\/wp\/v2\/pages\/5856","targetHints":{"allow":["GET"]}}],"collection":[{"href":"https:\/\/www.elcowa.com\/de\/wp-json\/wp\/v2\/pages"}],"about":[{"href":"https:\/\/www.elcowa.com\/de\/wp-json\/wp\/v2\/types\/page"}],"author":[{"embeddable":true,"href":"https:\/\/www.elcowa.com\/de\/wp-json\/wp\/v2\/users\/4"}],"replies":[{"embeddable":true,"href":"https:\/\/www.elcowa.com\/de\/wp-json\/wp\/v2\/comments?post=5856"}],"version-history":[{"count":0,"href":"https:\/\/www.elcowa.com\/de\/wp-json\/wp\/v2\/pages\/5856\/revisions"}],"up":[{"embeddable":true,"href":"https:\/\/www.elcowa.com\/de\/wp-json\/wp\/v2\/pages\/5841"}],"wp:attachment":[{"href":"https:\/\/www.elcowa.com\/de\/wp-json\/wp\/v2\/media?parent=5856"}],"curies":[{"name":"wp","href":"https:\/\/api.w.org\/{rel}","templated":true}]}}