{"id":5581,"date":"2019-10-10T14:58:45","date_gmt":"2019-10-10T12:58:45","guid":{"rendered":"https:\/\/www.elcowa.com\/service-pqc\/recherche-de-corps-etrangers\/non-detectables\/"},"modified":"2020-02-26T14:16:41","modified_gmt":"2020-02-26T13:16:41","slug":"nicht-detektierbar","status":"publish","type":"page","link":"https:\/\/www.elcowa.com\/de\/produktkontrolle\/suche-fremdkorpen\/nicht-detektierbar\/","title":{"rendered":"Nicht detektierbar"},"content":{"rendered":"<div class=\"flex_column av_one_full  av-animated-generic bottom-to-top  flex_column_div av-zero-column-padding first  avia-builder-el-0  el_before_av_one_full  avia-builder-el-first  \" style='margin-top:0px; margin-bottom:0px; border-radius:0px; '><p><div style='padding-bottom:0px; ' class='av-special-heading av-special-heading-h2  blockquote modern-quote  avia-builder-el-1  el_before_av_hr  avia-builder-el-first  '><h2 class='av-special-heading-tag '  itemprop=\"headline\"  >PQC-Dienst &#8211; NICHT DETEKTIERBARE FRENDKORPER<\/h2><div class ='av-subheading av-subheading_below  ' style='font-size:15px;'><p>Bei Lebensmitteln, pharmazeutischen und kosmetischen Produkten<\/p>\n<\/div><div class='special-heading-border'><div class='special-heading-inner-border' ><\/div><\/div><\/div><br \/>\n<div style=' margin-top:10px; margin-bottom:10px;'  class='hr hr-custom hr-left hr-icon-no   avia-builder-el-2  el_after_av_heading  avia-builder-el-last '><span class='hr-inner   inner-border-av-border-fat' style=' width:50px; border-color:#00aeff;' ><span class='hr-inner-style'><\/span><\/span><\/div><\/p><\/div>\n<div class=\"flex_column av_one_full  av-animated-generic bottom-to-top  flex_column_div av-zero-column-padding first  avia-builder-el-3  el_after_av_one_full  el_before_av_one_full  column-top-margin\" style='margin-top:0px; margin-bottom:0px; border-radius:0px; '><p><section class=\"av_textblock_section \"  itemscope=\"itemscope\" itemtype=\"https:\/\/schema.org\/CreativeWork\" ><div class='avia_textblock  '   itemprop=\"text\" ><p>Jede Technologie hat ihre Grenzen. Ob es sich um R\u00f6ntgenpr\u00fcfsysteme, Magnetfelddetektoren oder farbmetrische Sortiermaschinen handelt, sie sind manchmal nicht in der Lage, bestimmte Fremdk\u00f6rper zu erkennen, die in der Industrie angetroffen werden.<\/p>\n<p><img loading=\"lazy\" decoding=\"async\" class=\"alignnone size-medium wp-image-2089 alignright\" src=\"https:\/\/www.elcowa.com\/wp-content\/uploads\/2019\/10\/corps_etrangers_non_detectables-300x200.jpg\" alt=\"\" width=\"300\" height=\"200\" \/><\/p>\n<p>Im Folgenden finden Sie eine repr\u00e4sentative Liste von Fremdk\u00f6rpern, die aufgrund ihrer geringen Dichte und geringen Gr\u00f6\u00dfe nicht erkennbar sind:<\/p>\n<p>Haare, Fasern, Holz, Insekten, Obstkerne, Handschuh- und Blusenfragmente, Papier, Plastikfolie, Film\/Aluminium-Komplex, Schlacke*, Knorpel.<\/p>\n<p>* Bitte konsultieren Sie uns<\/p>\n<p>ELCOWA, 25 Jahre Erfahrung in der Suche nach Fremdk\u00f6rpern oder Defekten, verf\u00fcgt in Mulhouse \u00fcber eine vollwertige Leitstelle, die Ihnen bei der schnellen Bew\u00e4ltigung solcher Krisen hilft. Als f\u00fchrendes europ\u00e4isches Unternehmen in diesem Bereich z\u00f6gern Sie nicht, uns f\u00fcr Informationen, Ratschl\u00e4ge, kostenlose Tests, Sch\u00e4tzungen oder Kontrollen zu kontaktieren.<\/p>\n<\/div><\/section><br \/>\n<\/p><\/div><div class=\"flex_column av_one_full  av-animated-generic bottom-to-top  flex_column_div av-zero-column-padding first  avia-builder-el-6  el_after_av_one_full  el_before_av_image  column-top-margin\" style='margin-top:0px; margin-bottom:0px; border-radius:0px; '><p><div style='padding-bottom:0px; ' class='av-special-heading av-special-heading-h3  blockquote modern-quote  avia-builder-el-7  el_before_av_hr  avia-builder-el-first  '><h3 class='av-special-heading-tag '  itemprop=\"headline\"  >Bevorzugen Sie Prozeduren, machen Sie Ihre Lieferanten auf dieses Risiko aufmerksam!<\/h3><div class='special-heading-border'><div class='special-heading-inner-border' ><\/div><\/div><\/div><br \/>\n<div style=' margin-top:10px; margin-bottom:10px;'  class='hr hr-custom hr-left hr-icon-no   avia-builder-el-8  el_after_av_heading  avia-builder-el-last '><span class='hr-inner   inner-border-av-border-fat' style=' width:50px; border-color:#00aeff;' ><span class='hr-inner-style'><\/span><\/span><\/div><\/p><\/div><\/p>\n\n","protected":false},"excerpt":{"rendered":"","protected":false},"author":4,"featured_media":0,"parent":5548,"menu_order":0,"comment_status":"closed","ping_status":"closed","template":"","meta":{"_acf_changed":false,"footnotes":""},"class_list":["post-5581","page","type-page","status-publish","hentry"],"acf":[],"yoast_head":"<!-- This site is optimized with the Yoast SEO plugin v26.9 - https:\/\/yoast.com\/product\/yoast-seo-wordpress\/ -->\n<title>Nicht detektierbar - ELCOWA<\/title>\n<meta name=\"robots\" content=\"index, follow, max-snippet:-1, max-image-preview:large, max-video-preview:-1\" \/>\n<link rel=\"canonical\" href=\"https:\/\/www.elcowa.com\/de\/produktkontrolle\/suche-fremdkorpen\/nicht-detektierbar\/\" \/>\n<meta property=\"og:locale\" content=\"de_DE\" \/>\n<meta property=\"og:type\" content=\"article\" \/>\n<meta property=\"og:title\" content=\"Nicht detektierbar - ELCOWA\" \/>\n<meta property=\"og:url\" content=\"https:\/\/www.elcowa.com\/de\/produktkontrolle\/suche-fremdkorpen\/nicht-detektierbar\/\" \/>\n<meta property=\"og:site_name\" content=\"ELCOWA\" \/>\n<meta property=\"article:modified_time\" content=\"2020-02-26T13:16:41+00:00\" \/>\n<meta property=\"og:image\" content=\"https:\/\/www.elcowa.com\/wp-content\/uploads\/2019\/10\/corps_etrangers_non_detectables-300x200.jpg\" \/>\n<meta name=\"twitter:card\" content=\"summary_large_image\" \/>\n<meta name=\"twitter:label1\" content=\"Gesch\u00e4tzte Lesezeit\" \/>\n\t<meta name=\"twitter:data1\" content=\"4\u00a0Minuten\" \/>\n<script type=\"application\/ld+json\" class=\"yoast-schema-graph\">{\"@context\":\"https:\/\/schema.org\",\"@graph\":[{\"@type\":\"WebPage\",\"@id\":\"https:\/\/www.elcowa.com\/de\/produktkontrolle\/suche-fremdkorpen\/nicht-detektierbar\/\",\"url\":\"https:\/\/www.elcowa.com\/de\/produktkontrolle\/suche-fremdkorpen\/nicht-detektierbar\/\",\"name\":\"Nicht detektierbar - ELCOWA\",\"isPartOf\":{\"@id\":\"https:\/\/www.elcowa.com\/de\/#website\"},\"primaryImageOfPage\":{\"@id\":\"https:\/\/www.elcowa.com\/de\/produktkontrolle\/suche-fremdkorpen\/nicht-detektierbar\/#primaryimage\"},\"image\":{\"@id\":\"https:\/\/www.elcowa.com\/de\/produktkontrolle\/suche-fremdkorpen\/nicht-detektierbar\/#primaryimage\"},\"thumbnailUrl\":\"https:\/\/www.elcowa.com\/wp-content\/uploads\/2019\/10\/corps_etrangers_non_detectables-300x200.jpg\",\"datePublished\":\"2019-10-10T12:58:45+00:00\",\"dateModified\":\"2020-02-26T13:16:41+00:00\",\"breadcrumb\":{\"@id\":\"https:\/\/www.elcowa.com\/de\/produktkontrolle\/suche-fremdkorpen\/nicht-detektierbar\/#breadcrumb\"},\"inLanguage\":\"de\",\"potentialAction\":[{\"@type\":\"ReadAction\",\"target\":[\"https:\/\/www.elcowa.com\/de\/produktkontrolle\/suche-fremdkorpen\/nicht-detektierbar\/\"]}]},{\"@type\":\"ImageObject\",\"inLanguage\":\"de\",\"@id\":\"https:\/\/www.elcowa.com\/de\/produktkontrolle\/suche-fremdkorpen\/nicht-detektierbar\/#primaryimage\",\"url\":\"https:\/\/www.elcowa.com\/wp-content\/uploads\/2019\/10\/corps_etrangers_non_detectables-300x200.jpg\",\"contentUrl\":\"https:\/\/www.elcowa.com\/wp-content\/uploads\/2019\/10\/corps_etrangers_non_detectables-300x200.jpg\"},{\"@type\":\"BreadcrumbList\",\"@id\":\"https:\/\/www.elcowa.com\/de\/produktkontrolle\/suche-fremdkorpen\/nicht-detektierbar\/#breadcrumb\",\"itemListElement\":[{\"@type\":\"ListItem\",\"position\":1,\"name\":\"Accueil\",\"item\":\"https:\/\/www.elcowa.com\/de\/home\/\"},{\"@type\":\"ListItem\",\"position\":2,\"name\":\"Produktkontrolle (PQC-Dienst)\",\"item\":\"https:\/\/www.elcowa.com\/de\/produktkontrolle\/\"},{\"@type\":\"ListItem\",\"position\":3,\"name\":\"Suche nach Fremdk\u00f6rpern\",\"item\":\"https:\/\/www.elcowa.com\/de\/produktkontrolle\/suche-fremdkorpen\/\"},{\"@type\":\"ListItem\",\"position\":4,\"name\":\"Nicht detektierbar\"}]},{\"@type\":\"WebSite\",\"@id\":\"https:\/\/www.elcowa.com\/de\/#website\",\"url\":\"https:\/\/www.elcowa.com\/de\/\",\"name\":\"ELCOWA\",\"description\":\"Mat\u00e9riels antistatiques &amp; contr\u00f4le de produits\",\"potentialAction\":[{\"@type\":\"SearchAction\",\"target\":{\"@type\":\"EntryPoint\",\"urlTemplate\":\"https:\/\/www.elcowa.com\/de\/?s={search_term_string}\"},\"query-input\":{\"@type\":\"PropertyValueSpecification\",\"valueRequired\":true,\"valueName\":\"search_term_string\"}}],\"inLanguage\":\"de\"}]}<\/script>\n<!-- \/ Yoast SEO plugin. -->","yoast_head_json":{"title":"Nicht detektierbar - ELCOWA","robots":{"index":"index","follow":"follow","max-snippet":"max-snippet:-1","max-image-preview":"max-image-preview:large","max-video-preview":"max-video-preview:-1"},"canonical":"https:\/\/www.elcowa.com\/de\/produktkontrolle\/suche-fremdkorpen\/nicht-detektierbar\/","og_locale":"de_DE","og_type":"article","og_title":"Nicht detektierbar - ELCOWA","og_url":"https:\/\/www.elcowa.com\/de\/produktkontrolle\/suche-fremdkorpen\/nicht-detektierbar\/","og_site_name":"ELCOWA","article_modified_time":"2020-02-26T13:16:41+00:00","og_image":[{"url":"https:\/\/www.elcowa.com\/wp-content\/uploads\/2019\/10\/corps_etrangers_non_detectables-300x200.jpg","type":"","width":"","height":""}],"twitter_card":"summary_large_image","twitter_misc":{"Gesch\u00e4tzte Lesezeit":"4\u00a0Minuten"},"schema":{"@context":"https:\/\/schema.org","@graph":[{"@type":"WebPage","@id":"https:\/\/www.elcowa.com\/de\/produktkontrolle\/suche-fremdkorpen\/nicht-detektierbar\/","url":"https:\/\/www.elcowa.com\/de\/produktkontrolle\/suche-fremdkorpen\/nicht-detektierbar\/","name":"Nicht detektierbar - ELCOWA","isPartOf":{"@id":"https:\/\/www.elcowa.com\/de\/#website"},"primaryImageOfPage":{"@id":"https:\/\/www.elcowa.com\/de\/produktkontrolle\/suche-fremdkorpen\/nicht-detektierbar\/#primaryimage"},"image":{"@id":"https:\/\/www.elcowa.com\/de\/produktkontrolle\/suche-fremdkorpen\/nicht-detektierbar\/#primaryimage"},"thumbnailUrl":"https:\/\/www.elcowa.com\/wp-content\/uploads\/2019\/10\/corps_etrangers_non_detectables-300x200.jpg","datePublished":"2019-10-10T12:58:45+00:00","dateModified":"2020-02-26T13:16:41+00:00","breadcrumb":{"@id":"https:\/\/www.elcowa.com\/de\/produktkontrolle\/suche-fremdkorpen\/nicht-detektierbar\/#breadcrumb"},"inLanguage":"de","potentialAction":[{"@type":"ReadAction","target":["https:\/\/www.elcowa.com\/de\/produktkontrolle\/suche-fremdkorpen\/nicht-detektierbar\/"]}]},{"@type":"ImageObject","inLanguage":"de","@id":"https:\/\/www.elcowa.com\/de\/produktkontrolle\/suche-fremdkorpen\/nicht-detektierbar\/#primaryimage","url":"https:\/\/www.elcowa.com\/wp-content\/uploads\/2019\/10\/corps_etrangers_non_detectables-300x200.jpg","contentUrl":"https:\/\/www.elcowa.com\/wp-content\/uploads\/2019\/10\/corps_etrangers_non_detectables-300x200.jpg"},{"@type":"BreadcrumbList","@id":"https:\/\/www.elcowa.com\/de\/produktkontrolle\/suche-fremdkorpen\/nicht-detektierbar\/#breadcrumb","itemListElement":[{"@type":"ListItem","position":1,"name":"Accueil","item":"https:\/\/www.elcowa.com\/de\/home\/"},{"@type":"ListItem","position":2,"name":"Produktkontrolle (PQC-Dienst)","item":"https:\/\/www.elcowa.com\/de\/produktkontrolle\/"},{"@type":"ListItem","position":3,"name":"Suche nach Fremdk\u00f6rpern","item":"https:\/\/www.elcowa.com\/de\/produktkontrolle\/suche-fremdkorpen\/"},{"@type":"ListItem","position":4,"name":"Nicht detektierbar"}]},{"@type":"WebSite","@id":"https:\/\/www.elcowa.com\/de\/#website","url":"https:\/\/www.elcowa.com\/de\/","name":"ELCOWA","description":"Mat\u00e9riels antistatiques &amp; contr\u00f4le de produits","potentialAction":[{"@type":"SearchAction","target":{"@type":"EntryPoint","urlTemplate":"https:\/\/www.elcowa.com\/de\/?s={search_term_string}"},"query-input":{"@type":"PropertyValueSpecification","valueRequired":true,"valueName":"search_term_string"}}],"inLanguage":"de"}]}},"_links":{"self":[{"href":"https:\/\/www.elcowa.com\/de\/wp-json\/wp\/v2\/pages\/5581","targetHints":{"allow":["GET"]}}],"collection":[{"href":"https:\/\/www.elcowa.com\/de\/wp-json\/wp\/v2\/pages"}],"about":[{"href":"https:\/\/www.elcowa.com\/de\/wp-json\/wp\/v2\/types\/page"}],"author":[{"embeddable":true,"href":"https:\/\/www.elcowa.com\/de\/wp-json\/wp\/v2\/users\/4"}],"replies":[{"embeddable":true,"href":"https:\/\/www.elcowa.com\/de\/wp-json\/wp\/v2\/comments?post=5581"}],"version-history":[{"count":0,"href":"https:\/\/www.elcowa.com\/de\/wp-json\/wp\/v2\/pages\/5581\/revisions"}],"up":[{"embeddable":true,"href":"https:\/\/www.elcowa.com\/de\/wp-json\/wp\/v2\/pages\/5548"}],"wp:attachment":[{"href":"https:\/\/www.elcowa.com\/de\/wp-json\/wp\/v2\/media?parent=5581"}],"curies":[{"name":"wp","href":"https:\/\/api.w.org\/{rel}","templated":true}]}}