{"id":5548,"date":"2019-10-10T11:50:36","date_gmt":"2019-10-10T09:50:36","guid":{"rendered":"https:\/\/www.elcowa.com\/service-pqc\/recherche-de-corps-etrangers\/"},"modified":"2024-05-29T15:51:45","modified_gmt":"2024-05-29T13:51:45","slug":"suche-fremdkorpen","status":"publish","type":"page","link":"https:\/\/www.elcowa.com\/de\/produktkontrolle\/suche-fremdkorpen\/","title":{"rendered":"Suche nach Fremdk\u00f6rpern"},"content":{"rendered":"<div class=\"flex_column av_one_full  av-animated-generic bottom-to-top  flex_column_div av-zero-column-padding first  avia-builder-el-0  el_before_av_one_full  avia-builder-el-first  \" style='margin-top:0px; margin-bottom:0px; border-radius:0px; '><p><div style='padding-bottom:0px; ' class='av-special-heading av-special-heading-h2  blockquote modern-quote  avia-builder-el-1  el_before_av_hr  avia-builder-el-first  '><h2 class='av-special-heading-tag '  itemprop=\"headline\"  >PQC-Dienst &#8211; FREMDK\u00d6RPERE<\/h2><div class ='av-subheading av-subheading_below  ' style='font-size:15px;'><p>Bei Lebensmitteln, pharmazeutischen und kosmetischen Produkten<\/p>\n<\/div><div class='special-heading-border'><div class='special-heading-inner-border' ><\/div><\/div><\/div><br \/>\n<div style=' margin-top:10px; margin-bottom:10px;'  class='hr hr-custom hr-left hr-icon-no   avia-builder-el-2  el_after_av_heading  avia-builder-el-last '><span class='hr-inner   inner-border-av-border-fat' style=' width:50px; border-color:#00aeff;' ><span class='hr-inner-style'><\/span><\/span><\/div><\/p><\/div>\n<div class=\"flex_column av_one_full  av-animated-generic bottom-to-top  flex_column_div av-zero-column-padding first  avia-builder-el-3  el_after_av_one_full  el_before_av_one_full  column-top-margin\" style='margin-top:0px; margin-bottom:0px; border-radius:0px; '><p><section class=\"av_textblock_section \"  itemscope=\"itemscope\" itemtype=\"https:\/\/schema.org\/CreativeWork\" ><div class='avia_textblock  '   itemprop=\"text\" ><p>Sie sind sehr h\u00e4ufig in der Lebensmittelindustrie, aber auch in der Pharma-, Kosmetik- oder Spielzeugindustrie zu finden. Sie kommen von Natur aus in Rohstoffen vor, zuf\u00e4llig w\u00e4hrend des Herstellungsprozesses, bei Wartungsarbeiten und seltener bei Sabotage (soziale Bewegungen, freiwillige Verschmutzung oder mangelnde Wachsamkeit).<\/p>\n<p><img loading=\"lazy\" decoding=\"async\" class=\"alignnone size-medium wp-image-2018 alignright\" src=\"http:\/\/www.elcowa.com\/wp-content\/uploads\/2019\/10\/corps_etrangers-300x199.jpg\" alt=\"\" width=\"300\" height=\"199\" \/><\/p>\n<p>F\u00fcr den Industriellen ist seine Verantwortung sofort engagiert (Dekret vom 30. Juli 1999, NOR: AGRG9901649A), das Vorhandensein eines oder mehrerer Fremdk\u00f6rper in seinen Endprodukten kann im Falle eines R\u00fcckrufs katastrophal sein. Das erste Risiko, das zu ber\u00fccksichtigen ist, ist nat\u00fcrlich die Gesundheit der Verbraucher, aber die negativen Auswirkungen in Bezug auf das Markenimage, die mehr oder weniger schwere finanzielle Verluste f\u00fcr das betreffende Unternehmen mit sich bringen.<\/p>\n<p>1) Rohstoffe: wie z.B. Gem\u00fcse, Gew\u00fcrze, Samen oder andere Produkte von den Feldern, es ist nicht ungew\u00f6hnlich, Schrot, Flaschenscherben, Zigarettenstummel, N\u00e4gel, Steine, Knochen, Insekten, Holz, Plastik, etc. zu finden. Es gibt Techniken, um sie zu eliminieren, wie z.B. Entsteiner, herk\u00f6mmliche Metalldetektoren, aber die Verpackung, oft in Big Bags, Beh\u00e4ltern oder S\u00e4cken, erlaubt keine akzeptablen Erkennungsschwellen f\u00fcr den Verbraucher im Falle der Verschluckung oder des Kauens.<\/p>\n<p>2) Der Prozess: Jede Umwandlung des Produkts ist mit einem Risiko verbunden: Waschen, Schneiden, Zerkleinern, Sortieren, Sieben, Abf\u00fcllen, Dosieren, Verpacken, Verschlie\u00dfen, Verblistern, Versiegeln, Zerst\u00e4uben, Sterilisieren, Lagern, W\u00fcrfeln, Kochen, Tiefk\u00fchlen, usw..<\/p>\n<p>3) Alle Ver\u00e4nderungen: das Beste ist der Feind des Guten, Erh\u00f6hungen der Produktionsraten, Verbesserungen der Ausr\u00fcstung, Wechsel des Lieferanten f\u00fcr Rohstoffe, Beh\u00e4lter, Kapseln, f\u00fchren oft zu unvorhergesehenen Zwischenf\u00e4llen.<\/p>\n<p>ELCOWA, 25 Jahre Erfahrung in der Suche nach Fremdk\u00f6rpern oder Defekten, verf\u00fcgt in Mulhouse \u00fcber eine vollwertige Leitstelle, die Ihnen bei der schnellen Bew\u00e4ltigung solcher Krisen hilft. Als f\u00fchrendes europ\u00e4isches Unternehmen in diesem Bereich z\u00f6gern Sie nicht, uns f\u00fcr Informationen, Ratschl\u00e4ge, kostenlose Tests, Sch\u00e4tzungen oder Kontrollen zu kontaktieren.<\/p>\n<\/div><\/section><br \/>\n<\/p><\/div>\n<div class=\"flex_column av_one_full  av-animated-generic bottom-to-top  flex_column_div av-zero-column-padding first  avia-builder-el-6  el_after_av_one_full  el_before_av_one_fourth  column-top-margin\" style='margin-top:0px; margin-bottom:0px; border-radius:0px; '><p><div style='padding-bottom:0px; ' class='av-special-heading av-special-heading-h3  blockquote modern-quote  avia-builder-el-7  el_before_av_hr  avia-builder-el-first   '><h3 class='av-special-heading-tag '  itemprop=\"headline\"  >Die Suche nach Fremdk\u00f6rpern ist unsere Spezialit\u00e4t!<\/h3><div class='special-heading-border'><div class='special-heading-inner-border' ><\/div><\/div><\/div><br \/>\n<div style=' margin-top:10px; margin-bottom:10px;'  class='hr hr-custom hr-left hr-icon-no   avia-builder-el-8  el_after_av_heading  avia-builder-el-last '><span class='hr-inner   inner-border-av-border-fat' style=' width:50px; border-color:#00aeff;' ><span class='hr-inner-style'><\/span><\/span><\/div><\/p><\/div>\n<div class=\"flex_column av_one_fourth  flex_column_div av-zero-column-padding first  avia-builder-el-9  el_after_av_one_full  el_before_av_one_fourth  column-top-margin\" style='border-radius:0px; '><section class=\"av_textblock_section \"  itemscope=\"itemscope\" itemtype=\"https:\/\/schema.org\/CreativeWork\" ><div class='avia_textblock  '   itemprop=\"text\" ><p><a href=\"https:\/\/www.elcowa.com\/de\/produktkontrolle\/suche-fremdkorpen\/metalle\/\"><img loading=\"lazy\" decoding=\"async\" class=\"alignnone wp-image-2027 size-full\" src=\"http:\/\/www.elcowa.com\/wp-content\/uploads\/2019\/10\/vignette_metal.jpg\" alt=\"\" width=\"150\" height=\"100\" \/><\/a><\/p>\n<p>Metalle<\/p>\n<\/div><\/section><\/div><div class=\"flex_column av_one_fourth  flex_column_div av-zero-column-padding   avia-builder-el-11  el_after_av_one_fourth  el_before_av_one_fourth  column-top-margin\" style='border-radius:0px; '><section class=\"av_textblock_section \"  itemscope=\"itemscope\" itemtype=\"https:\/\/schema.org\/CreativeWork\" ><div class='avia_textblock  '   itemprop=\"text\" ><p><a href=\"https:\/\/www.elcowa.com\/de\/produktkontrolle\/suche-fremdkorpen\/glas\/\"><img loading=\"lazy\" decoding=\"async\" class=\"alignnone size-full wp-image-2035\" src=\"http:\/\/www.elcowa.com\/wp-content\/uploads\/2019\/10\/vignette_verre.jpg\" alt=\"\" width=\"150\" height=\"100\" \/><\/a><\/p>\n<p>Glas<\/p>\n<\/div><\/section><\/div><div class=\"flex_column av_one_fourth  flex_column_div av-zero-column-padding   avia-builder-el-13  el_after_av_one_fourth  el_before_av_one_fourth  column-top-margin\" style='border-radius:0px; '><section class=\"av_textblock_section \"  itemscope=\"itemscope\" itemtype=\"https:\/\/schema.org\/CreativeWork\" ><div class='avia_textblock  '   itemprop=\"text\" ><p><a href=\"https:\/\/www.elcowa.com\/de\/produktkontrolle\/suche-fremdkorpen\/kieselsteine\/\"><img loading=\"lazy\" decoding=\"async\" class=\"alignnone size-full wp-image-2039\" src=\"http:\/\/www.elcowa.com\/wp-content\/uploads\/2019\/10\/vignette_cailloux_pierre.jpg\" alt=\"\" width=\"150\" height=\"100\" \/><\/a><\/p>\n<p>Kieselsteine \/ Steine<\/p>\n<\/div><\/section><\/div><div class=\"flex_column av_one_fourth  flex_column_div av-zero-column-padding   avia-builder-el-15  el_after_av_one_fourth  el_before_av_one_fourth  column-top-margin\" style='border-radius:0px; '><section class=\"av_textblock_section \"  itemscope=\"itemscope\" itemtype=\"https:\/\/schema.org\/CreativeWork\" ><div class='avia_textblock  '   itemprop=\"text\" ><p><a href=\"https:\/\/www.elcowa.com\/de\/produktkontrolle\/suche-fremdkorpen\/backstein-keramik\/\"><img loading=\"lazy\" decoding=\"async\" class=\"alignnone size-full wp-image-2043\" src=\"http:\/\/www.elcowa.com\/wp-content\/uploads\/2019\/10\/vignette_brique_faience.jpg\" alt=\"\" width=\"150\" height=\"100\" \/><\/a><\/p>\n<p>Ziegel \/ Steingut<\/p>\n<\/div><\/section><\/div><div class=\"flex_column av_one_fourth  flex_column_div av-zero-column-padding first  avia-builder-el-17  el_after_av_one_fourth  el_before_av_one_fourth  column-top-margin\" style='border-radius:0px; '><section class=\"av_textblock_section \"  itemscope=\"itemscope\" itemtype=\"https:\/\/schema.org\/CreativeWork\" ><div class='avia_textblock  '   itemprop=\"text\" ><p><a href=\"https:\/\/www.elcowa.com\/de\/produktkontrolle\/suche-fremdkorpen\/knochen-fischgraeten\/\"><img loading=\"lazy\" decoding=\"async\" class=\"alignnone size-full wp-image-2049\" src=\"http:\/\/www.elcowa.com\/wp-content\/uploads\/2019\/10\/vignette_os.jpg\" alt=\"\" width=\"150\" height=\"100\" \/><\/a><\/p>\n<p>Verkalkte Knochen<\/p>\n<\/div><\/section><\/div><div class=\"flex_column av_one_fourth  flex_column_div av-zero-column-padding   avia-builder-el-19  el_after_av_one_fourth  el_before_av_one_fourth  column-top-margin\" style='border-radius:0px; '><section class=\"av_textblock_section \"  itemscope=\"itemscope\" itemtype=\"https:\/\/schema.org\/CreativeWork\" ><div class='avia_textblock  '   itemprop=\"text\" ><p><a href=\"https:\/\/www.elcowa.com\/de\/produktkontrolle\/suche-fremdkorpen\/knochen-fischgraeten\/\"><img loading=\"lazy\" decoding=\"async\" class=\"alignnone size-full wp-image-2052\" src=\"http:\/\/www.elcowa.com\/wp-content\/uploads\/2019\/10\/vignette_aretes.jpg\" alt=\"\" width=\"150\" height=\"100\" \/><\/a><\/p>\n<p>Fischgr\u00e4ten<\/p>\n<\/div><\/section><\/div><div class=\"flex_column av_one_fourth  flex_column_div av-zero-column-padding   avia-builder-el-21  el_after_av_one_fourth  el_before_av_one_fourth  column-top-margin\" style='border-radius:0px; '><section class=\"av_textblock_section \"  itemscope=\"itemscope\" itemtype=\"https:\/\/schema.org\/CreativeWork\" ><div class='avia_textblock  '   itemprop=\"text\" ><p><a href=\"https:\/\/www.elcowa.com\/de\/produktkontrolle\/suche-fremdkorpen\/kunststoff\/\"><img loading=\"lazy\" decoding=\"async\" class=\"alignnone size-full wp-image-2055\" src=\"http:\/\/www.elcowa.com\/wp-content\/uploads\/2019\/10\/vignette_plastique.jpg\" alt=\"\" width=\"150\" height=\"100\" \/><\/a><\/p>\n<p>Kunststoff<\/p>\n<\/div><\/section><\/div><div class=\"flex_column av_one_fourth  flex_column_div av-zero-column-padding   avia-builder-el-23  el_after_av_one_fourth  el_before_av_image  column-top-margin\" style='border-radius:0px; '><section class=\"av_textblock_section \"  itemscope=\"itemscope\" itemtype=\"https:\/\/schema.org\/CreativeWork\" ><div class='avia_textblock  '   itemprop=\"text\" ><p><a href=\"https:\/\/www.elcowa.com\/de\/produktkontrolle\/suche-fremdkorpen\/nicht-detektierbar\/\"><img loading=\"lazy\" decoding=\"async\" class=\"alignnone size-full wp-image-2058\" src=\"http:\/\/www.elcowa.com\/wp-content\/uploads\/2019\/10\/vignette_non_detectables.jpg\" alt=\"\" width=\"150\" height=\"100\" \/><\/a><\/p>\n<p>Nicht detektierbar<\/p>\n<\/div><\/section><\/div><\/p>\n","protected":false},"excerpt":{"rendered":"","protected":false},"author":4,"featured_media":0,"parent":5546,"menu_order":1,"comment_status":"closed","ping_status":"closed","template":"","meta":{"_acf_changed":false,"footnotes":""},"class_list":["post-5548","page","type-page","status-publish","hentry"],"acf":[],"yoast_head":"<!-- This site is optimized with the Yoast SEO plugin v26.9 - https:\/\/yoast.com\/product\/yoast-seo-wordpress\/ -->\n<title>Suche nach Fremdk\u00f6rpern - ELCOWA<\/title>\n<meta name=\"robots\" content=\"index, follow, max-snippet:-1, max-image-preview:large, max-video-preview:-1\" \/>\n<link rel=\"canonical\" href=\"https:\/\/www.elcowa.com\/de\/produktkontrolle\/suche-fremdkorpen\/\" \/>\n<meta property=\"og:locale\" content=\"de_DE\" \/>\n<meta property=\"og:type\" content=\"article\" \/>\n<meta property=\"og:title\" content=\"Suche nach Fremdk\u00f6rpern - ELCOWA\" \/>\n<meta property=\"og:url\" content=\"https:\/\/www.elcowa.com\/de\/produktkontrolle\/suche-fremdkorpen\/\" \/>\n<meta property=\"og:site_name\" content=\"ELCOWA\" \/>\n<meta property=\"article:modified_time\" content=\"2024-05-29T13:51:45+00:00\" \/>\n<meta property=\"og:image\" content=\"http:\/\/www.elcowa.com\/wp-content\/uploads\/2019\/10\/corps_etrangers-300x199.jpg\" \/>\n<meta name=\"twitter:card\" content=\"summary_large_image\" \/>\n<meta name=\"twitter:label1\" content=\"Gesch\u00e4tzte Lesezeit\" \/>\n\t<meta name=\"twitter:data1\" content=\"7\u00a0Minuten\" \/>\n<script type=\"application\/ld+json\" class=\"yoast-schema-graph\">{\"@context\":\"https:\/\/schema.org\",\"@graph\":[{\"@type\":\"WebPage\",\"@id\":\"https:\/\/www.elcowa.com\/de\/produktkontrolle\/suche-fremdkorpen\/\",\"url\":\"https:\/\/www.elcowa.com\/de\/produktkontrolle\/suche-fremdkorpen\/\",\"name\":\"Suche nach Fremdk\u00f6rpern - ELCOWA\",\"isPartOf\":{\"@id\":\"https:\/\/www.elcowa.com\/de\/#website\"},\"primaryImageOfPage\":{\"@id\":\"https:\/\/www.elcowa.com\/de\/produktkontrolle\/suche-fremdkorpen\/#primaryimage\"},\"image\":{\"@id\":\"https:\/\/www.elcowa.com\/de\/produktkontrolle\/suche-fremdkorpen\/#primaryimage\"},\"thumbnailUrl\":\"http:\/\/www.elcowa.com\/wp-content\/uploads\/2019\/10\/corps_etrangers-300x199.jpg\",\"datePublished\":\"2019-10-10T09:50:36+00:00\",\"dateModified\":\"2024-05-29T13:51:45+00:00\",\"breadcrumb\":{\"@id\":\"https:\/\/www.elcowa.com\/de\/produktkontrolle\/suche-fremdkorpen\/#breadcrumb\"},\"inLanguage\":\"de\",\"potentialAction\":[{\"@type\":\"ReadAction\",\"target\":[\"https:\/\/www.elcowa.com\/de\/produktkontrolle\/suche-fremdkorpen\/\"]}]},{\"@type\":\"ImageObject\",\"inLanguage\":\"de\",\"@id\":\"https:\/\/www.elcowa.com\/de\/produktkontrolle\/suche-fremdkorpen\/#primaryimage\",\"url\":\"http:\/\/www.elcowa.com\/wp-content\/uploads\/2019\/10\/corps_etrangers-300x199.jpg\",\"contentUrl\":\"http:\/\/www.elcowa.com\/wp-content\/uploads\/2019\/10\/corps_etrangers-300x199.jpg\"},{\"@type\":\"BreadcrumbList\",\"@id\":\"https:\/\/www.elcowa.com\/de\/produktkontrolle\/suche-fremdkorpen\/#breadcrumb\",\"itemListElement\":[{\"@type\":\"ListItem\",\"position\":1,\"name\":\"Accueil\",\"item\":\"https:\/\/www.elcowa.com\/de\/home\/\"},{\"@type\":\"ListItem\",\"position\":2,\"name\":\"Produktkontrolle (PQC-Dienst)\",\"item\":\"https:\/\/www.elcowa.com\/de\/produktkontrolle\/\"},{\"@type\":\"ListItem\",\"position\":3,\"name\":\"Suche nach Fremdk\u00f6rpern\"}]},{\"@type\":\"WebSite\",\"@id\":\"https:\/\/www.elcowa.com\/de\/#website\",\"url\":\"https:\/\/www.elcowa.com\/de\/\",\"name\":\"ELCOWA\",\"description\":\"Mat\u00e9riels antistatiques &amp; contr\u00f4le de produits\",\"potentialAction\":[{\"@type\":\"SearchAction\",\"target\":{\"@type\":\"EntryPoint\",\"urlTemplate\":\"https:\/\/www.elcowa.com\/de\/?s={search_term_string}\"},\"query-input\":{\"@type\":\"PropertyValueSpecification\",\"valueRequired\":true,\"valueName\":\"search_term_string\"}}],\"inLanguage\":\"de\"}]}<\/script>\n<!-- \/ Yoast SEO plugin. -->","yoast_head_json":{"title":"Suche nach Fremdk\u00f6rpern - ELCOWA","robots":{"index":"index","follow":"follow","max-snippet":"max-snippet:-1","max-image-preview":"max-image-preview:large","max-video-preview":"max-video-preview:-1"},"canonical":"https:\/\/www.elcowa.com\/de\/produktkontrolle\/suche-fremdkorpen\/","og_locale":"de_DE","og_type":"article","og_title":"Suche nach Fremdk\u00f6rpern - ELCOWA","og_url":"https:\/\/www.elcowa.com\/de\/produktkontrolle\/suche-fremdkorpen\/","og_site_name":"ELCOWA","article_modified_time":"2024-05-29T13:51:45+00:00","og_image":[{"url":"http:\/\/www.elcowa.com\/wp-content\/uploads\/2019\/10\/corps_etrangers-300x199.jpg","type":"","width":"","height":""}],"twitter_card":"summary_large_image","twitter_misc":{"Gesch\u00e4tzte Lesezeit":"7\u00a0Minuten"},"schema":{"@context":"https:\/\/schema.org","@graph":[{"@type":"WebPage","@id":"https:\/\/www.elcowa.com\/de\/produktkontrolle\/suche-fremdkorpen\/","url":"https:\/\/www.elcowa.com\/de\/produktkontrolle\/suche-fremdkorpen\/","name":"Suche nach Fremdk\u00f6rpern - ELCOWA","isPartOf":{"@id":"https:\/\/www.elcowa.com\/de\/#website"},"primaryImageOfPage":{"@id":"https:\/\/www.elcowa.com\/de\/produktkontrolle\/suche-fremdkorpen\/#primaryimage"},"image":{"@id":"https:\/\/www.elcowa.com\/de\/produktkontrolle\/suche-fremdkorpen\/#primaryimage"},"thumbnailUrl":"http:\/\/www.elcowa.com\/wp-content\/uploads\/2019\/10\/corps_etrangers-300x199.jpg","datePublished":"2019-10-10T09:50:36+00:00","dateModified":"2024-05-29T13:51:45+00:00","breadcrumb":{"@id":"https:\/\/www.elcowa.com\/de\/produktkontrolle\/suche-fremdkorpen\/#breadcrumb"},"inLanguage":"de","potentialAction":[{"@type":"ReadAction","target":["https:\/\/www.elcowa.com\/de\/produktkontrolle\/suche-fremdkorpen\/"]}]},{"@type":"ImageObject","inLanguage":"de","@id":"https:\/\/www.elcowa.com\/de\/produktkontrolle\/suche-fremdkorpen\/#primaryimage","url":"http:\/\/www.elcowa.com\/wp-content\/uploads\/2019\/10\/corps_etrangers-300x199.jpg","contentUrl":"http:\/\/www.elcowa.com\/wp-content\/uploads\/2019\/10\/corps_etrangers-300x199.jpg"},{"@type":"BreadcrumbList","@id":"https:\/\/www.elcowa.com\/de\/produktkontrolle\/suche-fremdkorpen\/#breadcrumb","itemListElement":[{"@type":"ListItem","position":1,"name":"Accueil","item":"https:\/\/www.elcowa.com\/de\/home\/"},{"@type":"ListItem","position":2,"name":"Produktkontrolle (PQC-Dienst)","item":"https:\/\/www.elcowa.com\/de\/produktkontrolle\/"},{"@type":"ListItem","position":3,"name":"Suche nach Fremdk\u00f6rpern"}]},{"@type":"WebSite","@id":"https:\/\/www.elcowa.com\/de\/#website","url":"https:\/\/www.elcowa.com\/de\/","name":"ELCOWA","description":"Mat\u00e9riels antistatiques &amp; contr\u00f4le de produits","potentialAction":[{"@type":"SearchAction","target":{"@type":"EntryPoint","urlTemplate":"https:\/\/www.elcowa.com\/de\/?s={search_term_string}"},"query-input":{"@type":"PropertyValueSpecification","valueRequired":true,"valueName":"search_term_string"}}],"inLanguage":"de"}]}},"_links":{"self":[{"href":"https:\/\/www.elcowa.com\/de\/wp-json\/wp\/v2\/pages\/5548","targetHints":{"allow":["GET"]}}],"collection":[{"href":"https:\/\/www.elcowa.com\/de\/wp-json\/wp\/v2\/pages"}],"about":[{"href":"https:\/\/www.elcowa.com\/de\/wp-json\/wp\/v2\/types\/page"}],"author":[{"embeddable":true,"href":"https:\/\/www.elcowa.com\/de\/wp-json\/wp\/v2\/users\/4"}],"replies":[{"embeddable":true,"href":"https:\/\/www.elcowa.com\/de\/wp-json\/wp\/v2\/comments?post=5548"}],"version-history":[{"count":0,"href":"https:\/\/www.elcowa.com\/de\/wp-json\/wp\/v2\/pages\/5548\/revisions"}],"up":[{"embeddable":true,"href":"https:\/\/www.elcowa.com\/de\/wp-json\/wp\/v2\/pages\/5546"}],"wp:attachment":[{"href":"https:\/\/www.elcowa.com\/de\/wp-json\/wp\/v2\/media?parent=5548"}],"curies":[{"name":"wp","href":"https:\/\/api.w.org\/{rel}","templated":true}]}}