{"id":5538,"date":"2019-10-29T14:43:36","date_gmt":"2019-10-29T13:43:36","guid":{"rendered":"https:\/\/www.elcowa.com\/inspection-rayons-x\/cereales-graines\/"},"modified":"2020-02-26T14:00:41","modified_gmt":"2020-02-26T13:00:41","slug":"getreide-saatgut","status":"publish","type":"page","link":"https:\/\/www.elcowa.com\/de\/lebensmittelindustrie\/getreide-saatgut\/","title":{"rendered":"Getreide und Saatgut"},"content":{"rendered":"<div class=\"flex_column av_one_full  av-animated-generic bottom-to-top  flex_column_div av-zero-column-padding first  avia-builder-el-0  el_before_av_one_full  avia-builder-el-first  \" style='margin-top:0px; margin-bottom:0px; border-radius:0px; '><p><div style='padding-bottom:0px; ' class='av-special-heading av-special-heading-h2  blockquote modern-quote  avia-builder-el-1  el_before_av_hr  avia-builder-el-first  '><h2 class='av-special-heading-tag '  itemprop=\"headline\"  >R\u00f6ntgenpr\u00fcfung &#8211; Getreide und Saatgut<\/h2><div class ='av-subheading av-subheading_below  ' style='font-size:15px;'><p>Wie z.B. Getreide, Samen, K\u00f6rner, Mehl, Pflanzen, Gr\u00e4ser, Mais, Weizen, Reis, Gerste, Hafer, Buchweizen, Quinoa, Amaranth, Sesam, usw.<\/p>\n<\/div><div class='special-heading-border'><div class='special-heading-inner-border' ><\/div><\/div><\/div><br \/>\n<div style=' margin-top:10px; margin-bottom:10px;'  class='hr hr-custom hr-left hr-icon-no   avia-builder-el-2  el_after_av_heading  avia-builder-el-last '><span class='hr-inner   inner-border-av-border-fat' style=' width:50px; border-color:#00aeff;' ><span class='hr-inner-style'><\/span><\/span><\/div><\/p><\/div>\n<div class=\"flex_column av_one_full  av-animated-generic bottom-to-top  flex_column_div av-zero-column-padding first  avia-builder-el-3  el_after_av_one_full  el_before_av_one_third  column-top-margin\" style='margin-top:0px; margin-bottom:0px; border-radius:0px; '><section class=\"av_textblock_section \"  itemscope=\"itemscope\" itemtype=\"https:\/\/schema.org\/CreativeWork\" ><div class='avia_textblock  '   itemprop=\"text\" ><p style=\"text-align: left;\"><img loading=\"lazy\" decoding=\"async\" class=\"size-thumbnail wp-image-2948 alignright\" src=\"https:\/\/www.elcowa.com\/wp-content\/uploads\/2019\/10\/clipart_cereales_graines-80x80.jpg\" alt=\"\" width=\"80\" height=\"80\" srcset=\"https:\/\/www.elcowa.com\/wp-content\/uploads\/2019\/10\/clipart_cereales_graines-80x80.jpg 80w, https:\/\/www.elcowa.com\/wp-content\/uploads\/2019\/10\/clipart_cereales_graines-36x36.jpg 36w, https:\/\/www.elcowa.com\/wp-content\/uploads\/2019\/10\/clipart_cereales_graines-120x120.jpg 120w, https:\/\/www.elcowa.com\/wp-content\/uploads\/2019\/10\/clipart_cereales_graines.jpg 135w\" sizes=\"auto, (max-width: 80px) 100vw, 80px\" \/><\/p>\n<p><strong>ELCOWA s.a<\/strong>. vertritt die Marke <strong>EAGLE PI<\/strong> in Frankreich, Belgien und Marokko.<\/p>\n<p>Unsere Ger\u00e4te mit R\u00f6ntgentechnologie bieten eine au\u00dfergew\u00f6hnliche Empfindlichkeit bei der Erkennung physikalischer Verunreinigungen, unabh\u00e4ngig von deren Gr\u00f6\u00dfe, Form oder Position innerhalb Ihrer Produkte wie z.B. Getreide, Samen, K\u00f6rner, Mehl, Pflanzen, Gr\u00e4ser, Mais, Weizen, Reis, Gerste, Hafer, Buchweizen, Quinoa, Amaranth, Sesam, etc.<\/p>\n<p>Am h\u00e4ufigsten vorkommende Fremdk\u00f6rper :<\/p>\n<p>\u25cf Sp\u00e4ne und Glasbruch, einschlie\u00dflich Glasbeh\u00e4lter<br \/>\n\u25cf Metallfragmente, auch in Stahl-, Aluminium- oder aluminisierten Folienbeh\u00e4ltern<br \/>\n\u25cf Steine \/ Kieselsteine<br \/>\n\u25cf Kunststoffe mit hoher Dichte<br \/>\n\u25cf Gummi<br \/>\n\u25cf Knochen (verkalkt)<\/p>\n<p>Aluminisierte Verpackungen und metallisierte Folien sowie Schwankungen der Produkttemperatur und des Feuchtigkeitsgehalts beeintr\u00e4chtigen die Empfindlichkeit der Fremdk\u00f6rpererkennung nicht.<\/p>\n<p>Die EAGLE PI-Inspektionssysteme garantieren nicht nur die Lebensmittelsicherheit Ihrer Produkte, sondern verf\u00fcgen auch \u00fcber eine Vielzahl von Inspektionsfunktionen, wie z.B. die \u00dcberpr\u00fcfung auf fehlende, besch\u00e4digte oder deformierte Artikel, so dass die Hersteller ein H\u00f6chstma\u00df an Kundenzufriedenheit garantieren k\u00f6nnen.<\/p>\n<p>Erg\u00e4nzende Kontrollen:<\/p>\n<p>\u25cf Massenmessung<br \/>\n\u25cf Siegelpr\u00fcfung<br \/>\n\u25cf Z\u00e4hlen<\/p>\n<p>Betroffene Produkte:<\/p>\n<p>\u25cf Ausgepackt<br \/>\n\u25cf Gro\u00dfe starre Beh\u00e4lter aus Glas, Metall oder Keramik<br \/>\n\u25cf Kunststoffbeh\u00e4lter<br \/>\n\u25cf Kisten \/ K\u00e4sten \/ Verschl\u00e4ge<br \/>\n\u25cf Taschen \/ S\u00e4cke<br \/>\n\u25cf Tabletts<br \/>\n\u25cf Rohre<\/p>\n<p>Das optionale Unterscheidungssystem (MDX) ist besonders n\u00fctzlich f\u00fcr die Inspektion von Lebensmitteln mit gro\u00dfen Dichteunterschieden.<\/p>\n<p>Die Investition in eines unserer R\u00f6ntgenger\u00e4te ist der garantierte Schutz Ihrer Produkte, Ger\u00e4te, Kunden, Verbraucher und die Gew\u00e4hrleistung der Einhaltung der Hazard Analysis and Critical Control Points (HACCP).<\/p>\n<\/div><\/section><\/div>\n<div class=\"flex_column av_one_third  flex_column_div av-zero-column-padding first  avia-builder-el-5  el_after_av_one_full  el_before_av_one_third  column-top-margin\" style='border-radius:0px; '><p><br \/>\n<section class=\"av_textblock_section \"  itemscope=\"itemscope\" itemtype=\"https:\/\/schema.org\/CreativeWork\" ><div class='avia_textblock  '   itemprop=\"text\" ><p style=\"text-align: center;\"><strong>System Bulk 415 Pro<\/strong><\/p>\n<p style=\"text-align: center;\"><img loading=\"lazy\" decoding=\"async\" class=\"alignnone size-medium wp-image-3059\" src=\"https:\/\/www.elcowa.com\/wp-content\/uploads\/2019\/10\/eagle_bulk_415_pro-265x300.jpg\" alt=\"\" width=\"265\" height=\"300\" srcset=\"https:\/\/www.elcowa.com\/wp-content\/uploads\/2019\/10\/eagle_bulk_415_pro-265x300.jpg 265w, https:\/\/www.elcowa.com\/wp-content\/uploads\/2019\/10\/eagle_bulk_415_pro.jpg 450w\" sizes=\"auto, (max-width: 265px) 100vw, 265px\" \/><\/p>\n<\/div><\/section><\/p><\/div><div class=\"flex_column av_one_third  flex_column_div av-zero-column-padding   avia-builder-el-8  el_after_av_one_third  el_before_av_one_third  column-top-margin\" style='border-radius:0px; '><p><br \/>\n<section class=\"av_textblock_section \"  itemscope=\"itemscope\" itemtype=\"https:\/\/schema.org\/CreativeWork\" ><div class='avia_textblock  '   itemprop=\"text\" ><p style=\"text-align: center;\"><strong>System Pack 240 Pro<\/strong><\/p>\n<p style=\"text-align: center;\"><img loading=\"lazy\" decoding=\"async\" class=\"alignnone size-medium wp-image-3072\" src=\"https:\/\/www.elcowa.com\/wp-content\/uploads\/2019\/10\/eagle_240_pro-1-201x300.jpg\" alt=\"\" width=\"201\" height=\"300\" srcset=\"https:\/\/www.elcowa.com\/wp-content\/uploads\/2019\/10\/eagle_240_pro-1-201x300.jpg 201w, https:\/\/www.elcowa.com\/wp-content\/uploads\/2019\/10\/eagle_240_pro-1.jpg 291w\" sizes=\"auto, (max-width: 201px) 100vw, 201px\" \/><\/p>\n<\/div><\/section><\/p><\/div><div class=\"flex_column av_one_third  flex_column_div av-zero-column-padding   avia-builder-el-11  el_after_av_one_third  el_before_av_one_full  column-top-margin\" style='border-radius:0px; '><p><br \/>\n<section class=\"av_textblock_section \"  itemscope=\"itemscope\" itemtype=\"https:\/\/schema.org\/CreativeWork\" ><div class='avia_textblock  '   itemprop=\"text\" ><p style=\"text-align: center;\"><strong>\u00a0MDX-Technologie (Material Discrimination X-ray)<\/strong><\/p>\n<p style=\"text-align: center;\"><img loading=\"lazy\" decoding=\"async\" class=\"alignnone size-medium wp-image-3075\" src=\"https:\/\/www.elcowa.com\/wp-content\/uploads\/2019\/10\/eagle_technology_mdx-1-300x166.jpg\" alt=\"\" width=\"300\" height=\"166\" srcset=\"https:\/\/www.elcowa.com\/wp-content\/uploads\/2019\/10\/eagle_technology_mdx-1-300x166.jpg 300w, https:\/\/www.elcowa.com\/wp-content\/uploads\/2019\/10\/eagle_technology_mdx-1-450x249.jpg 450w, https:\/\/www.elcowa.com\/wp-content\/uploads\/2019\/10\/eagle_technology_mdx-1.jpg 579w\" sizes=\"auto, (max-width: 300px) 100vw, 300px\" \/><\/p>\n<\/div><\/section><\/p><\/div><div class=\"flex_column av_one_full  av-animated-generic bottom-to-top  flex_column_div av-zero-column-padding first  avia-builder-el-14  el_after_av_one_third  el_before_av_image  column-top-margin\" style='margin-top:0px; margin-bottom:0px; border-radius:0px; '><p><div style=' margin-top:10px; margin-bottom:10px;'  class='hr hr-custom hr-left hr-icon-no   avia-builder-el-15  el_before_av_heading  avia-builder-el-first '><span class='hr-inner   inner-border-av-border-fat' style=' width:50px; border-color:#00aeff;' ><span class='hr-inner-style'><\/span><\/span><\/div><br \/>\n<div style='padding-bottom:0px; ' class='av-special-heading av-special-heading-h5  blockquote modern-quote  avia-builder-el-16  el_after_av_hr  el_before_av_hr  '><h5 class='av-special-heading-tag '  itemprop=\"headline\"  >Online-Fremdk\u00f6rpererkennung, Schutz Ihrer Anlagen und Kundenzufriedenheit<\/h5><div class='special-heading-border'><div class='special-heading-inner-border' ><\/div><\/div><\/div><br \/>\n<div style=' margin-top:10px; margin-bottom:10px;'  class='hr hr-custom hr-left hr-icon-no   avia-builder-el-17  el_after_av_heading  avia-builder-el-last '><span class='hr-inner   inner-border-av-border-fat' style=' width:50px; border-color:#00aeff;' ><span class='hr-inner-style'><\/span><\/span><\/div><\/p><\/div><\/p>\n\n\n","protected":false},"excerpt":{"rendered":"","protected":false},"author":4,"featured_media":0,"parent":29769,"menu_order":3,"comment_status":"closed","ping_status":"closed","template":"","meta":{"_acf_changed":false,"footnotes":""},"class_list":["post-5538","page","type-page","status-publish","hentry"],"acf":[],"yoast_head":"<!-- This site is optimized with the Yoast SEO plugin v26.9 - https:\/\/yoast.com\/product\/yoast-seo-wordpress\/ -->\n<title>Getreide und Saatgut - ELCOWA<\/title>\n<meta name=\"robots\" content=\"index, follow, max-snippet:-1, max-image-preview:large, max-video-preview:-1\" \/>\n<link rel=\"canonical\" href=\"https:\/\/www.elcowa.com\/de\/lebensmittelindustrie\/getreide-saatgut\/\" \/>\n<meta property=\"og:locale\" content=\"de_DE\" \/>\n<meta property=\"og:type\" content=\"article\" \/>\n<meta property=\"og:title\" content=\"Getreide und Saatgut - ELCOWA\" \/>\n<meta property=\"og:url\" content=\"https:\/\/www.elcowa.com\/de\/lebensmittelindustrie\/getreide-saatgut\/\" \/>\n<meta property=\"og:site_name\" content=\"ELCOWA\" \/>\n<meta property=\"article:modified_time\" content=\"2020-02-26T13:00:41+00:00\" \/>\n<meta property=\"og:image\" content=\"https:\/\/www.elcowa.com\/wp-content\/uploads\/2019\/10\/clipart_cereales_graines-80x80.jpg\" \/>\n<meta name=\"twitter:card\" content=\"summary_large_image\" \/>\n<meta name=\"twitter:label1\" content=\"Gesch\u00e4tzte Lesezeit\" \/>\n\t<meta name=\"twitter:data1\" content=\"8\u00a0Minuten\" \/>\n<script type=\"application\/ld+json\" class=\"yoast-schema-graph\">{\"@context\":\"https:\/\/schema.org\",\"@graph\":[{\"@type\":\"WebPage\",\"@id\":\"https:\/\/www.elcowa.com\/de\/lebensmittelindustrie\/getreide-saatgut\/\",\"url\":\"https:\/\/www.elcowa.com\/de\/lebensmittelindustrie\/getreide-saatgut\/\",\"name\":\"Getreide und Saatgut - ELCOWA\",\"isPartOf\":{\"@id\":\"https:\/\/www.elcowa.com\/de\/#website\"},\"primaryImageOfPage\":{\"@id\":\"https:\/\/www.elcowa.com\/de\/lebensmittelindustrie\/getreide-saatgut\/#primaryimage\"},\"image\":{\"@id\":\"https:\/\/www.elcowa.com\/de\/lebensmittelindustrie\/getreide-saatgut\/#primaryimage\"},\"thumbnailUrl\":\"https:\/\/www.elcowa.com\/wp-content\/uploads\/2019\/10\/clipart_cereales_graines-80x80.jpg\",\"datePublished\":\"2019-10-29T13:43:36+00:00\",\"dateModified\":\"2020-02-26T13:00:41+00:00\",\"breadcrumb\":{\"@id\":\"https:\/\/www.elcowa.com\/de\/lebensmittelindustrie\/getreide-saatgut\/#breadcrumb\"},\"inLanguage\":\"de\",\"potentialAction\":[{\"@type\":\"ReadAction\",\"target\":[\"https:\/\/www.elcowa.com\/de\/lebensmittelindustrie\/getreide-saatgut\/\"]}]},{\"@type\":\"ImageObject\",\"inLanguage\":\"de\",\"@id\":\"https:\/\/www.elcowa.com\/de\/lebensmittelindustrie\/getreide-saatgut\/#primaryimage\",\"url\":\"https:\/\/www.elcowa.com\/wp-content\/uploads\/2019\/10\/clipart_cereales_graines-80x80.jpg\",\"contentUrl\":\"https:\/\/www.elcowa.com\/wp-content\/uploads\/2019\/10\/clipart_cereales_graines-80x80.jpg\"},{\"@type\":\"BreadcrumbList\",\"@id\":\"https:\/\/www.elcowa.com\/de\/lebensmittelindustrie\/getreide-saatgut\/#breadcrumb\",\"itemListElement\":[{\"@type\":\"ListItem\",\"position\":1,\"name\":\"Accueil\",\"item\":\"https:\/\/www.elcowa.com\/de\/home\/\"},{\"@type\":\"ListItem\",\"position\":2,\"name\":\"R\u00f6ntgenpr\u00fcfung\",\"item\":\"https:\/\/www.elcowa.com\/de\/rontgenpruefung\/\"},{\"@type\":\"ListItem\",\"position\":3,\"name\":\"Lebensmittelindustrie\",\"item\":\"https:\/\/www.elcowa.com\/de\/rontgenpruefung\/lebensmittelindustrie\/\"},{\"@type\":\"ListItem\",\"position\":4,\"name\":\"Getreide und Saatgut\"}]},{\"@type\":\"WebSite\",\"@id\":\"https:\/\/www.elcowa.com\/de\/#website\",\"url\":\"https:\/\/www.elcowa.com\/de\/\",\"name\":\"ELCOWA\",\"description\":\"Mat\u00e9riels antistatiques &amp; contr\u00f4le de produits\",\"potentialAction\":[{\"@type\":\"SearchAction\",\"target\":{\"@type\":\"EntryPoint\",\"urlTemplate\":\"https:\/\/www.elcowa.com\/de\/?s={search_term_string}\"},\"query-input\":{\"@type\":\"PropertyValueSpecification\",\"valueRequired\":true,\"valueName\":\"search_term_string\"}}],\"inLanguage\":\"de\"}]}<\/script>\n<!-- \/ Yoast SEO plugin. -->","yoast_head_json":{"title":"Getreide und Saatgut - ELCOWA","robots":{"index":"index","follow":"follow","max-snippet":"max-snippet:-1","max-image-preview":"max-image-preview:large","max-video-preview":"max-video-preview:-1"},"canonical":"https:\/\/www.elcowa.com\/de\/lebensmittelindustrie\/getreide-saatgut\/","og_locale":"de_DE","og_type":"article","og_title":"Getreide und Saatgut - ELCOWA","og_url":"https:\/\/www.elcowa.com\/de\/lebensmittelindustrie\/getreide-saatgut\/","og_site_name":"ELCOWA","article_modified_time":"2020-02-26T13:00:41+00:00","og_image":[{"url":"https:\/\/www.elcowa.com\/wp-content\/uploads\/2019\/10\/clipart_cereales_graines-80x80.jpg","type":"","width":"","height":""}],"twitter_card":"summary_large_image","twitter_misc":{"Gesch\u00e4tzte Lesezeit":"8\u00a0Minuten"},"schema":{"@context":"https:\/\/schema.org","@graph":[{"@type":"WebPage","@id":"https:\/\/www.elcowa.com\/de\/lebensmittelindustrie\/getreide-saatgut\/","url":"https:\/\/www.elcowa.com\/de\/lebensmittelindustrie\/getreide-saatgut\/","name":"Getreide und Saatgut - ELCOWA","isPartOf":{"@id":"https:\/\/www.elcowa.com\/de\/#website"},"primaryImageOfPage":{"@id":"https:\/\/www.elcowa.com\/de\/lebensmittelindustrie\/getreide-saatgut\/#primaryimage"},"image":{"@id":"https:\/\/www.elcowa.com\/de\/lebensmittelindustrie\/getreide-saatgut\/#primaryimage"},"thumbnailUrl":"https:\/\/www.elcowa.com\/wp-content\/uploads\/2019\/10\/clipart_cereales_graines-80x80.jpg","datePublished":"2019-10-29T13:43:36+00:00","dateModified":"2020-02-26T13:00:41+00:00","breadcrumb":{"@id":"https:\/\/www.elcowa.com\/de\/lebensmittelindustrie\/getreide-saatgut\/#breadcrumb"},"inLanguage":"de","potentialAction":[{"@type":"ReadAction","target":["https:\/\/www.elcowa.com\/de\/lebensmittelindustrie\/getreide-saatgut\/"]}]},{"@type":"ImageObject","inLanguage":"de","@id":"https:\/\/www.elcowa.com\/de\/lebensmittelindustrie\/getreide-saatgut\/#primaryimage","url":"https:\/\/www.elcowa.com\/wp-content\/uploads\/2019\/10\/clipart_cereales_graines-80x80.jpg","contentUrl":"https:\/\/www.elcowa.com\/wp-content\/uploads\/2019\/10\/clipart_cereales_graines-80x80.jpg"},{"@type":"BreadcrumbList","@id":"https:\/\/www.elcowa.com\/de\/lebensmittelindustrie\/getreide-saatgut\/#breadcrumb","itemListElement":[{"@type":"ListItem","position":1,"name":"Accueil","item":"https:\/\/www.elcowa.com\/de\/home\/"},{"@type":"ListItem","position":2,"name":"R\u00f6ntgenpr\u00fcfung","item":"https:\/\/www.elcowa.com\/de\/rontgenpruefung\/"},{"@type":"ListItem","position":3,"name":"Lebensmittelindustrie","item":"https:\/\/www.elcowa.com\/de\/rontgenpruefung\/lebensmittelindustrie\/"},{"@type":"ListItem","position":4,"name":"Getreide und Saatgut"}]},{"@type":"WebSite","@id":"https:\/\/www.elcowa.com\/de\/#website","url":"https:\/\/www.elcowa.com\/de\/","name":"ELCOWA","description":"Mat\u00e9riels antistatiques &amp; contr\u00f4le de produits","potentialAction":[{"@type":"SearchAction","target":{"@type":"EntryPoint","urlTemplate":"https:\/\/www.elcowa.com\/de\/?s={search_term_string}"},"query-input":{"@type":"PropertyValueSpecification","valueRequired":true,"valueName":"search_term_string"}}],"inLanguage":"de"}]}},"_links":{"self":[{"href":"https:\/\/www.elcowa.com\/de\/wp-json\/wp\/v2\/pages\/5538","targetHints":{"allow":["GET"]}}],"collection":[{"href":"https:\/\/www.elcowa.com\/de\/wp-json\/wp\/v2\/pages"}],"about":[{"href":"https:\/\/www.elcowa.com\/de\/wp-json\/wp\/v2\/types\/page"}],"author":[{"embeddable":true,"href":"https:\/\/www.elcowa.com\/de\/wp-json\/wp\/v2\/users\/4"}],"replies":[{"embeddable":true,"href":"https:\/\/www.elcowa.com\/de\/wp-json\/wp\/v2\/comments?post=5538"}],"version-history":[{"count":0,"href":"https:\/\/www.elcowa.com\/de\/wp-json\/wp\/v2\/pages\/5538\/revisions"}],"up":[{"embeddable":true,"href":"https:\/\/www.elcowa.com\/de\/wp-json\/wp\/v2\/pages\/29769"}],"wp:attachment":[{"href":"https:\/\/www.elcowa.com\/de\/wp-json\/wp\/v2\/media?parent=5538"}],"curies":[{"name":"wp","href":"https:\/\/api.w.org\/{rel}","templated":true}]}}