{"id":5483,"date":"2020-01-28T12:00:34","date_gmt":"2020-01-28T11:00:34","guid":{"rendered":"https:\/\/www.elcowa.com\/antistatique\/produits\/mesureurs\/mce34\/"},"modified":"2024-06-14T16:07:11","modified_gmt":"2024-06-14T14:07:11","slug":"mce34","status":"publish","type":"page","link":"https:\/\/www.elcowa.com\/de\/antistatisch\/antistatische-ausruestung\/messgerate\/mce34\/","title":{"rendered":"MCE 34"},"content":{"rendered":"<div class=\"flex_column av_one_full  av-animated-generic bottom-to-top  flex_column_div av-zero-column-padding first  avia-builder-el-0  el_before_av_image  avia-builder-el-first  \" style='margin-top:0px; margin-bottom:0px; border-radius:0px; '><p><div style='padding-bottom:0px; color:#00aeff;' class='av-special-heading av-special-heading-h1 custom-color-heading blockquote modern-quote  avia-builder-el-1  el_before_av_heading  avia-builder-el-first  '><h1 class='av-special-heading-tag '  itemprop=\"headline\"  >Elektrostatische Feldst\u00e4rke-Messger\u00e4te<\/h1><div class='special-heading-border'><div class='special-heading-inner-border' style='border-color:#00aeff'><\/div><\/div><\/div><br \/>\n<div style='padding-bottom:0px; margin:1 1 1 1; ' class='av-special-heading av-special-heading-h2  blockquote modern-quote  avia-builder-el-2  el_after_av_heading  el_before_av_hr  '><h2 class='av-special-heading-tag '  itemprop=\"headline\"  >MCE 34<\/h2><div class='special-heading-border'><div class='special-heading-inner-border' ><\/div><\/div><\/div><br \/>\n<div style=' margin-top:10px; margin-bottom:10px;'  class='hr hr-custom hr-left hr-icon-no   avia-builder-el-3  el_after_av_heading  avia-builder-el-last '><span class='hr-inner   inner-border-av-border-fat' style=' width:50px; border-color:#00aeff;' ><span class='hr-inner-style'><\/span><\/span><\/div><\/p><\/div>\n<div class='avia-image-container  av-styling-    avia-builder-el-4  el_after_av_one_full  el_before_av_tab_container  avia-align-center '  itemprop=\"ImageObject\" itemscope=\"itemscope\" itemtype=\"https:\/\/schema.org\/ImageObject\"  ><div class='avia-image-container-inner'><div class='avia-image-overlay-wrap'><img class='avia_image' src='https:\/\/www.elcowa.com\/wp-content\/uploads\/2020\/01\/MCE34-248x300.png' alt='mesureur de charge \u00e9lectrostatique MCE 34' title='MCE34' height=\"300\" width=\"248\"  itemprop=\"thumbnailUrl\"  \/><\/div><\/div><\/div>\n<div class=\"tabcontainer   top_tab   avia-builder-el-5  el_after_av_image  el_before_av_textblock \">\n\n<section class=\"av_tab_section\"  itemscope=\"itemscope\" itemtype=\"https:\/\/schema.org\/CreativeWork\" >    <div aria-controls=\"tab-id-1\" role=\"tab\" tabindex=\"0\" data-fake-id=\"#tab-id-1\" class=\"tab active_tab\"  itemprop=\"headline\" >PRODUKT<\/div>\n    <div id=\"tab-id-1-container\" class=\"tab_content active_tab_content\" aria-hidden=\"false\">\n        <div class=\"tab_inner_content invers-color\"  itemprop=\"text\" >\n<p><strong><span style=\"color: #00aeff;\">MCE 34<\/span> <\/strong>ist ein Ger\u00e4t zur Messung elektrostatischer Felder. Sie verf\u00fcgt \u00fcber eine <strong><span style=\"color: #00aeff;\">analoge Anzeige<\/span><\/strong>, drei Messinstrumente und eine gro\u00dfe Feldfr\u00e4se f\u00fcr pr\u00e4zise Messungen.<\/p>\n<p>Das Geh\u00e4use dieses Instruments besteht aus Aluminium, wodurch es leicht und robust ist. Die Einflussmesselektrode ist sternf\u00f6rmig. Ein geerdeter Modulationsrotor mit der gleichen Sternform dreht sich in einem kurzen Abstand von der Elektrode. Ein System von Ringelektroden, das die Einflusselektrode umgibt, dient als mechanischer Schutz.<\/p>\n\n        <\/div>\n    <\/div>\n<\/section>\n\n<section class=\"av_tab_section\"  itemscope=\"itemscope\" itemtype=\"https:\/\/schema.org\/CreativeWork\" >    <div aria-controls=\"tab-id-2\" role=\"tab\" tabindex=\"0\" data-fake-id=\"#tab-id-2\" class=\"tab \"  itemprop=\"headline\" >TECHNISCHEDATEN<\/div>\n    <div id=\"tab-id-2-container\" class=\"tab_content \" aria-hidden=\"true\">\n        <div class=\"tab_inner_content invers-color\"  itemprop=\"text\" >\n<style type=\"text\/css\">\n.tg  {border-collapse:collapse;border-spacing:0;}<br \/>.tg td{font-family:Arial, sans-serif;font-size:14px;padding:10px 5px;border-style:solid;border-width:0px;overflow:hidden;word-break:normal;}<br \/>.tg th{font-family:Arial, sans-serif;font-size:14px;font-weight:normal;padding:10px 5px;border-style:solid;border-width:0px;overflow:hidden;word-break:normal;}<br \/>.tg .tg-lboi{border-color:inherit;text-align:left;vertical-align:middle}<br \/>.tg .tg-0pky{border-color:inherit;text-align:left;vertical-align:top}<br \/>@media screen and (max-width: 767px) {.tg {width: auto !important;}.tg col {width: auto !important;}.tg-wrap {overflow-x: auto;-webkit-overflow-scrolling: touch;}}<\/style>\n<div class=\"tg-wrap\">\n<table>\n<tbody>\n<tr>\n<td><span style=\"color: #00aeff;\"><strong>MESSBEREICHE<\/strong><\/span><\/td>\n<td>+\/- 20 kV\/m<br \/>\n+\/- 200 kV\/m<br \/>\n+\/- 2 MV\/m<\/td>\n<\/tr>\n<tr>\n<td><span style=\"color: #00aeff;\"><strong>STROMVERSORGUNG<\/strong><\/span><\/td>\n<td>6V NICD integrierte Battery(Autonomie 3 Stunden) und 220 VAC Lader<\/td>\n<\/tr>\n<tr>\n<td><span style=\"color: #00aeff;\"><strong>LADEANZEIGE<\/strong><\/span><\/td>\n<td>Eine LED leuchtet auf, wenn das Ger\u00e4t kurz vor der Entladung steht (noch 20 Minuten Autonomie).<\/td>\n<\/tr>\n<tr>\n<td><span style=\"color: #00aeff;\"><strong>DIMENSIONEN<\/strong><\/span><\/td>\n<td>L x H x B : 80 x 100 x 38<\/td>\n<\/tr>\n<tr>\n<td><span style=\"color: #00aeff;\"><strong>GEWICHT<\/strong><\/span><\/td>\n<td>370 grs<\/td>\n<\/tr>\n<\/tbody>\n<\/table>\n<\/div>\n\n        <\/div>\n    <\/div>\n<\/section>\n\n<\/div>\n\n<section class=\"av_textblock_section \"  itemscope=\"itemscope\" itemtype=\"https:\/\/schema.org\/CreativeWork\" ><div class='avia_textblock  '  style='font-size:30px; '  itemprop=\"text\" ><\/div><\/section>\n<section class=\"av_textblock_section \"  itemscope=\"itemscope\" itemtype=\"https:\/\/schema.org\/CreativeWork\" ><div class='avia_textblock  '  style='font-size:30px; '  itemprop=\"text\" ><\/div><\/section>\n<div class=\"flex_column av_one_fourth  av-animated-generic bottom-to-top  flex_column_div first  avia-builder-el-8  el_after_av_textblock  el_before_av_one_fourth  column-top-margin\" style='margin-top:0px; margin-bottom:0px; padding:15px; border-radius:0px; '><\/div>\n<div class=\"flex_column av_one_fourth  av-animated-generic bottom-to-top  flex_column_div   avia-builder-el-9  el_after_av_one_fourth  el_before_av_one_fourth  column-top-margin\" style='margin-top:0px; margin-bottom:0px; padding:15px; border-radius:0px; '><div class='avia-buttonrow-wrap avia-buttonrow-center   avia-builder-el-10  avia-builder-el-no-sibling '>\n<a href='https:\/\/www.elcowa.com\/de\/contact\/'  class='avia-button  avia-icon_select-yes-left-icon avia-color-theme-color avia-size-x-large '  style='margin-bottom:5px; margin-left:3px; margin-right:3px; ' ><span class='avia_button_icon avia_button_icon_left ' aria-hidden='true' data-av_icon='\ue805' data-av_iconfont='entypo-fontello'><\/span><span class='avia_iconbox_title' >MEHR INFORMATION<\/span><\/a>\n<\/div><\/div><div class=\"flex_column av_one_fourth  av-animated-generic bottom-to-top  flex_column_div   avia-builder-el-11  el_after_av_one_fourth  el_before_av_one_fourth  column-top-margin\" style='margin-top:0px; margin-bottom:0px; padding:15px; border-radius:0px; '><div class='avia-buttonrow-wrap avia-buttonrow-center   avia-builder-el-12  avia-builder-el-no-sibling '>\n<a href='https:\/\/www.elcowa.com\/de\/documentation-mce-34-2\/'  class='avia-button  avia-icon_select-yes-left-icon avia-color-theme-color avia-size-x-large '  target=\"_blank\"  style='margin-bottom:5px; margin-left:3px; margin-right:3px; ' ><span class='avia_button_icon avia_button_icon_left ' aria-hidden='true' data-av_icon='\ue84e' data-av_iconfont='entypo-fontello'><\/span><span class='avia_iconbox_title' > BROCHURE HERUNTERLADEN<\/span><\/a>\n<\/div><\/div><\/p>\n<div class=\"flex_column av_one_fourth  av-animated-generic bottom-to-top  flex_column_div av-zero-column-padding   avia-builder-el-13  el_after_av_one_fourth  avia-builder-el-last  column-top-margin\" style='margin-top:0px; margin-bottom:0px; border-radius:0px; '><\/div>\n","protected":false},"excerpt":{"rendered":"","protected":false},"author":4,"featured_media":0,"parent":5462,"menu_order":1,"comment_status":"closed","ping_status":"closed","template":"","meta":{"_acf_changed":false,"footnotes":""},"class_list":["post-5483","page","type-page","status-publish","hentry"],"acf":[],"yoast_head":"<!-- This site is optimized with the Yoast SEO plugin v26.9 - https:\/\/yoast.com\/product\/yoast-seo-wordpress\/ -->\n<title>MCE 34 - ELCOWA<\/title>\n<meta name=\"description\" content=\"Wenn Sie sicherstellen wollen, dass Ihr Prozess durch das elektrostatische Ph\u00e4nomen gest\u00f6rt wird, k\u00f6nnen Sie mit dem MCE 34 diese Felder messen.\" \/>\n<meta name=\"robots\" content=\"index, follow, max-snippet:-1, max-image-preview:large, max-video-preview:-1\" \/>\n<link rel=\"canonical\" href=\"https:\/\/www.elcowa.com\/de\/antistatisch\/antistatische-ausruestung\/messgerate\/mce34\/\" \/>\n<meta property=\"og:locale\" content=\"de_DE\" \/>\n<meta property=\"og:type\" content=\"article\" \/>\n<meta property=\"og:title\" content=\"MCE 34 - ELCOWA\" \/>\n<meta property=\"og:description\" content=\"Wenn Sie sicherstellen wollen, dass Ihr Prozess durch das elektrostatische Ph\u00e4nomen gest\u00f6rt wird, k\u00f6nnen Sie mit dem MCE 34 diese Felder messen.\" \/>\n<meta property=\"og:url\" content=\"https:\/\/www.elcowa.com\/de\/antistatisch\/antistatische-ausruestung\/messgerate\/mce34\/\" \/>\n<meta property=\"og:site_name\" content=\"ELCOWA\" \/>\n<meta property=\"article:modified_time\" content=\"2024-06-14T14:07:11+00:00\" \/>\n<meta name=\"twitter:card\" content=\"summary_large_image\" \/>\n<meta name=\"twitter:label1\" content=\"Gesch\u00e4tzte Lesezeit\" \/>\n\t<meta name=\"twitter:data1\" content=\"3\u00a0Minuten\" \/>\n<script type=\"application\/ld+json\" class=\"yoast-schema-graph\">{\"@context\":\"https:\/\/schema.org\",\"@graph\":[{\"@type\":\"WebPage\",\"@id\":\"https:\/\/www.elcowa.com\/de\/antistatisch\/antistatische-ausruestung\/messgerate\/mce34\/\",\"url\":\"https:\/\/www.elcowa.com\/de\/antistatisch\/antistatische-ausruestung\/messgerate\/mce34\/\",\"name\":\"MCE 34 - ELCOWA\",\"isPartOf\":{\"@id\":\"https:\/\/www.elcowa.com\/de\/#website\"},\"datePublished\":\"2020-01-28T11:00:34+00:00\",\"dateModified\":\"2024-06-14T14:07:11+00:00\",\"description\":\"Wenn Sie sicherstellen wollen, dass Ihr Prozess durch das elektrostatische Ph\u00e4nomen gest\u00f6rt wird, k\u00f6nnen Sie mit dem MCE 34 diese Felder messen.\",\"breadcrumb\":{\"@id\":\"https:\/\/www.elcowa.com\/de\/antistatisch\/antistatische-ausruestung\/messgerate\/mce34\/#breadcrumb\"},\"inLanguage\":\"de\",\"potentialAction\":[{\"@type\":\"ReadAction\",\"target\":[\"https:\/\/www.elcowa.com\/de\/antistatisch\/antistatische-ausruestung\/messgerate\/mce34\/\"]}]},{\"@type\":\"BreadcrumbList\",\"@id\":\"https:\/\/www.elcowa.com\/de\/antistatisch\/antistatische-ausruestung\/messgerate\/mce34\/#breadcrumb\",\"itemListElement\":[{\"@type\":\"ListItem\",\"position\":1,\"name\":\"Accueil\",\"item\":\"https:\/\/www.elcowa.com\/de\/home\/\"},{\"@type\":\"ListItem\",\"position\":2,\"name\":\"Antistatisch\",\"item\":\"https:\/\/www.elcowa.com\/de\/antistatisch\/\"},{\"@type\":\"ListItem\",\"position\":3,\"name\":\"Produkte\",\"item\":\"https:\/\/www.elcowa.com\/de\/antistatisch\/antistatische-ausruestung\/\"},{\"@type\":\"ListItem\",\"position\":4,\"name\":\"Messger\u00e4te\",\"item\":\"https:\/\/www.elcowa.com\/de\/antistatisch\/antistatische-ausruestung\/messgerate\/\"},{\"@type\":\"ListItem\",\"position\":5,\"name\":\"MCE 34\"}]},{\"@type\":\"WebSite\",\"@id\":\"https:\/\/www.elcowa.com\/de\/#website\",\"url\":\"https:\/\/www.elcowa.com\/de\/\",\"name\":\"ELCOWA\",\"description\":\"Mat\u00e9riels antistatiques &amp; contr\u00f4le de produits\",\"potentialAction\":[{\"@type\":\"SearchAction\",\"target\":{\"@type\":\"EntryPoint\",\"urlTemplate\":\"https:\/\/www.elcowa.com\/de\/?s={search_term_string}\"},\"query-input\":{\"@type\":\"PropertyValueSpecification\",\"valueRequired\":true,\"valueName\":\"search_term_string\"}}],\"inLanguage\":\"de\"}]}<\/script>\n<!-- \/ Yoast SEO plugin. -->","yoast_head_json":{"title":"MCE 34 - ELCOWA","description":"Wenn Sie sicherstellen wollen, dass Ihr Prozess durch das elektrostatische Ph\u00e4nomen gest\u00f6rt wird, k\u00f6nnen Sie mit dem MCE 34 diese Felder messen.","robots":{"index":"index","follow":"follow","max-snippet":"max-snippet:-1","max-image-preview":"max-image-preview:large","max-video-preview":"max-video-preview:-1"},"canonical":"https:\/\/www.elcowa.com\/de\/antistatisch\/antistatische-ausruestung\/messgerate\/mce34\/","og_locale":"de_DE","og_type":"article","og_title":"MCE 34 - ELCOWA","og_description":"Wenn Sie sicherstellen wollen, dass Ihr Prozess durch das elektrostatische Ph\u00e4nomen gest\u00f6rt wird, k\u00f6nnen Sie mit dem MCE 34 diese Felder messen.","og_url":"https:\/\/www.elcowa.com\/de\/antistatisch\/antistatische-ausruestung\/messgerate\/mce34\/","og_site_name":"ELCOWA","article_modified_time":"2024-06-14T14:07:11+00:00","twitter_card":"summary_large_image","twitter_misc":{"Gesch\u00e4tzte Lesezeit":"3\u00a0Minuten"},"schema":{"@context":"https:\/\/schema.org","@graph":[{"@type":"WebPage","@id":"https:\/\/www.elcowa.com\/de\/antistatisch\/antistatische-ausruestung\/messgerate\/mce34\/","url":"https:\/\/www.elcowa.com\/de\/antistatisch\/antistatische-ausruestung\/messgerate\/mce34\/","name":"MCE 34 - ELCOWA","isPartOf":{"@id":"https:\/\/www.elcowa.com\/de\/#website"},"datePublished":"2020-01-28T11:00:34+00:00","dateModified":"2024-06-14T14:07:11+00:00","description":"Wenn Sie sicherstellen wollen, dass Ihr Prozess durch das elektrostatische Ph\u00e4nomen gest\u00f6rt wird, k\u00f6nnen Sie mit dem MCE 34 diese Felder messen.","breadcrumb":{"@id":"https:\/\/www.elcowa.com\/de\/antistatisch\/antistatische-ausruestung\/messgerate\/mce34\/#breadcrumb"},"inLanguage":"de","potentialAction":[{"@type":"ReadAction","target":["https:\/\/www.elcowa.com\/de\/antistatisch\/antistatische-ausruestung\/messgerate\/mce34\/"]}]},{"@type":"BreadcrumbList","@id":"https:\/\/www.elcowa.com\/de\/antistatisch\/antistatische-ausruestung\/messgerate\/mce34\/#breadcrumb","itemListElement":[{"@type":"ListItem","position":1,"name":"Accueil","item":"https:\/\/www.elcowa.com\/de\/home\/"},{"@type":"ListItem","position":2,"name":"Antistatisch","item":"https:\/\/www.elcowa.com\/de\/antistatisch\/"},{"@type":"ListItem","position":3,"name":"Produkte","item":"https:\/\/www.elcowa.com\/de\/antistatisch\/antistatische-ausruestung\/"},{"@type":"ListItem","position":4,"name":"Messger\u00e4te","item":"https:\/\/www.elcowa.com\/de\/antistatisch\/antistatische-ausruestung\/messgerate\/"},{"@type":"ListItem","position":5,"name":"MCE 34"}]},{"@type":"WebSite","@id":"https:\/\/www.elcowa.com\/de\/#website","url":"https:\/\/www.elcowa.com\/de\/","name":"ELCOWA","description":"Mat\u00e9riels antistatiques &amp; contr\u00f4le de produits","potentialAction":[{"@type":"SearchAction","target":{"@type":"EntryPoint","urlTemplate":"https:\/\/www.elcowa.com\/de\/?s={search_term_string}"},"query-input":{"@type":"PropertyValueSpecification","valueRequired":true,"valueName":"search_term_string"}}],"inLanguage":"de"}]}},"_links":{"self":[{"href":"https:\/\/www.elcowa.com\/de\/wp-json\/wp\/v2\/pages\/5483","targetHints":{"allow":["GET"]}}],"collection":[{"href":"https:\/\/www.elcowa.com\/de\/wp-json\/wp\/v2\/pages"}],"about":[{"href":"https:\/\/www.elcowa.com\/de\/wp-json\/wp\/v2\/types\/page"}],"author":[{"embeddable":true,"href":"https:\/\/www.elcowa.com\/de\/wp-json\/wp\/v2\/users\/4"}],"replies":[{"embeddable":true,"href":"https:\/\/www.elcowa.com\/de\/wp-json\/wp\/v2\/comments?post=5483"}],"version-history":[{"count":0,"href":"https:\/\/www.elcowa.com\/de\/wp-json\/wp\/v2\/pages\/5483\/revisions"}],"up":[{"embeddable":true,"href":"https:\/\/www.elcowa.com\/de\/wp-json\/wp\/v2\/pages\/5462"}],"wp:attachment":[{"href":"https:\/\/www.elcowa.com\/de\/wp-json\/wp\/v2\/media?parent=5483"}],"curies":[{"name":"wp","href":"https:\/\/api.w.org\/{rel}","templated":true}]}}