{"id":5458,"date":"2020-01-28T12:18:17","date_gmt":"2020-01-28T11:18:17","guid":{"rendered":"https:\/\/www.elcowa.com\/antistatique\/produits\/entretien\/eco-test\/"},"modified":"2024-06-14T16:08:00","modified_gmt":"2024-06-14T14:08:00","slug":"eco-test","status":"publish","type":"page","link":"https:\/\/www.elcowa.com\/de\/antistatisch\/antistatische-ausruestung\/wartung\/eco-test\/","title":{"rendered":"ECO-TEST"},"content":{"rendered":"<div class=\"flex_column av_one_full  av-animated-generic bottom-to-top  flex_column_div av-zero-column-padding first  avia-builder-el-0  el_before_av_image  avia-builder-el-first  \" style='margin-top:0px; margin-bottom:0px; border-radius:0px; '><p><div style='padding-bottom:0px; color:#00aeff;' class='av-special-heading av-special-heading-h1 custom-color-heading blockquote modern-quote  avia-builder-el-1  el_before_av_heading  avia-builder-el-first  '><h1 class='av-special-heading-tag '  itemprop=\"headline\"  >Tester f\u00fcr ionisierende Ger\u00e4te<\/h1><div class='special-heading-border'><div class='special-heading-inner-border' style='border-color:#00aeff'><\/div><\/div><\/div><br \/>\n<div style='padding-bottom:0px; margin:1 1 1 1; ' class='av-special-heading av-special-heading-h2  blockquote modern-quote  avia-builder-el-2  el_after_av_heading  el_before_av_hr  '><h2 class='av-special-heading-tag '  itemprop=\"headline\"  >ECO-TEST<\/h2><div class='special-heading-border'><div class='special-heading-inner-border' ><\/div><\/div><\/div><br \/>\n<div style=' margin-top:10px; margin-bottom:10px;'  class='hr hr-custom hr-left hr-icon-no   avia-builder-el-3  el_after_av_heading  avia-builder-el-last '><span class='hr-inner   inner-border-av-border-fat' style=' width:50px; border-color:#00aeff;' ><span class='hr-inner-style'><\/span><\/span><\/div><\/p><\/div>\n<div class='avia-image-container  av-styling-    avia-builder-el-4  el_after_av_one_full  el_before_av_tab_container  avia-align-center '  itemprop=\"ImageObject\" itemscope=\"itemscope\" itemtype=\"https:\/\/schema.org\/ImageObject\"  ><div class='avia-image-container-inner'><div class='avia-image-overlay-wrap'><img class='avia_image' src='https:\/\/www.elcowa.com\/wp-content\/uploads\/2020\/01\/ECO-TEST-248x300.png' alt='' title='ECO-TEST' height=\"300\" width=\"248\"  itemprop=\"thumbnailUrl\"  \/><\/div><\/div><\/div>\n<div class=\"tabcontainer   top_tab   avia-builder-el-5  el_after_av_image  el_before_av_textblock \">\n\n<section class=\"av_tab_section\"  itemscope=\"itemscope\" itemtype=\"https:\/\/schema.org\/CreativeWork\" >    <div aria-controls=\"tab-id-1\" role=\"tab\" tabindex=\"0\" data-fake-id=\"#tab-id-1\" class=\"tab active_tab\"  itemprop=\"headline\" >PRODUKT<\/div>\n    <div id=\"tab-id-1-container\" class=\"tab_content active_tab_content\" aria-hidden=\"false\">\n        <div class=\"tab_inner_content invers-color\"  itemprop=\"text\" >\n<p class=\"Default\">Haben Sie\u00a0<strong><span style=\"color: #00aeff;\">auf Ihren Maschinen eines unserer Ger\u00e4te<\/span><\/strong> und wollen sich durch ein Warnlicht von dessen <strong><span style=\"color: #00aeff;\">perfekter Bedienung<\/span><\/strong> \u00fcberzeugen?<\/p>\n<p class=\"Default\" style=\"text-align: center;\"><span style=\"font-size: 15pt;\"><strong><span style=\"color: #00aeff;\">ECO-TEST<\/span><\/strong> ist die L\u00f6sung, die Sie brauchen!<\/span><\/p>\n<p>Verbinden Sie den \u00d6ko-Test einfach mit einer Krokodilklemme mit der Erde der Maschine oder des Ger\u00e4ts.<\/p>\n\n        <\/div>\n    <\/div>\n<\/section>\n\n<section class=\"av_tab_section\"  itemscope=\"itemscope\" itemtype=\"https:\/\/schema.org\/CreativeWork\" >    <div aria-controls=\"tab-id-2\" role=\"tab\" tabindex=\"0\" data-fake-id=\"#tab-id-2\" class=\"tab \"  itemprop=\"headline\" >TECHNISCHE DATEN<\/div>\n    <div id=\"tab-id-2-container\" class=\"tab_content \" aria-hidden=\"true\">\n        <div class=\"tab_inner_content invers-color\"  itemprop=\"text\" >\n<p><strong>VERBINDEN SIE NIE DAS \u00d6KO-TEST-DIREKT AUF DEN HOCHSPANNUNGSGENERATOR-AUSG\u00c4NG<\/strong><\/p>\n\n        <\/div>\n    <\/div>\n<\/section>\n\n<\/div>\n\n<section class=\"av_textblock_section \"  itemscope=\"itemscope\" itemtype=\"https:\/\/schema.org\/CreativeWork\" ><div class='avia_textblock  '  style='font-size:30px; '  itemprop=\"text\" ><\/div><\/section>\n<section class=\"av_textblock_section \"  itemscope=\"itemscope\" itemtype=\"https:\/\/schema.org\/CreativeWork\" ><div class='avia_textblock  '  style='font-size:30px; '  itemprop=\"text\" ><\/div><\/section>\n<div class=\"flex_column av_one_fourth  av-animated-generic bottom-to-top  flex_column_div first  avia-builder-el-8  el_after_av_textblock  el_before_av_one_fourth  column-top-margin\" style='margin-top:0px; margin-bottom:0px; padding:15px; border-radius:0px; '><\/div>\n<div class=\"flex_column av_one_fourth  av-animated-generic bottom-to-top  flex_column_div   avia-builder-el-9  el_after_av_one_fourth  el_before_av_one_fourth  column-top-margin\" style='margin-top:0px; margin-bottom:0px; padding:15px; border-radius:0px; '><div class='avia-buttonrow-wrap avia-buttonrow-center   avia-builder-el-10  avia-builder-el-no-sibling '>\n<a href='https:\/\/www.elcowa.com\/de\/contact\/'  class='avia-button  avia-icon_select-yes-left-icon avia-color-theme-color avia-size-x-large '  style='margin-bottom:5px; margin-left:3px; margin-right:3px; ' ><span class='avia_button_icon avia_button_icon_left ' aria-hidden='true' data-av_icon='\ue805' data-av_iconfont='entypo-fontello'><\/span><span class='avia_iconbox_title' >MEHR INFORMATIONEN<\/span><\/a>\n<\/div><\/div><div class=\"flex_column av_one_fourth  av-animated-generic bottom-to-top  flex_column_div   avia-builder-el-11  el_after_av_one_fourth  el_before_av_one_fourth  column-top-margin\" style='margin-top:0px; margin-bottom:0px; padding:15px; border-radius:0px; '><div class='avia-buttonrow-wrap avia-buttonrow-center   avia-builder-el-12  avia-builder-el-no-sibling '>\n<a href='https:\/\/www.elcowa.com\/de\/documentation-eco-test-2-2\/'  class='avia-button  avia-icon_select-yes-left-icon avia-color-theme-color avia-size-x-large '  target=\"_blank\"  style='margin-bottom:5px; margin-left:3px; margin-right:3px; ' ><span class='avia_button_icon avia_button_icon_left ' aria-hidden='true' data-av_icon='\ue84e' data-av_iconfont='entypo-fontello'><\/span><span class='avia_iconbox_title' >DIE BROSCH\u00dcRE HERUNTERLADEN<\/span><\/a>\n<\/div><\/div><\/p>\n<div class=\"flex_column av_one_fourth  av-animated-generic bottom-to-top  flex_column_div av-zero-column-padding   avia-builder-el-13  el_after_av_one_fourth  el_before_av_textblock  column-top-margin\" style='margin-top:0px; margin-bottom:0px; border-radius:0px; '><\/div>\n<section class=\"av_textblock_section \"  itemscope=\"itemscope\" itemtype=\"https:\/\/schema.org\/CreativeWork\" ><div class='avia_textblock  '  style='font-size:30px; '  itemprop=\"text\" ><\/div><\/section>\n<section class=\"av_textblock_section \"  itemscope=\"itemscope\" itemtype=\"https:\/\/schema.org\/CreativeWork\" ><div class='avia_textblock  '  style='font-size:30px; '  itemprop=\"text\" ><\/div><\/section>\n<div style='padding-bottom:0px; margin:1 1 1 1; color:#00aeff;' class='av-special-heading av-special-heading-h2 custom-color-heading blockquote modern-quote  avia-builder-el-16  el_after_av_textblock  el_before_av_textblock   '><h2 class='av-special-heading-tag '  itemprop=\"headline\"  >ZUGEH\u00d6RIGE PRODUKTE :<\/h2><div class='special-heading-border'><div class='special-heading-inner-border' style='border-color:#00aeff'><\/div><\/div><\/div>\n<section class=\"av_textblock_section \"  itemscope=\"itemscope\" itemtype=\"https:\/\/schema.org\/CreativeWork\" ><div class='avia_textblock  '  style='font-size:30px; '  itemprop=\"text\" ><\/div><\/section>\n<section class=\"av_textblock_section \"  itemscope=\"itemscope\" itemtype=\"https:\/\/schema.org\/CreativeWork\" ><div class='avia_textblock  '  style='font-size:30px; '  itemprop=\"text\" ><\/div><\/section>\n<section class=\"av_textblock_section \"  itemscope=\"itemscope\" itemtype=\"https:\/\/schema.org\/CreativeWork\" ><div class='avia_textblock  '  style='font-size:30px; '  itemprop=\"text\" ><\/div><\/section>\n<section class=\"av_textblock_section \"  itemscope=\"itemscope\" itemtype=\"https:\/\/schema.org\/CreativeWork\" ><div class='avia_textblock  '  style='font-size:30px; '  itemprop=\"text\" ><\/div><\/section>\n<div style='height:30px' class='hr hr-invisible   avia-builder-el-21  el_after_av_textblock  el_before_av_textblock '><span class='hr-inner ' ><span class='hr-inner-style'><\/span><\/span><\/div>\n<section class=\"av_textblock_section \"  itemscope=\"itemscope\" itemtype=\"https:\/\/schema.org\/CreativeWork\" ><div class='avia_textblock  '  style='font-size:30px; '  itemprop=\"text\" ><\/div><\/section>\n<section class=\"av_textblock_section \"  itemscope=\"itemscope\" itemtype=\"https:\/\/schema.org\/CreativeWork\" ><div class='avia_textblock  '  style='font-size:30px; '  itemprop=\"text\" ><\/div><\/section>\n<div class=\"flex_column av_one_third  av-animated-generic bottom-to-top  flex_column_div av-zero-column-padding first  avia-builder-el-24  el_after_av_textblock  el_before_av_one_third  column-top-margin\" style='margin-top:0px; margin-bottom:0px; border-radius:0px; '><div class='avia-image-container  av-styling-    avia-builder-el-25  avia-builder-el-no-sibling  avia-align-center '  itemprop=\"ImageObject\" itemscope=\"itemscope\" itemtype=\"https:\/\/schema.org\/ImageObject\"  ><div class='avia-image-container-inner'><div class='avia-image-overlay-wrap'><a href='https:\/\/www.elcowa.com\/de\/antistatique\/produits\/lame-dair\/ecoflow\/' class='avia_image'   target=\"_blank\" ><img class='avia_image ' src='https:\/\/www.elcowa.com\/wp-content\/uploads\/2020\/02\/ECOFLOW-5-300x287.png' alt='' title='LA LAME D&#039;AIR -ECOFLOW'  itemprop=\"thumbnailUrl\"  \/><\/a><\/div><\/div><\/div><\/div>\n<div class=\"flex_column av_one_third  av-animated-generic bottom-to-top  flex_column_div av-zero-column-padding   avia-builder-el-26  el_after_av_one_third  el_before_av_one_third  column-top-margin\" style='margin-top:0px; margin-bottom:0px; border-radius:0px; '><div class='avia-image-container  av-styling-    avia-builder-el-27  avia-builder-el-no-sibling  avia-align-center '  itemprop=\"ImageObject\" itemscope=\"itemscope\" itemtype=\"https:\/\/schema.org\/ImageObject\"  ><div class='avia-image-container-inner'><div class='avia-image-overlay-wrap'><a href='https:\/\/www.elcowa.com\/de\/antistatique\/produits\/souffleries-ionise\/' class='avia_image'   target=\"_blank\" ><img class='avia_image ' src='https:\/\/www.elcowa.com\/wp-content\/uploads\/2020\/02\/IONISIERENDE-LUFTKAN\u00c4LE-300x287.png' alt='Souffleries ionisante' title='LES SOUFFLERIES IONISANTES'  itemprop=\"thumbnailUrl\"  \/><\/a><\/div><\/div><\/div><\/div>\n<div class=\"flex_column av_one_third  av-animated-generic bottom-to-top  flex_column_div av-zero-column-padding   avia-builder-el-28  el_after_av_one_third  el_before_av_one_third  column-top-margin\" style='margin-top:0px; margin-bottom:0px; border-radius:0px; '><div class='avia-image-container  av-styling-    avia-builder-el-29  avia-builder-el-no-sibling  avia-align-center '  itemprop=\"ImageObject\" itemscope=\"itemscope\" itemtype=\"https:\/\/schema.org\/ImageObject\"  ><div class='avia-image-container-inner'><div class='avia-image-overlay-wrap'><a href='https:\/\/www.elcowa.com\/de\/antistatique\/produits\/barres-antistatiques\/' class='avia_image'   target=\"_blank\" ><img class='avia_image ' src='https:\/\/www.elcowa.com\/wp-content\/uploads\/2020\/02\/ENTLADEELEKTRODEN-1-300x287.png' alt='Stab ionisierende Entladungselektrode' title='ionisierender Antistatikstab'  itemprop=\"thumbnailUrl\"  \/><\/a><\/div><\/div><\/div><\/div>\n<div class=\"flex_column av_one_third  av-animated-generic bottom-to-top  flex_column_div av-zero-column-padding first  avia-builder-el-30  el_after_av_one_third  el_before_av_one_third  column-top-margin\" style='margin-top:0px; margin-bottom:0px; border-radius:0px; '><div class='avia-image-container  av-styling-    avia-builder-el-31  avia-builder-el-no-sibling  avia-align-center '  itemprop=\"ImageObject\" itemscope=\"itemscope\" itemtype=\"https:\/\/schema.org\/ImageObject\"  ><div class='avia-image-container-inner'><div class='avia-image-overlay-wrap'><a href='https:\/\/www.elcowa.com\/de\/antistatique\/produits\/pistolets-ionisants\/tisp-n\/' class='avia_image'   target=\"_blank\" ><img class='avia_image ' src='https:\/\/www.elcowa.com\/wp-content\/uploads\/2020\/02\/TISP-N-3-300x288.png' alt='pistolet antistatique' title='LE PISTOLET - TISP-N'  itemprop=\"thumbnailUrl\"  \/><\/a><\/div><\/div><\/div><\/div>\n<div class=\"flex_column av_one_third  av-animated-generic bottom-to-top  flex_column_div av-zero-column-padding   avia-builder-el-32  el_after_av_one_third  el_before_av_one_third  column-top-margin\" style='margin-top:0px; margin-bottom:0px; border-radius:0px; '><div class='avia-image-container  av-styling-    avia-builder-el-33  avia-builder-el-no-sibling  avia-align-center '  itemprop=\"ImageObject\" itemscope=\"itemscope\" itemtype=\"https:\/\/schema.org\/ImageObject\"  ><div class='avia-image-container-inner'><div class='avia-image-overlay-wrap'><a href='https:\/\/www.elcowa.com\/de\/antistatique\/produits\/buses-ionisantes\/' class='avia_image'   target=\"_blank\" ><img class='avia_image ' src='https:\/\/www.elcowa.com\/wp-content\/uploads\/2020\/02\/IONISIERUNGSD\u00dcSEN-300x287.png' alt='les pointes ionisantes' title='LES BUSES IONISANTES'  itemprop=\"thumbnailUrl\"  \/><\/a><\/div><\/div><\/div><\/div>\n<div class=\"flex_column av_one_third  av-animated-generic bottom-to-top  flex_column_div av-zero-column-padding   avia-builder-el-34  el_after_av_one_third  avia-builder-el-last  column-top-margin\" style='margin-top:0px; margin-bottom:0px; border-radius:0px; '><div class='avia-image-container  av-styling-    avia-builder-el-35  avia-builder-el-no-sibling  avia-align-center '  itemprop=\"ImageObject\" itemscope=\"itemscope\" itemtype=\"https:\/\/schema.org\/ImageObject\"  ><div class='avia-image-container-inner'><div class='avia-image-overlay-wrap'><a href='https:\/\/www.elcowa.com\/de\/antistatique\/produits\/les-depoussiereurs\/' class='avia_image'   target=\"_blank\" ><img class='avia_image ' src='https:\/\/www.elcowa.com\/wp-content\/uploads\/2020\/02\/STAUBABSCHEIDER-1-300x287.png' alt='d\u00e9poussi\u00e9reur ionisant' title='LES DEPOUSSIEREURS'  itemprop=\"thumbnailUrl\"  \/><\/a><\/div><\/div><\/div><\/div>\n","protected":false},"excerpt":{"rendered":"","protected":false},"author":4,"featured_media":0,"parent":5450,"menu_order":2,"comment_status":"closed","ping_status":"closed","template":"","meta":{"_acf_changed":false,"footnotes":""},"class_list":["post-5458","page","type-page","status-publish","hentry"],"acf":[],"yoast_head":"<!-- This site is optimized with the Yoast SEO plugin v26.9 - https:\/\/yoast.com\/product\/yoast-seo-wordpress\/ -->\n<title>ECO-TEST - ELCOWA<\/title>\n<meta name=\"description\" content=\"Besitzen Sie ELCOWA Ger\u00e4te und m\u00f6chten Sie sicherstellen, dass diese richtig funktionieren? Dann ist der ECO-TEST Teststift die richtige L\u00f6sung f\u00fcr Sie.\" \/>\n<meta name=\"robots\" content=\"index, follow, max-snippet:-1, max-image-preview:large, max-video-preview:-1\" \/>\n<link rel=\"canonical\" href=\"https:\/\/www.elcowa.com\/de\/antistatisch\/antistatische-ausruestung\/wartung\/eco-test\/\" \/>\n<meta property=\"og:locale\" content=\"de_DE\" \/>\n<meta property=\"og:type\" content=\"article\" \/>\n<meta property=\"og:title\" content=\"ECO-TEST - ELCOWA\" \/>\n<meta property=\"og:description\" content=\"Besitzen Sie ELCOWA Ger\u00e4te und m\u00f6chten Sie sicherstellen, dass diese richtig funktionieren? Dann ist der ECO-TEST Teststift die richtige L\u00f6sung f\u00fcr Sie.\" \/>\n<meta property=\"og:url\" content=\"https:\/\/www.elcowa.com\/de\/antistatisch\/antistatische-ausruestung\/wartung\/eco-test\/\" \/>\n<meta property=\"og:site_name\" content=\"ELCOWA\" \/>\n<meta property=\"article:modified_time\" content=\"2024-06-14T14:08:00+00:00\" \/>\n<meta name=\"twitter:card\" content=\"summary_large_image\" \/>\n<meta name=\"twitter:label1\" content=\"Gesch\u00e4tzte Lesezeit\" \/>\n\t<meta name=\"twitter:data1\" content=\"4\u00a0Minuten\" \/>\n<script type=\"application\/ld+json\" class=\"yoast-schema-graph\">{\"@context\":\"https:\/\/schema.org\",\"@graph\":[{\"@type\":\"WebPage\",\"@id\":\"https:\/\/www.elcowa.com\/de\/antistatisch\/antistatische-ausruestung\/wartung\/eco-test\/\",\"url\":\"https:\/\/www.elcowa.com\/de\/antistatisch\/antistatische-ausruestung\/wartung\/eco-test\/\",\"name\":\"ECO-TEST - ELCOWA\",\"isPartOf\":{\"@id\":\"https:\/\/www.elcowa.com\/de\/#website\"},\"datePublished\":\"2020-01-28T11:18:17+00:00\",\"dateModified\":\"2024-06-14T14:08:00+00:00\",\"description\":\"Besitzen Sie ELCOWA Ger\u00e4te und m\u00f6chten Sie sicherstellen, dass diese richtig funktionieren? Dann ist der ECO-TEST Teststift die richtige L\u00f6sung f\u00fcr Sie.\",\"breadcrumb\":{\"@id\":\"https:\/\/www.elcowa.com\/de\/antistatisch\/antistatische-ausruestung\/wartung\/eco-test\/#breadcrumb\"},\"inLanguage\":\"de\",\"potentialAction\":[{\"@type\":\"ReadAction\",\"target\":[\"https:\/\/www.elcowa.com\/de\/antistatisch\/antistatische-ausruestung\/wartung\/eco-test\/\"]}]},{\"@type\":\"BreadcrumbList\",\"@id\":\"https:\/\/www.elcowa.com\/de\/antistatisch\/antistatische-ausruestung\/wartung\/eco-test\/#breadcrumb\",\"itemListElement\":[{\"@type\":\"ListItem\",\"position\":1,\"name\":\"Accueil\",\"item\":\"https:\/\/www.elcowa.com\/de\/home\/\"},{\"@type\":\"ListItem\",\"position\":2,\"name\":\"Antistatisch\",\"item\":\"https:\/\/www.elcowa.com\/de\/antistatisch\/\"},{\"@type\":\"ListItem\",\"position\":3,\"name\":\"Produkte\",\"item\":\"https:\/\/www.elcowa.com\/de\/antistatisch\/antistatische-ausruestung\/\"},{\"@type\":\"ListItem\",\"position\":4,\"name\":\"Wartung der antistatischen Ausr\u00fcstung\",\"item\":\"https:\/\/www.elcowa.com\/de\/antistatisch\/antistatische-ausruestung\/wartung\/\"},{\"@type\":\"ListItem\",\"position\":5,\"name\":\"ECO-TEST\"}]},{\"@type\":\"WebSite\",\"@id\":\"https:\/\/www.elcowa.com\/de\/#website\",\"url\":\"https:\/\/www.elcowa.com\/de\/\",\"name\":\"ELCOWA\",\"description\":\"Mat\u00e9riels antistatiques &amp; contr\u00f4le de produits\",\"potentialAction\":[{\"@type\":\"SearchAction\",\"target\":{\"@type\":\"EntryPoint\",\"urlTemplate\":\"https:\/\/www.elcowa.com\/de\/?s={search_term_string}\"},\"query-input\":{\"@type\":\"PropertyValueSpecification\",\"valueRequired\":true,\"valueName\":\"search_term_string\"}}],\"inLanguage\":\"de\"}]}<\/script>\n<!-- \/ Yoast SEO plugin. -->","yoast_head_json":{"title":"ECO-TEST - ELCOWA","description":"Besitzen Sie ELCOWA Ger\u00e4te und m\u00f6chten Sie sicherstellen, dass diese richtig funktionieren? Dann ist der ECO-TEST Teststift die richtige L\u00f6sung f\u00fcr Sie.","robots":{"index":"index","follow":"follow","max-snippet":"max-snippet:-1","max-image-preview":"max-image-preview:large","max-video-preview":"max-video-preview:-1"},"canonical":"https:\/\/www.elcowa.com\/de\/antistatisch\/antistatische-ausruestung\/wartung\/eco-test\/","og_locale":"de_DE","og_type":"article","og_title":"ECO-TEST - ELCOWA","og_description":"Besitzen Sie ELCOWA Ger\u00e4te und m\u00f6chten Sie sicherstellen, dass diese richtig funktionieren? Dann ist der ECO-TEST Teststift die richtige L\u00f6sung f\u00fcr Sie.","og_url":"https:\/\/www.elcowa.com\/de\/antistatisch\/antistatische-ausruestung\/wartung\/eco-test\/","og_site_name":"ELCOWA","article_modified_time":"2024-06-14T14:08:00+00:00","twitter_card":"summary_large_image","twitter_misc":{"Gesch\u00e4tzte Lesezeit":"4\u00a0Minuten"},"schema":{"@context":"https:\/\/schema.org","@graph":[{"@type":"WebPage","@id":"https:\/\/www.elcowa.com\/de\/antistatisch\/antistatische-ausruestung\/wartung\/eco-test\/","url":"https:\/\/www.elcowa.com\/de\/antistatisch\/antistatische-ausruestung\/wartung\/eco-test\/","name":"ECO-TEST - ELCOWA","isPartOf":{"@id":"https:\/\/www.elcowa.com\/de\/#website"},"datePublished":"2020-01-28T11:18:17+00:00","dateModified":"2024-06-14T14:08:00+00:00","description":"Besitzen Sie ELCOWA Ger\u00e4te und m\u00f6chten Sie sicherstellen, dass diese richtig funktionieren? Dann ist der ECO-TEST Teststift die richtige L\u00f6sung f\u00fcr Sie.","breadcrumb":{"@id":"https:\/\/www.elcowa.com\/de\/antistatisch\/antistatische-ausruestung\/wartung\/eco-test\/#breadcrumb"},"inLanguage":"de","potentialAction":[{"@type":"ReadAction","target":["https:\/\/www.elcowa.com\/de\/antistatisch\/antistatische-ausruestung\/wartung\/eco-test\/"]}]},{"@type":"BreadcrumbList","@id":"https:\/\/www.elcowa.com\/de\/antistatisch\/antistatische-ausruestung\/wartung\/eco-test\/#breadcrumb","itemListElement":[{"@type":"ListItem","position":1,"name":"Accueil","item":"https:\/\/www.elcowa.com\/de\/home\/"},{"@type":"ListItem","position":2,"name":"Antistatisch","item":"https:\/\/www.elcowa.com\/de\/antistatisch\/"},{"@type":"ListItem","position":3,"name":"Produkte","item":"https:\/\/www.elcowa.com\/de\/antistatisch\/antistatische-ausruestung\/"},{"@type":"ListItem","position":4,"name":"Wartung der antistatischen Ausr\u00fcstung","item":"https:\/\/www.elcowa.com\/de\/antistatisch\/antistatische-ausruestung\/wartung\/"},{"@type":"ListItem","position":5,"name":"ECO-TEST"}]},{"@type":"WebSite","@id":"https:\/\/www.elcowa.com\/de\/#website","url":"https:\/\/www.elcowa.com\/de\/","name":"ELCOWA","description":"Mat\u00e9riels antistatiques &amp; contr\u00f4le de produits","potentialAction":[{"@type":"SearchAction","target":{"@type":"EntryPoint","urlTemplate":"https:\/\/www.elcowa.com\/de\/?s={search_term_string}"},"query-input":{"@type":"PropertyValueSpecification","valueRequired":true,"valueName":"search_term_string"}}],"inLanguage":"de"}]}},"_links":{"self":[{"href":"https:\/\/www.elcowa.com\/de\/wp-json\/wp\/v2\/pages\/5458","targetHints":{"allow":["GET"]}}],"collection":[{"href":"https:\/\/www.elcowa.com\/de\/wp-json\/wp\/v2\/pages"}],"about":[{"href":"https:\/\/www.elcowa.com\/de\/wp-json\/wp\/v2\/types\/page"}],"author":[{"embeddable":true,"href":"https:\/\/www.elcowa.com\/de\/wp-json\/wp\/v2\/users\/4"}],"replies":[{"embeddable":true,"href":"https:\/\/www.elcowa.com\/de\/wp-json\/wp\/v2\/comments?post=5458"}],"version-history":[{"count":0,"href":"https:\/\/www.elcowa.com\/de\/wp-json\/wp\/v2\/pages\/5458\/revisions"}],"up":[{"embeddable":true,"href":"https:\/\/www.elcowa.com\/de\/wp-json\/wp\/v2\/pages\/5450"}],"wp:attachment":[{"href":"https:\/\/www.elcowa.com\/de\/wp-json\/wp\/v2\/media?parent=5458"}],"curies":[{"name":"wp","href":"https:\/\/api.w.org\/{rel}","templated":true}]}}