{"id":5450,"date":"2020-01-28T09:49:39","date_gmt":"2020-01-28T08:49:39","guid":{"rendered":"https:\/\/www.elcowa.com\/antistatique\/produits\/entretien\/"},"modified":"2023-12-01T11:03:15","modified_gmt":"2023-12-01T10:03:15","slug":"wartung","status":"publish","type":"page","link":"https:\/\/www.elcowa.com\/de\/antistatisch\/antistatische-ausruestung\/wartung\/","title":{"rendered":"Wartung der antistatischen Ausr\u00fcstung"},"content":{"rendered":"<div class=\"flex_column av_one_full  av-animated-generic bottom-to-top  flex_column_div av-zero-column-padding first  avia-builder-el-0  el_before_av_textblock  avia-builder-el-first  \" style='margin-top:0px; margin-bottom:0px; border-radius:0px; '><p><div style='padding-bottom:0px; color:#00aeff;' class='av-special-heading av-special-heading-h1 custom-color-heading blockquote modern-quote  avia-builder-el-1  el_before_av_heading  avia-builder-el-first  '><h1 class='av-special-heading-tag '  itemprop=\"headline\"  >WARTUNG<\/h1><div class='special-heading-border'><div class='special-heading-inner-border' style='border-color:#00aeff'><\/div><\/div><\/div><br \/>\n<div style='padding-bottom:0px; margin:1 1 1 1; ' class='av-special-heading av-special-heading-h2  blockquote modern-quote  avia-builder-el-2  el_after_av_heading  el_before_av_hr  '><h2 class='av-special-heading-tag '  itemprop=\"headline\"  >Sch\u00fctzen Sie Ihre Ausr\u00fcstungen<\/h2><div class='special-heading-border'><div class='special-heading-inner-border' ><\/div><\/div><\/div><br \/>\n<div style=' margin-top:10px; margin-bottom:10px;'  class='hr hr-custom hr-left hr-icon-no   avia-builder-el-3  el_after_av_heading  avia-builder-el-last '><span class='hr-inner   inner-border-av-border-fat' style=' width:50px; border-color:#00aeff;' ><span class='hr-inner-style'><\/span><\/span><\/div><\/p><\/div>\n<section class=\"av_textblock_section \"  itemscope=\"itemscope\" itemtype=\"https:\/\/schema.org\/CreativeWork\" ><div class='avia_textblock  '  style='font-size:13px; '  itemprop=\"text\" ><p class=\"Default\">Ionisierende Ger\u00e4te, die in das Herzst\u00fcck Ihrer Maschine implantiert werden, unterliegen aufgrund von Verschmutzungen einer Ver\u00e4nderung ihrer ionischen Effizienz und <strong>verlieren daher an Effizienz<\/strong>.<\/p>\n<p class=\"Default\">Metallische Teile, Erdungsstifte und -profile, isolierende Teile, Profile und Verbinder sind mit einem Fettfilm und einem Staubagglomerat bedeckt, die ihre Eigenschaften ver\u00e4ndern.<\/p>\n<p class=\"Default\"><strong>Es ist unabdingbar, eine periodische Wartung der Ausr\u00fcstung durchzuf\u00fchren, um sicherzustellen, dass ihre optimale Leistung beibehalten wird.<\/strong> Mangelnde Wartung f\u00fchrt zu erheblichen Leistungsverlusten bei den ionisierenden Ger\u00e4ten, und es treten erneut elektrostatische Ph\u00e4nomene auf, die wiederum Ihre Produktion st\u00f6ren.<\/p>\n<p><img loading=\"lazy\" decoding=\"async\" class=\"aligncenter wp-image-3647\" src=\"https:\/\/www.elcowa.com\/wp-content\/uploads\/2020\/01\/ELCOCLEAN_photo.jpg\" alt=\"\" width=\"264\" height=\"175\" srcset=\"https:\/\/www.elcowa.com\/wp-content\/uploads\/2020\/01\/ELCOCLEAN_photo.jpg 2256w, https:\/\/www.elcowa.com\/wp-content\/uploads\/2020\/01\/ELCOCLEAN_photo-300x199.jpg 300w, https:\/\/www.elcowa.com\/wp-content\/uploads\/2020\/01\/ELCOCLEAN_photo-768x509.jpg 768w, https:\/\/www.elcowa.com\/wp-content\/uploads\/2020\/01\/ELCOCLEAN_photo-1030x683.jpg 1030w, https:\/\/www.elcowa.com\/wp-content\/uploads\/2020\/01\/ELCOCLEAN_photo-1500x995.jpg 1500w, https:\/\/www.elcowa.com\/wp-content\/uploads\/2020\/01\/ELCOCLEAN_photo-705x468.jpg 705w, https:\/\/www.elcowa.com\/wp-content\/uploads\/2020\/01\/ELCOCLEAN_photo-450x298.jpg 450w\" sizes=\"auto, (max-width: 264px) 100vw, 264px\" \/><\/p>\n<div><\/div>\n<\/div><\/section>\n<div style='padding-bottom:0px; margin:1 1 1 1; color:#00aeff;' class='av-special-heading av-special-heading-h3 custom-color-heading blockquote modern-quote  avia-builder-el-5  el_after_av_textblock  el_before_av_toggle_container   '><h3 class='av-special-heading-tag '  itemprop=\"headline\"  > Sie m\u00f6chten: <\/h3><div class='special-heading-border'><div class='special-heading-inner-border' style='border-color:#00aeff'><\/div><\/div><\/div>\n<div class=\"togglecontainer   toggle_close_all  avia-builder-el-6  el_after_av_heading  el_before_av_hr \" >\n<section class=\"av_toggle_section\"  itemscope=\"itemscope\" itemtype=\"https:\/\/schema.org\/CreativeWork\"  >    <div class=\"single_toggle\" data-tags=\"{Alle} \"  >        <p data-fake-id=\"#toggle-id-1\" class=\"toggler \"  itemprop=\"headline\"   >Entfernen Sie Schmutz von Ihren antistatischen St\u00e4ben, Ionisierungspistolen, Gebl\u00e4sen, Entstauber usw.<span class=\"toggle_icon\" >        <span class=\"vert_icon\"><\/span><span class=\"hor_icon\"><\/span><\/span><\/p>        <div id=\"toggle-id-1-container\" class=\"toggle_wrap \"  >            <div class=\"toggle_content invers-color \"  itemprop=\"text\"   ><p><a href=\"https:\/\/www.elcowa.com\/de\/antistatique\/produits\/entretien\/elcoclean\/\"><img loading=\"lazy\" decoding=\"async\" class=\" wp-image-3651 alignleft\" src=\"https:\/\/www.elcowa.com\/wp-content\/uploads\/2020\/02\/ELCOCLEAN-1.png\" alt=\"\" width=\"210\" height=\"202\" \/><\/a><\/p>\n            <\/div>        <\/div>    <\/div><\/section>\n<section class=\"av_toggle_section\"  itemscope=\"itemscope\" itemtype=\"https:\/\/schema.org\/CreativeWork\"  >    <div class=\"single_toggle\" data-tags=\"{Alle} \"  >        <p data-fake-id=\"#toggle-id-2\" class=\"toggler \"  itemprop=\"headline\"   >\u00dcberpr\u00fcfen Sie die ordnungsgem\u00e4\u00dfe Funktion Ihrer Ausr\u00fcstung<span class=\"toggle_icon\" >        <span class=\"vert_icon\"><\/span><span class=\"hor_icon\"><\/span><\/span><\/p>        <div id=\"toggle-id-2-container\" class=\"toggle_wrap \"  >            <div class=\"toggle_content invers-color \"  itemprop=\"text\"   ><p><a href=\"https:\/\/www.elcowa.com\/de\/antistatique\/produits\/entretien\/eco-test\/\"><img loading=\"lazy\" decoding=\"async\" class=\"wp-image-3726 alignleft\" src=\"https:\/\/www.elcowa.com\/wp-content\/uploads\/2020\/02\/ECO-TEST-1.png\" alt=\"\" width=\"210\" height=\"201\" \/><\/a><\/p>\n            <\/div>        <\/div>    <\/div><\/section>\n<\/div>\n<div style='height:30px' class='hr hr-invisible   avia-builder-el-7  el_after_av_toggle_container  el_before_av_heading '><span class='hr-inner ' ><span class='hr-inner-style'><\/span><\/span><\/div>\n<div style='padding-bottom:0px; margin:1 1 1 1; color:#00aeff;' class='av-special-heading av-special-heading-h3 custom-color-heading blockquote modern-quote  avia-builder-el-8  el_after_av_hr  el_before_av_hr   '><h3 class='av-special-heading-tag '  itemprop=\"headline\"  >Unser Produktangebot : <\/h3><div class='special-heading-border'><div class='special-heading-inner-border' style='border-color:#00aeff'><\/div><\/div><\/div>\n<div style='height:30px' class='hr hr-invisible   avia-builder-el-9  el_after_av_heading  el_before_av_one_third '><span class='hr-inner ' ><span class='hr-inner-style'><\/span><\/span><\/div>\n<div class=\"flex_column av_one_third  av-animated-generic bottom-to-top  flex_column_div av-zero-column-padding first  avia-builder-el-10  el_after_av_hr  el_before_av_one_third  \" style='margin-top:0px; margin-bottom:0px; border-radius:0px; '><div class='avia-image-container  av-styling-    avia-builder-el-11  avia-builder-el-no-sibling  avia-align-center '  itemprop=\"ImageObject\" itemscope=\"itemscope\" itemtype=\"https:\/\/schema.org\/ImageObject\"  ><div class='avia-image-container-inner'><div class='avia-image-overlay-wrap'><a href='https:\/\/www.elcowa.com\/de\/antistatique\/produits\/entretien\/eco-test\/' class='avia_image'   target=\"_blank\" ><img class='avia_image ' src='https:\/\/www.elcowa.com\/wp-content\/uploads\/2020\/02\/ECO-TEST-1-300x287.png' alt='' title='PFLEGE UND WARTUNG - \u00d6KO-TEST'  itemprop=\"thumbnailUrl\"  \/><\/a><\/div><\/div><\/div><\/div>\n<div class=\"flex_column av_one_third  av-animated-generic bottom-to-top  flex_column_div av-zero-column-padding   avia-builder-el-12  el_after_av_one_third  el_before_av_heading  \" style='margin-top:0px; margin-bottom:0px; border-radius:0px; '><div class='avia-image-container  av-styling-    avia-builder-el-13  avia-builder-el-no-sibling  avia-align-center '  itemprop=\"ImageObject\" itemscope=\"itemscope\" itemtype=\"https:\/\/schema.org\/ImageObject\"  ><div class='avia-image-container-inner'><div class='avia-image-overlay-wrap'><a href='https:\/\/www.elcowa.com\/de\/antistatique\/produits\/entretien\/elcoclean\/' class='avia_image'   target=\"_blank\" ><img class='avia_image ' src='https:\/\/www.elcowa.com\/wp-content\/uploads\/2020\/02\/ELCOCLEAN-1-300x288.png' alt='produit d&#039;entretien ionisant' title='ENTRETIEN - ELCOCLEAN'  itemprop=\"thumbnailUrl\"  \/><\/a><\/div><\/div><\/div><\/div>\n<div style='padding-bottom:0px; margin:1 1 1 1; color:#00aeff;' class='av-special-heading av-special-heading-h3 custom-color-heading blockquote modern-quote  avia-builder-el-14  el_after_av_one_third  el_before_av_one_full  '><h3 class='av-special-heading-tag '  itemprop=\"headline\"  >NEWS:<\/h3><div class='special-heading-border'><div class='special-heading-inner-border' style='border-color:#00aeff'><\/div><\/div><\/div>\n<div class=\"flex_column av_one_full  flex_column_div av-zero-column-padding first  avia-builder-el-15  el_after_av_heading  avia-builder-el-last  \" style='border-radius:0px; '><section class=\"av_textblock_section \"  itemscope=\"itemscope\" itemtype=\"https:\/\/schema.org\/CreativeWork\" ><div class='avia_textblock  '   itemprop=\"text\" ><div class='avia-iframe-wrap'>\n<blockquote class=\"wp-embedded-content\" data-secret=\"z3haRYXy6g\">\n<p><a href=\"https:\/\/www.elcowa.com\/de\/wie-und-warum-sie-ihre-antistatikstaebe-gut-reinigen-sollten\/\">Wie und warum Sie Ihre Antistatikst\u00e4be gut reinigen sollten?<\/a><\/p>\n<\/blockquote>\n<p><iframe loading=\"lazy\" class=\"wp-embedded-content\" sandbox=\"allow-scripts\" security=\"restricted\" style=\"position: absolute; clip: rect(1px, 1px, 1px, 1px);\" title=\"&#8222;Wie und warum Sie Ihre Antistatikst\u00e4be gut reinigen sollten?&#8220; &#8212; ELCOWA\" src=\"https:\/\/www.elcowa.com\/de\/wie-und-warum-sie-ihre-antistatikstaebe-gut-reinigen-sollten\/embed\/#?secret=z4XpyQryVo#?secret=z3haRYXy6g\" data-secret=\"z3haRYXy6g\" width=\"600\" height=\"338\" frameborder=\"0\" marginwidth=\"0\" marginheight=\"0\" scrolling=\"no\"><\/iframe><\/div>\n<\/div><\/section><\/div>\n","protected":false},"excerpt":{"rendered":"","protected":false},"author":4,"featured_media":0,"parent":5308,"menu_order":9,"comment_status":"closed","ping_status":"closed","template":"","meta":{"_acf_changed":false,"footnotes":""},"class_list":["post-5450","page","type-page","status-publish","hentry"],"acf":[],"yoast_head":"<!-- This site is optimized with the Yoast SEO plugin v26.9 - https:\/\/yoast.com\/product\/yoast-seo-wordpress\/ -->\n<title>Wartung der antistatischen Ausr\u00fcstung - ELCOWA<\/title>\n<meta name=\"description\" content=\"Um die ionische Leistung Ihrer antistatischen Ausr\u00fcstung nicht zu ver\u00e4ndern, ist es wichtig, eine regelm\u00e4\u00dfige Wartung durchzuf\u00fchren.\" \/>\n<meta name=\"robots\" content=\"index, follow, max-snippet:-1, max-image-preview:large, max-video-preview:-1\" \/>\n<link rel=\"canonical\" href=\"https:\/\/www.elcowa.com\/de\/antistatisch\/antistatische-ausruestung\/wartung\/\" \/>\n<meta property=\"og:locale\" content=\"de_DE\" \/>\n<meta property=\"og:type\" content=\"article\" \/>\n<meta property=\"og:title\" content=\"Wartung der antistatischen Ausr\u00fcstung - ELCOWA\" \/>\n<meta property=\"og:description\" content=\"Um die ionische Leistung Ihrer antistatischen Ausr\u00fcstung nicht zu ver\u00e4ndern, ist es wichtig, eine regelm\u00e4\u00dfige Wartung durchzuf\u00fchren.\" \/>\n<meta property=\"og:url\" content=\"https:\/\/www.elcowa.com\/de\/antistatisch\/antistatische-ausruestung\/wartung\/\" \/>\n<meta property=\"og:site_name\" content=\"ELCOWA\" \/>\n<meta property=\"article:modified_time\" content=\"2023-12-01T10:03:15+00:00\" \/>\n<meta property=\"og:image\" content=\"https:\/\/www.elcowa.com\/wp-content\/uploads\/2020\/01\/ELCOCLEAN_photo.jpg\" \/>\n<meta name=\"twitter:card\" content=\"summary_large_image\" \/>\n<meta name=\"twitter:label1\" content=\"Gesch\u00e4tzte Lesezeit\" \/>\n\t<meta name=\"twitter:data1\" content=\"6\u00a0Minuten\" \/>\n<script type=\"application\/ld+json\" class=\"yoast-schema-graph\">{\"@context\":\"https:\/\/schema.org\",\"@graph\":[{\"@type\":\"WebPage\",\"@id\":\"https:\/\/www.elcowa.com\/de\/antistatisch\/antistatische-ausruestung\/wartung\/\",\"url\":\"https:\/\/www.elcowa.com\/de\/antistatisch\/antistatische-ausruestung\/wartung\/\",\"name\":\"Wartung der antistatischen Ausr\u00fcstung - ELCOWA\",\"isPartOf\":{\"@id\":\"https:\/\/www.elcowa.com\/de\/#website\"},\"primaryImageOfPage\":{\"@id\":\"https:\/\/www.elcowa.com\/de\/antistatisch\/antistatische-ausruestung\/wartung\/#primaryimage\"},\"image\":{\"@id\":\"https:\/\/www.elcowa.com\/de\/antistatisch\/antistatische-ausruestung\/wartung\/#primaryimage\"},\"thumbnailUrl\":\"https:\/\/www.elcowa.com\/wp-content\/uploads\/2020\/01\/ELCOCLEAN_photo.jpg\",\"datePublished\":\"2020-01-28T08:49:39+00:00\",\"dateModified\":\"2023-12-01T10:03:15+00:00\",\"description\":\"Um die ionische Leistung Ihrer antistatischen Ausr\u00fcstung nicht zu ver\u00e4ndern, ist es wichtig, eine regelm\u00e4\u00dfige Wartung durchzuf\u00fchren.\",\"breadcrumb\":{\"@id\":\"https:\/\/www.elcowa.com\/de\/antistatisch\/antistatische-ausruestung\/wartung\/#breadcrumb\"},\"inLanguage\":\"de\",\"potentialAction\":[{\"@type\":\"ReadAction\",\"target\":[\"https:\/\/www.elcowa.com\/de\/antistatisch\/antistatische-ausruestung\/wartung\/\"]}]},{\"@type\":\"ImageObject\",\"inLanguage\":\"de\",\"@id\":\"https:\/\/www.elcowa.com\/de\/antistatisch\/antistatische-ausruestung\/wartung\/#primaryimage\",\"url\":\"https:\/\/www.elcowa.com\/wp-content\/uploads\/2020\/01\/ELCOCLEAN_photo.jpg\",\"contentUrl\":\"https:\/\/www.elcowa.com\/wp-content\/uploads\/2020\/01\/ELCOCLEAN_photo.jpg\"},{\"@type\":\"BreadcrumbList\",\"@id\":\"https:\/\/www.elcowa.com\/de\/antistatisch\/antistatische-ausruestung\/wartung\/#breadcrumb\",\"itemListElement\":[{\"@type\":\"ListItem\",\"position\":1,\"name\":\"Accueil\",\"item\":\"https:\/\/www.elcowa.com\/de\/home\/\"},{\"@type\":\"ListItem\",\"position\":2,\"name\":\"Antistatisch\",\"item\":\"https:\/\/www.elcowa.com\/de\/antistatisch\/\"},{\"@type\":\"ListItem\",\"position\":3,\"name\":\"Produkte\",\"item\":\"https:\/\/www.elcowa.com\/de\/antistatisch\/antistatische-ausruestung\/\"},{\"@type\":\"ListItem\",\"position\":4,\"name\":\"Wartung der antistatischen Ausr\u00fcstung\"}]},{\"@type\":\"WebSite\",\"@id\":\"https:\/\/www.elcowa.com\/de\/#website\",\"url\":\"https:\/\/www.elcowa.com\/de\/\",\"name\":\"ELCOWA\",\"description\":\"Mat\u00e9riels antistatiques &amp; contr\u00f4le de produits\",\"potentialAction\":[{\"@type\":\"SearchAction\",\"target\":{\"@type\":\"EntryPoint\",\"urlTemplate\":\"https:\/\/www.elcowa.com\/de\/?s={search_term_string}\"},\"query-input\":{\"@type\":\"PropertyValueSpecification\",\"valueRequired\":true,\"valueName\":\"search_term_string\"}}],\"inLanguage\":\"de\"}]}<\/script>\n<!-- \/ Yoast SEO plugin. -->","yoast_head_json":{"title":"Wartung der antistatischen Ausr\u00fcstung - ELCOWA","description":"Um die ionische Leistung Ihrer antistatischen Ausr\u00fcstung nicht zu ver\u00e4ndern, ist es wichtig, eine regelm\u00e4\u00dfige Wartung durchzuf\u00fchren.","robots":{"index":"index","follow":"follow","max-snippet":"max-snippet:-1","max-image-preview":"max-image-preview:large","max-video-preview":"max-video-preview:-1"},"canonical":"https:\/\/www.elcowa.com\/de\/antistatisch\/antistatische-ausruestung\/wartung\/","og_locale":"de_DE","og_type":"article","og_title":"Wartung der antistatischen Ausr\u00fcstung - ELCOWA","og_description":"Um die ionische Leistung Ihrer antistatischen Ausr\u00fcstung nicht zu ver\u00e4ndern, ist es wichtig, eine regelm\u00e4\u00dfige Wartung durchzuf\u00fchren.","og_url":"https:\/\/www.elcowa.com\/de\/antistatisch\/antistatische-ausruestung\/wartung\/","og_site_name":"ELCOWA","article_modified_time":"2023-12-01T10:03:15+00:00","og_image":[{"url":"https:\/\/www.elcowa.com\/wp-content\/uploads\/2020\/01\/ELCOCLEAN_photo.jpg","type":"","width":"","height":""}],"twitter_card":"summary_large_image","twitter_misc":{"Gesch\u00e4tzte Lesezeit":"6\u00a0Minuten"},"schema":{"@context":"https:\/\/schema.org","@graph":[{"@type":"WebPage","@id":"https:\/\/www.elcowa.com\/de\/antistatisch\/antistatische-ausruestung\/wartung\/","url":"https:\/\/www.elcowa.com\/de\/antistatisch\/antistatische-ausruestung\/wartung\/","name":"Wartung der antistatischen Ausr\u00fcstung - ELCOWA","isPartOf":{"@id":"https:\/\/www.elcowa.com\/de\/#website"},"primaryImageOfPage":{"@id":"https:\/\/www.elcowa.com\/de\/antistatisch\/antistatische-ausruestung\/wartung\/#primaryimage"},"image":{"@id":"https:\/\/www.elcowa.com\/de\/antistatisch\/antistatische-ausruestung\/wartung\/#primaryimage"},"thumbnailUrl":"https:\/\/www.elcowa.com\/wp-content\/uploads\/2020\/01\/ELCOCLEAN_photo.jpg","datePublished":"2020-01-28T08:49:39+00:00","dateModified":"2023-12-01T10:03:15+00:00","description":"Um die ionische Leistung Ihrer antistatischen Ausr\u00fcstung nicht zu ver\u00e4ndern, ist es wichtig, eine regelm\u00e4\u00dfige Wartung durchzuf\u00fchren.","breadcrumb":{"@id":"https:\/\/www.elcowa.com\/de\/antistatisch\/antistatische-ausruestung\/wartung\/#breadcrumb"},"inLanguage":"de","potentialAction":[{"@type":"ReadAction","target":["https:\/\/www.elcowa.com\/de\/antistatisch\/antistatische-ausruestung\/wartung\/"]}]},{"@type":"ImageObject","inLanguage":"de","@id":"https:\/\/www.elcowa.com\/de\/antistatisch\/antistatische-ausruestung\/wartung\/#primaryimage","url":"https:\/\/www.elcowa.com\/wp-content\/uploads\/2020\/01\/ELCOCLEAN_photo.jpg","contentUrl":"https:\/\/www.elcowa.com\/wp-content\/uploads\/2020\/01\/ELCOCLEAN_photo.jpg"},{"@type":"BreadcrumbList","@id":"https:\/\/www.elcowa.com\/de\/antistatisch\/antistatische-ausruestung\/wartung\/#breadcrumb","itemListElement":[{"@type":"ListItem","position":1,"name":"Accueil","item":"https:\/\/www.elcowa.com\/de\/home\/"},{"@type":"ListItem","position":2,"name":"Antistatisch","item":"https:\/\/www.elcowa.com\/de\/antistatisch\/"},{"@type":"ListItem","position":3,"name":"Produkte","item":"https:\/\/www.elcowa.com\/de\/antistatisch\/antistatische-ausruestung\/"},{"@type":"ListItem","position":4,"name":"Wartung der antistatischen Ausr\u00fcstung"}]},{"@type":"WebSite","@id":"https:\/\/www.elcowa.com\/de\/#website","url":"https:\/\/www.elcowa.com\/de\/","name":"ELCOWA","description":"Mat\u00e9riels antistatiques &amp; contr\u00f4le de produits","potentialAction":[{"@type":"SearchAction","target":{"@type":"EntryPoint","urlTemplate":"https:\/\/www.elcowa.com\/de\/?s={search_term_string}"},"query-input":{"@type":"PropertyValueSpecification","valueRequired":true,"valueName":"search_term_string"}}],"inLanguage":"de"}]}},"_links":{"self":[{"href":"https:\/\/www.elcowa.com\/de\/wp-json\/wp\/v2\/pages\/5450","targetHints":{"allow":["GET"]}}],"collection":[{"href":"https:\/\/www.elcowa.com\/de\/wp-json\/wp\/v2\/pages"}],"about":[{"href":"https:\/\/www.elcowa.com\/de\/wp-json\/wp\/v2\/types\/page"}],"author":[{"embeddable":true,"href":"https:\/\/www.elcowa.com\/de\/wp-json\/wp\/v2\/users\/4"}],"replies":[{"embeddable":true,"href":"https:\/\/www.elcowa.com\/de\/wp-json\/wp\/v2\/comments?post=5450"}],"version-history":[{"count":0,"href":"https:\/\/www.elcowa.com\/de\/wp-json\/wp\/v2\/pages\/5450\/revisions"}],"up":[{"embeddable":true,"href":"https:\/\/www.elcowa.com\/de\/wp-json\/wp\/v2\/pages\/5308"}],"wp:attachment":[{"href":"https:\/\/www.elcowa.com\/de\/wp-json\/wp\/v2\/media?parent=5450"}],"curies":[{"name":"wp","href":"https:\/\/api.w.org\/{rel}","templated":true}]}}