{"id":5446,"date":"2020-01-28T11:53:32","date_gmt":"2020-01-28T10:53:32","guid":{"rendered":"https:\/\/www.elcowa.com\/antistatique\/produits\/buses-ionisantes\/pedalepneumatique\/"},"modified":"2024-06-14T16:06:55","modified_gmt":"2024-06-14T14:06:55","slug":"pneumatisches-fusspedal","status":"publish","type":"page","link":"https:\/\/www.elcowa.com\/de\/antistatisch\/antistatische-ausruestung\/ionisierungsdusen\/pneumatisches-fusspedal\/","title":{"rendered":"Pneumatisches Fu\u00dfpedal"},"content":{"rendered":"<div class=\"flex_column av_one_full  av-animated-generic bottom-to-top  flex_column_div av-zero-column-padding first  avia-builder-el-0  el_before_av_image  avia-builder-el-first  \" style='margin-top:0px; margin-bottom:0px; border-radius:0px; '><p><div style='padding-bottom:0px; color:#00aeff;' class='av-special-heading av-special-heading-h1 custom-color-heading blockquote modern-quote  avia-builder-el-1  el_before_av_hr  avia-builder-el-first  '><h1 class='av-special-heading-tag '  itemprop=\"headline\"  >P\u00e9dales pneumatiques<\/h1><div class='special-heading-border'><div class='special-heading-inner-border' style='border-color:#00aeff'><\/div><\/div><\/div><br \/>\n<div style=' margin-top:10px; margin-bottom:10px;'  class='hr hr-custom hr-left hr-icon-no   avia-builder-el-2  el_after_av_heading  avia-builder-el-last '><span class='hr-inner   inner-border-av-border-fat' style=' width:50px; border-color:#00aeff;' ><span class='hr-inner-style'><\/span><\/span><\/div><\/p><\/div>\n<div class='avia-image-container  av-styling-    avia-builder-el-3  el_after_av_one_full  el_before_av_tab_container  avia-align-center '  itemprop=\"ImageObject\" itemscope=\"itemscope\" itemtype=\"https:\/\/schema.org\/ImageObject\"  ><div class='avia-image-container-inner'><div class='avia-image-overlay-wrap'><img class='avia_image' src='https:\/\/www.elcowa.com\/wp-content\/uploads\/2020\/01\/PEDALE-PNEUMATIQUE-1-300x295.png' alt='p\u00e9dale pneumatique ionisation' title='PNEUMATISCHES FUSSPEDAL' height=\"295\" width=\"300\"  itemprop=\"thumbnailUrl\"  \/><\/div><\/div><\/div>\n<div class=\"tabcontainer   top_tab   avia-builder-el-4  el_after_av_image  el_before_av_textblock \">\n\n<section class=\"av_tab_section\"  itemscope=\"itemscope\" itemtype=\"https:\/\/schema.org\/CreativeWork\" >    <div aria-controls=\"tab-id-1\" role=\"tab\" tabindex=\"0\" data-fake-id=\"#tab-id-1\" class=\"tab active_tab\"  itemprop=\"headline\" >PRODUKT<\/div>\n    <div id=\"tab-id-1-container\" class=\"tab_content active_tab_content\" aria-hidden=\"false\">\n        <div class=\"tab_inner_content invers-color\"  itemprop=\"text\" >\n<p>Bestehend aus einem 5\/2-Wegeventil, mit G1\/4&#8243;-Anschluss, monostabil mit Schutzhaube, das pneumatische Fu\u00dfpedal kann je nach Anwendung mit den verschiedenen Gebl\u00e4sek\u00f6pfen sowie mit der ELCOWA Ionisationspistole kombiniert werden.<\/p>\n<p><strong><span style=\"color: #00aeff;\">Sie erm\u00f6glicht die manuelle Aktivierung des Luftstroms und erm\u00f6glicht ein freih\u00e4ndiges Arbeiten.<\/span><\/strong><\/p>\n\n        <\/div>\n    <\/div>\n<\/section>\n\n<section class=\"av_tab_section\"  itemscope=\"itemscope\" itemtype=\"https:\/\/schema.org\/CreativeWork\" >    <div aria-controls=\"tab-id-2\" role=\"tab\" tabindex=\"0\" data-fake-id=\"#tab-id-2\" class=\"tab \"  itemprop=\"headline\" >TECHNISCHEDATEN<\/div>\n    <div id=\"tab-id-2-container\" class=\"tab_content \" aria-hidden=\"true\">\n        <div class=\"tab_inner_content invers-color\"  itemprop=\"text\" >\n<style type=\"text\/css\">\n.tg  {border-collapse:collapse;border-spacing:0;}<br \/>.tg td{font-family:Arial, sans-serif;font-size:14px;padding:10px 5px;border-style:solid;border-width:0px;overflow:hidden;word-break:normal;}<br \/>.tg th{font-family:Arial, sans-serif;font-size:14px;font-weight:normal;padding:10px 5px;border-style:solid;border-width:0px;overflow:hidden;word-break:normal;}<br \/>.tg .tg-lboi{border-color:inherit;text-align:left;vertical-align:middle}<br \/>.tg .tg-0pky{border-color:inherit;text-align:left;vertical-align:top}<br \/>@media screen and (max-width: 767px) {.tg {width: auto !important;}.tg col {width: auto !important;}.tg-wrap {overflow-x: auto;-webkit-overflow-scrolling: touch;}}<\/style>\n<div class=\"tg-wrap\">\n<table>\n<tbody>\n<tr>\n<td><span style=\"color: #00aeff;\"><strong>DIMENSIONEN<\/strong><\/span><\/td>\n<td>142 x 153 x 240 mm<\/td>\n<\/tr>\n<tr>\n<td><span style=\"color: #00aeff;\"><strong>ANZAHL DER ZYKLEN<\/strong><\/span><\/td>\n<td>10\u00a0000 000<\/td>\n<\/tr>\n<tr>\n<td><span style=\"color: #00aeff;\"><strong>KONTAKTWIDERSTAND<\/strong><\/span><\/td>\n<td>25 mW<\/td>\n<\/tr>\n<tr>\n<td><span style=\"color: #00aeff;\"><strong>ELEKTRISCHER SCHUTZ<\/strong><\/span><\/td>\n<td>IP 54<\/td>\n<\/tr>\n<tr>\n<td><span style=\"color: #00aeff;\"><strong>KONTAKT<\/strong><\/span><\/td>\n<td>1 NO + 1 NC CONTACT SECS<\/td>\n<\/tr>\n<tr>\n<td><span style=\"color: #00aeff;\"><strong>ANSCHLUSS DIAMETER<\/strong><\/span><\/td>\n<td>7,5 mm<\/td>\n<\/tr>\n<tr>\n<td><span style=\"color: #00aeff;\"><strong>ANSCHLUSS<\/strong><\/span><\/td>\n<td>G1\/4\u2019\u2019<\/td>\n<\/tr>\n<tr>\n<td><span style=\"color: #00aeff;\"><strong>TEMPERATUR<\/strong><\/span><\/td>\n<td>bis 60\u00b0C<\/td>\n<\/tr>\n<tr>\n<td><span style=\"color: #00aeff;\"><strong>DRUCK<\/strong><\/span><\/td>\n<td>2 \u00e0 10 bars<\/td>\n<\/tr>\n<tr>\n<td><strong><span style=\"color: #00aeff;\">KORPER<\/span><\/strong><\/td>\n<td>Eloxiertes Aluminium<\/td>\n<\/tr>\n<tr>\n<td><strong><span style=\"color: #00aeff;\">FEDER<\/span><\/strong><\/td>\n<td>Rostfreier Stahl<\/td>\n<\/tr>\n<\/tbody>\n<\/table>\n<\/div>\n\n        <\/div>\n    <\/div>\n<\/section>\n\n<\/div>\n\n<section class=\"av_textblock_section \"  itemscope=\"itemscope\" itemtype=\"https:\/\/schema.org\/CreativeWork\" ><div class='avia_textblock  '  style='font-size:30px; '  itemprop=\"text\" ><\/div><\/section>\n<section class=\"av_textblock_section \"  itemscope=\"itemscope\" itemtype=\"https:\/\/schema.org\/CreativeWork\" ><div class='avia_textblock  '  style='font-size:30px; '  itemprop=\"text\" ><\/div><\/section>\n<div class=\"flex_column av_one_fourth  av-animated-generic bottom-to-top  flex_column_div first  avia-builder-el-7  el_after_av_textblock  el_before_av_one_fourth  column-top-margin\" style='margin-top:0px; margin-bottom:0px; padding:15px; border-radius:0px; '><\/div>\n<div class=\"flex_column av_one_fourth  av-animated-generic bottom-to-top  flex_column_div   avia-builder-el-8  el_after_av_one_fourth  el_before_av_one_fourth  column-top-margin\" style='margin-top:0px; margin-bottom:0px; padding:15px; border-radius:0px; '><div class='avia-buttonrow-wrap avia-buttonrow-center   avia-builder-el-9  avia-builder-el-no-sibling '>\n<a href='https:\/\/www.elcowa.com\/de\/contact\/'  class='avia-button  avia-icon_select-yes-left-icon avia-color-theme-color avia-size-x-large '  style='margin-bottom:5px; margin-left:3px; margin-right:3px; ' ><span class='avia_button_icon avia_button_icon_left ' aria-hidden='true' data-av_icon='\ue805' data-av_iconfont='entypo-fontello'><\/span><span class='avia_iconbox_title' >MEHR INFORMATION<\/span><\/a>\n<\/div><\/div><div class=\"flex_column av_one_fourth  av-animated-generic bottom-to-top  flex_column_div   avia-builder-el-10  el_after_av_one_fourth  el_before_av_one_fourth  column-top-margin\" style='margin-top:0px; margin-bottom:0px; padding:15px; border-radius:0px; '><div class='avia-buttonrow-wrap avia-buttonrow-center   avia-builder-el-11  avia-builder-el-no-sibling '>\n<a href='https:\/\/www.elcowa.com\/de\/elcowa-documentation-pedale-pneumatique-2\/'  class='avia-button  avia-icon_select-yes-left-icon avia-color-theme-color avia-size-x-large '  target=\"_blank\"  style='margin-bottom:5px; margin-left:3px; margin-right:3px; ' ><span class='avia_button_icon avia_button_icon_left ' aria-hidden='true' data-av_icon='\ue84e' data-av_iconfont='entypo-fontello'><\/span><span class='avia_iconbox_title' >BROCHURE HERUNTERLADEN<\/span><\/a>\n<\/div><\/div><\/p>\n<div class=\"flex_column av_one_fourth  av-animated-generic bottom-to-top  flex_column_div av-zero-column-padding   avia-builder-el-12  el_after_av_one_fourth  el_before_av_textblock  column-top-margin\" style='margin-top:0px; margin-bottom:0px; border-radius:0px; '><\/div>\n<section class=\"av_textblock_section \"  itemscope=\"itemscope\" itemtype=\"https:\/\/schema.org\/CreativeWork\" ><div class='avia_textblock  '  style='font-size:30px; '  itemprop=\"text\" ><\/div><\/section>\n<section class=\"av_textblock_section \"  itemscope=\"itemscope\" itemtype=\"https:\/\/schema.org\/CreativeWork\" ><div class='avia_textblock  '  style='font-size:30px; '  itemprop=\"text\" ><\/div><\/section>\n<div style='padding-bottom:0px; margin:1 1 1 1; color:#00aeff;' class='av-special-heading av-special-heading-h2 custom-color-heading blockquote modern-quote  avia-builder-el-15  el_after_av_textblock  el_before_av_textblock   '><h2 class='av-special-heading-tag '  itemprop=\"headline\"  >ZUGEH\u00d6RIGE PRODUKTE :<\/h2><div class='special-heading-border'><div class='special-heading-inner-border' style='border-color:#00aeff'><\/div><\/div><\/div>\n<section class=\"av_textblock_section \"  itemscope=\"itemscope\" itemtype=\"https:\/\/schema.org\/CreativeWork\" ><div class='avia_textblock  '  style='font-size:30px; '  itemprop=\"text\" ><\/div><\/section>\n<section class=\"av_textblock_section \"  itemscope=\"itemscope\" itemtype=\"https:\/\/schema.org\/CreativeWork\" ><div class='avia_textblock  '  style='font-size:30px; '  itemprop=\"text\" ><\/div><\/section>\n<section class=\"av_textblock_section \"  itemscope=\"itemscope\" itemtype=\"https:\/\/schema.org\/CreativeWork\" ><div class='avia_textblock  '  style='font-size:30px; '  itemprop=\"text\" ><\/div><\/section>\n<section class=\"av_textblock_section \"  itemscope=\"itemscope\" itemtype=\"https:\/\/schema.org\/CreativeWork\" ><div class='avia_textblock  '  style='font-size:30px; '  itemprop=\"text\" ><\/div><\/section>\n<div style='height:30px' class='hr hr-invisible   avia-builder-el-20  el_after_av_textblock  el_before_av_textblock '><span class='hr-inner ' ><span class='hr-inner-style'><\/span><\/span><\/div>\n<section class=\"av_textblock_section \"  itemscope=\"itemscope\" itemtype=\"https:\/\/schema.org\/CreativeWork\" ><div class='avia_textblock  '  style='font-size:30px; '  itemprop=\"text\" ><\/div><\/section>\n<section class=\"av_textblock_section \"  itemscope=\"itemscope\" itemtype=\"https:\/\/schema.org\/CreativeWork\" ><div class='avia_textblock  '  style='font-size:30px; '  itemprop=\"text\" ><\/div><\/section>\n<div class=\"flex_column av_one_third  av-animated-generic bottom-to-top  flex_column_div av-zero-column-padding first  avia-builder-el-23  el_after_av_textblock  el_before_av_one_third  column-top-margin\" style='margin-top:0px; margin-bottom:0px; border-radius:0px; '><div class='avia-image-container  av-styling-    avia-builder-el-24  avia-builder-el-no-sibling  avia-align-center '  itemprop=\"ImageObject\" itemscope=\"itemscope\" itemtype=\"https:\/\/schema.org\/ImageObject\"  ><div class='avia-image-container-inner'><div class='avia-image-overlay-wrap'><a href='https:\/\/www.elcowa.com\/de\/antistatique\/produits\/barres-antistatiques\/eca88bs\/' class='avia_image'   target=\"_blank\" ><img class='avia_image ' src='https:\/\/www.elcowa.com\/wp-content\/uploads\/2020\/02\/ECA-88-BS-300x288.png' alt='ma\u00dfgefertigte ionisierende Entladung blasende Stabelektrode' title='ma\u00dfgefertigter ionisierender antistatischer blasender Stab'  itemprop=\"thumbnailUrl\"  \/><\/a><\/div><\/div><\/div><\/div>\n<div class=\"flex_column av_one_third  av-animated-generic bottom-to-top  flex_column_div av-zero-column-padding   avia-builder-el-25  el_after_av_one_third  el_before_av_one_third  column-top-margin\" style='margin-top:0px; margin-bottom:0px; border-radius:0px; '><div class='avia-image-container  av-styling-    avia-builder-el-26  avia-builder-el-no-sibling  avia-align-center '  itemprop=\"ImageObject\" itemscope=\"itemscope\" itemtype=\"https:\/\/schema.org\/ImageObject\"  ><div class='avia-image-container-inner'><div class='avia-image-overlay-wrap'><a href='https:\/\/www.elcowa.com\/de\/antistatique\/produits\/lame-dair\/ecoflow\/' class='avia_image'   target=\"_blank\" ><img class='avia_image ' src='https:\/\/www.elcowa.com\/wp-content\/uploads\/2020\/02\/ECOFLOW-5-300x287.png' alt='' title='LA LAME D&#039;AIR -ECOFLOW'  itemprop=\"thumbnailUrl\"  \/><\/a><\/div><\/div><\/div><\/div>\n<div class=\"flex_column av_one_third  av-animated-generic bottom-to-top  flex_column_div av-zero-column-padding   avia-builder-el-27  el_after_av_one_third  el_before_av_one_third  column-top-margin\" style='margin-top:0px; margin-bottom:0px; border-radius:0px; '><div class='avia-image-container  av-styling-    avia-builder-el-28  avia-builder-el-no-sibling  avia-align-center '  itemprop=\"ImageObject\" itemscope=\"itemscope\" itemtype=\"https:\/\/schema.org\/ImageObject\"  ><div class='avia-image-container-inner'><div class='avia-image-overlay-wrap'><a href='https:\/\/www.elcowa.com\/de\/antistatique\/produits\/buses-ionisantes\/tis-n\/' class='avia_image'   target=\"_blank\" ><img class='avia_image ' src='https:\/\/www.elcowa.com\/wp-content\/uploads\/2020\/02\/TIS-N-1-300x287.png' alt='' title='LES BUSES IONISANTES - TIC-N'  itemprop=\"thumbnailUrl\"  \/><\/a><\/div><\/div><\/div><\/div>\n<div class=\"flex_column av_one_third  av-animated-generic bottom-to-top  flex_column_div av-zero-column-padding first  avia-builder-el-29  el_after_av_one_third  el_before_av_one_third  column-top-margin\" style='margin-top:0px; margin-bottom:0px; border-radius:0px; '><div class='avia-image-container  av-styling-    avia-builder-el-30  avia-builder-el-no-sibling  avia-align-center '  itemprop=\"ImageObject\" itemscope=\"itemscope\" itemtype=\"https:\/\/schema.org\/ImageObject\"  ><div class='avia-image-container-inner'><div class='avia-image-overlay-wrap'><a href='https:\/\/www.elcowa.com\/de\/antistatique\/produits\/buses-ionisantes\/tic-s\/' class='avia_image'   target=\"_blank\" ><img class='avia_image ' src='https:\/\/www.elcowa.com\/wp-content\/uploads\/2020\/02\/TIC-S-1-300x288.png' alt='' title='LES BUSES IONISANTES - TIC-S'  itemprop=\"thumbnailUrl\"  \/><\/a><\/div><\/div><\/div><\/div>\n<div class=\"flex_column av_one_third  av-animated-generic bottom-to-top  flex_column_div av-zero-column-padding   avia-builder-el-31  el_after_av_one_third  avia-builder-el-last  column-top-margin\" style='margin-top:0px; margin-bottom:0px; border-radius:0px; '><div class='avia-image-container  av-styling-    avia-builder-el-32  avia-builder-el-no-sibling  avia-align-center '  itemprop=\"ImageObject\" itemscope=\"itemscope\" itemtype=\"https:\/\/schema.org\/ImageObject\"  ><div class='avia-image-container-inner'><div class='avia-image-overlay-wrap'><a href='https:\/\/www.elcowa.com\/de\/antistatique\/produits\/pistolets-ionisants\/tisp-n\/' class='avia_image'   target=\"_blank\" ><img class='avia_image ' src='https:\/\/www.elcowa.com\/wp-content\/uploads\/2020\/02\/TISP-N-3-300x288.png' alt='pistolet antistatique' title='LE PISTOLET - TISP-N'  itemprop=\"thumbnailUrl\"  \/><\/a><\/div><\/div><\/div><\/div>\n","protected":false},"excerpt":{"rendered":"","protected":false},"author":4,"featured_media":0,"parent":5430,"menu_order":3,"comment_status":"closed","ping_status":"closed","template":"","meta":{"_acf_changed":false,"footnotes":""},"class_list":["post-5446","page","type-page","status-publish","hentry"],"acf":[],"yoast_head":"<!-- This site is optimized with the Yoast SEO plugin v26.9 - https:\/\/yoast.com\/product\/yoast-seo-wordpress\/ -->\n<title>Pneumatisches Fu\u00dfpedal - ELCOWA<\/title>\n<meta name=\"description\" content=\"Das pneumatische ELCOWA Fu\u00dfpedal erm\u00f6glicht es Ihnen, den Luftstrom manuell zu aktivieren und die H\u00e4nde frei zu haben.\" \/>\n<meta name=\"robots\" content=\"index, follow, max-snippet:-1, max-image-preview:large, max-video-preview:-1\" \/>\n<link rel=\"canonical\" href=\"https:\/\/www.elcowa.com\/de\/antistatisch\/antistatische-ausruestung\/ionisierungsdusen\/pneumatisches-fusspedal\/\" \/>\n<meta property=\"og:locale\" content=\"de_DE\" \/>\n<meta property=\"og:type\" content=\"article\" \/>\n<meta property=\"og:title\" content=\"Pneumatisches Fu\u00dfpedal - ELCOWA\" \/>\n<meta property=\"og:description\" content=\"Das pneumatische ELCOWA Fu\u00dfpedal erm\u00f6glicht es Ihnen, den Luftstrom manuell zu aktivieren und die H\u00e4nde frei zu haben.\" \/>\n<meta property=\"og:url\" content=\"https:\/\/www.elcowa.com\/de\/antistatisch\/antistatische-ausruestung\/ionisierungsdusen\/pneumatisches-fusspedal\/\" \/>\n<meta property=\"og:site_name\" content=\"ELCOWA\" \/>\n<meta property=\"article:modified_time\" content=\"2024-06-14T14:06:55+00:00\" \/>\n<meta name=\"twitter:card\" content=\"summary_large_image\" \/>\n<meta name=\"twitter:label1\" content=\"Gesch\u00e4tzte Lesezeit\" \/>\n\t<meta name=\"twitter:data1\" content=\"4\u00a0Minuten\" \/>\n<script type=\"application\/ld+json\" class=\"yoast-schema-graph\">{\"@context\":\"https:\/\/schema.org\",\"@graph\":[{\"@type\":\"WebPage\",\"@id\":\"https:\/\/www.elcowa.com\/de\/antistatisch\/antistatische-ausruestung\/ionisierungsdusen\/pneumatisches-fusspedal\/\",\"url\":\"https:\/\/www.elcowa.com\/de\/antistatisch\/antistatische-ausruestung\/ionisierungsdusen\/pneumatisches-fusspedal\/\",\"name\":\"Pneumatisches Fu\u00dfpedal - ELCOWA\",\"isPartOf\":{\"@id\":\"https:\/\/www.elcowa.com\/de\/#website\"},\"datePublished\":\"2020-01-28T10:53:32+00:00\",\"dateModified\":\"2024-06-14T14:06:55+00:00\",\"description\":\"Das pneumatische ELCOWA Fu\u00dfpedal erm\u00f6glicht es Ihnen, den Luftstrom manuell zu aktivieren und die H\u00e4nde frei zu haben.\",\"breadcrumb\":{\"@id\":\"https:\/\/www.elcowa.com\/de\/antistatisch\/antistatische-ausruestung\/ionisierungsdusen\/pneumatisches-fusspedal\/#breadcrumb\"},\"inLanguage\":\"de\",\"potentialAction\":[{\"@type\":\"ReadAction\",\"target\":[\"https:\/\/www.elcowa.com\/de\/antistatisch\/antistatische-ausruestung\/ionisierungsdusen\/pneumatisches-fusspedal\/\"]}]},{\"@type\":\"BreadcrumbList\",\"@id\":\"https:\/\/www.elcowa.com\/de\/antistatisch\/antistatische-ausruestung\/ionisierungsdusen\/pneumatisches-fusspedal\/#breadcrumb\",\"itemListElement\":[{\"@type\":\"ListItem\",\"position\":1,\"name\":\"Accueil\",\"item\":\"https:\/\/www.elcowa.com\/de\/home\/\"},{\"@type\":\"ListItem\",\"position\":2,\"name\":\"Antistatisch\",\"item\":\"https:\/\/www.elcowa.com\/de\/antistatisch\/\"},{\"@type\":\"ListItem\",\"position\":3,\"name\":\"Produkte\",\"item\":\"https:\/\/www.elcowa.com\/de\/antistatisch\/antistatische-ausruestung\/\"},{\"@type\":\"ListItem\",\"position\":4,\"name\":\"Ionisierungsd\u00fcsen\",\"item\":\"https:\/\/www.elcowa.com\/de\/antistatisch\/antistatische-ausruestung\/ionisierungsdusen\/\"},{\"@type\":\"ListItem\",\"position\":5,\"name\":\"Pneumatisches Fu\u00dfpedal\"}]},{\"@type\":\"WebSite\",\"@id\":\"https:\/\/www.elcowa.com\/de\/#website\",\"url\":\"https:\/\/www.elcowa.com\/de\/\",\"name\":\"ELCOWA\",\"description\":\"Mat\u00e9riels antistatiques &amp; contr\u00f4le de produits\",\"potentialAction\":[{\"@type\":\"SearchAction\",\"target\":{\"@type\":\"EntryPoint\",\"urlTemplate\":\"https:\/\/www.elcowa.com\/de\/?s={search_term_string}\"},\"query-input\":{\"@type\":\"PropertyValueSpecification\",\"valueRequired\":true,\"valueName\":\"search_term_string\"}}],\"inLanguage\":\"de\"}]}<\/script>\n<!-- \/ Yoast SEO plugin. -->","yoast_head_json":{"title":"Pneumatisches Fu\u00dfpedal - ELCOWA","description":"Das pneumatische ELCOWA Fu\u00dfpedal erm\u00f6glicht es Ihnen, den Luftstrom manuell zu aktivieren und die H\u00e4nde frei zu haben.","robots":{"index":"index","follow":"follow","max-snippet":"max-snippet:-1","max-image-preview":"max-image-preview:large","max-video-preview":"max-video-preview:-1"},"canonical":"https:\/\/www.elcowa.com\/de\/antistatisch\/antistatische-ausruestung\/ionisierungsdusen\/pneumatisches-fusspedal\/","og_locale":"de_DE","og_type":"article","og_title":"Pneumatisches Fu\u00dfpedal - ELCOWA","og_description":"Das pneumatische ELCOWA Fu\u00dfpedal erm\u00f6glicht es Ihnen, den Luftstrom manuell zu aktivieren und die H\u00e4nde frei zu haben.","og_url":"https:\/\/www.elcowa.com\/de\/antistatisch\/antistatische-ausruestung\/ionisierungsdusen\/pneumatisches-fusspedal\/","og_site_name":"ELCOWA","article_modified_time":"2024-06-14T14:06:55+00:00","twitter_card":"summary_large_image","twitter_misc":{"Gesch\u00e4tzte Lesezeit":"4\u00a0Minuten"},"schema":{"@context":"https:\/\/schema.org","@graph":[{"@type":"WebPage","@id":"https:\/\/www.elcowa.com\/de\/antistatisch\/antistatische-ausruestung\/ionisierungsdusen\/pneumatisches-fusspedal\/","url":"https:\/\/www.elcowa.com\/de\/antistatisch\/antistatische-ausruestung\/ionisierungsdusen\/pneumatisches-fusspedal\/","name":"Pneumatisches Fu\u00dfpedal - ELCOWA","isPartOf":{"@id":"https:\/\/www.elcowa.com\/de\/#website"},"datePublished":"2020-01-28T10:53:32+00:00","dateModified":"2024-06-14T14:06:55+00:00","description":"Das pneumatische ELCOWA Fu\u00dfpedal erm\u00f6glicht es Ihnen, den Luftstrom manuell zu aktivieren und die H\u00e4nde frei zu haben.","breadcrumb":{"@id":"https:\/\/www.elcowa.com\/de\/antistatisch\/antistatische-ausruestung\/ionisierungsdusen\/pneumatisches-fusspedal\/#breadcrumb"},"inLanguage":"de","potentialAction":[{"@type":"ReadAction","target":["https:\/\/www.elcowa.com\/de\/antistatisch\/antistatische-ausruestung\/ionisierungsdusen\/pneumatisches-fusspedal\/"]}]},{"@type":"BreadcrumbList","@id":"https:\/\/www.elcowa.com\/de\/antistatisch\/antistatische-ausruestung\/ionisierungsdusen\/pneumatisches-fusspedal\/#breadcrumb","itemListElement":[{"@type":"ListItem","position":1,"name":"Accueil","item":"https:\/\/www.elcowa.com\/de\/home\/"},{"@type":"ListItem","position":2,"name":"Antistatisch","item":"https:\/\/www.elcowa.com\/de\/antistatisch\/"},{"@type":"ListItem","position":3,"name":"Produkte","item":"https:\/\/www.elcowa.com\/de\/antistatisch\/antistatische-ausruestung\/"},{"@type":"ListItem","position":4,"name":"Ionisierungsd\u00fcsen","item":"https:\/\/www.elcowa.com\/de\/antistatisch\/antistatische-ausruestung\/ionisierungsdusen\/"},{"@type":"ListItem","position":5,"name":"Pneumatisches Fu\u00dfpedal"}]},{"@type":"WebSite","@id":"https:\/\/www.elcowa.com\/de\/#website","url":"https:\/\/www.elcowa.com\/de\/","name":"ELCOWA","description":"Mat\u00e9riels antistatiques &amp; contr\u00f4le de produits","potentialAction":[{"@type":"SearchAction","target":{"@type":"EntryPoint","urlTemplate":"https:\/\/www.elcowa.com\/de\/?s={search_term_string}"},"query-input":{"@type":"PropertyValueSpecification","valueRequired":true,"valueName":"search_term_string"}}],"inLanguage":"de"}]}},"_links":{"self":[{"href":"https:\/\/www.elcowa.com\/de\/wp-json\/wp\/v2\/pages\/5446","targetHints":{"allow":["GET"]}}],"collection":[{"href":"https:\/\/www.elcowa.com\/de\/wp-json\/wp\/v2\/pages"}],"about":[{"href":"https:\/\/www.elcowa.com\/de\/wp-json\/wp\/v2\/types\/page"}],"author":[{"embeddable":true,"href":"https:\/\/www.elcowa.com\/de\/wp-json\/wp\/v2\/users\/4"}],"replies":[{"embeddable":true,"href":"https:\/\/www.elcowa.com\/de\/wp-json\/wp\/v2\/comments?post=5446"}],"version-history":[{"count":0,"href":"https:\/\/www.elcowa.com\/de\/wp-json\/wp\/v2\/pages\/5446\/revisions"}],"up":[{"embeddable":true,"href":"https:\/\/www.elcowa.com\/de\/wp-json\/wp\/v2\/pages\/5430"}],"wp:attachment":[{"href":"https:\/\/www.elcowa.com\/de\/wp-json\/wp\/v2\/media?parent=5446"}],"curies":[{"name":"wp","href":"https:\/\/api.w.org\/{rel}","templated":true}]}}