{"id":5434,"date":"2020-01-28T11:50:29","date_gmt":"2020-01-28T10:50:29","guid":{"rendered":"https:\/\/www.elcowa.com\/antistatique\/produits\/buses-ionisantes\/tic-s\/"},"modified":"2024-06-14T16:06:28","modified_gmt":"2024-06-14T14:06:28","slug":"tic-s","status":"publish","type":"page","link":"https:\/\/www.elcowa.com\/de\/antistatisch\/antistatische-ausruestung\/ionisierungsdusen\/tic-s\/","title":{"rendered":"TIC-S"},"content":{"rendered":"<div class=\"flex_column av_one_full  av-animated-generic bottom-to-top  flex_column_div av-zero-column-padding first  avia-builder-el-0  el_before_av_image  avia-builder-el-first  \" style='margin-top:0px; margin-bottom:0px; border-radius:0px; '><p><div style='padding-bottom:0px; color:#00aeff;' class='av-special-heading av-special-heading-h1 custom-color-heading blockquote modern-quote  avia-builder-el-1  el_before_av_heading  avia-builder-el-first  '><h1 class='av-special-heading-tag '  itemprop=\"headline\"  >Ionisierende Gebl\u00e4sed\u00fcsen<\/h1><div class='special-heading-border'><div class='special-heading-inner-border' style='border-color:#00aeff'><\/div><\/div><\/div><br \/>\n<div style='padding-bottom:0px; margin:1 1 1 1; ' class='av-special-heading av-special-heading-h2  blockquote modern-quote  avia-builder-el-2  el_after_av_heading  el_before_av_hr   '><h2 class='av-special-heading-tag '  itemprop=\"headline\"  >TIC-S<\/h2><div class='special-heading-border'><div class='special-heading-inner-border' ><\/div><\/div><\/div><br \/>\n<div style=' margin-top:10px; margin-bottom:10px;'  class='hr hr-custom hr-left hr-icon-no   avia-builder-el-3  el_after_av_heading  avia-builder-el-last '><span class='hr-inner   inner-border-av-border-fat' style=' width:50px; border-color:#00aeff;' ><span class='hr-inner-style'><\/span><\/span><\/div><\/p><\/div>\n<div class='avia-image-container  av-styling-    avia-builder-el-4  el_after_av_one_full  el_before_av_tab_container  avia-align-center '  itemprop=\"ImageObject\" itemscope=\"itemscope\" itemtype=\"https:\/\/schema.org\/ImageObject\"  ><div class='avia-image-container-inner'><div class='avia-image-overlay-wrap'><img class='avia_image' src='https:\/\/www.elcowa.com\/wp-content\/uploads\/2020\/01\/tic_s_photo-239x300.jpg' alt='buse antistatique soufflante' title='tic_s_photo' height=\"300\" width=\"239\"  itemprop=\"thumbnailUrl\"  \/><\/div><\/div><\/div>\n<div class=\"tabcontainer   top_tab   avia-builder-el-5  el_after_av_image  el_before_av_textblock \">\n\n<section class=\"av_tab_section\"  itemscope=\"itemscope\" itemtype=\"https:\/\/schema.org\/CreativeWork\" >    <div aria-controls=\"tab-id-1\" role=\"tab\" tabindex=\"0\" data-fake-id=\"#tab-id-1\" class=\"tab active_tab\"  itemprop=\"headline\" >PRODUKT<\/div>\n    <div id=\"tab-id-1-container\" class=\"tab_content active_tab_content\" aria-hidden=\"false\">\n        <div class=\"tab_inner_content invers-color\"  itemprop=\"text\" >\n<p>Speziell entwickelt f\u00fcr die Beseitigung elektrostatischer Aufladungen von Kleinteilen in vielen Industriezweigen (Kunststoff, Druck, Siebdruck, usw.). Dieses Ger\u00e4t, das an einen Hochspannungsgenerator unseres Sortiments angeschlossen ist, kann eine Vielzahl von Problemen l\u00f6sen (<strong><span style=\"color: #00aeff;\">Kleben, Entstauben, Reinigen<\/span><\/strong>, &#8230;).<\/p>\n<p>Dieser Typ eines sehr kompakten Kopfes ist <strong><span style=\"color: #00aeff;\">sicher f\u00fcr den Anwender,<\/span><\/strong> der dank seines kapazitiven Verfahrens vor jeder schlechten Handhabung gesch\u00fctzt ist und gleichzeitig eine ausgezeichnete Leistung gew\u00e4hrleistet.<\/p>\n<p>Eine Schnellkupplung mit 8 mm Durchmesser stellt die pneumatische Versorgung des Systems sicher. Eine verstellbare Halterung erm\u00f6glicht eine einfache und effiziente Installation.<\/p>\n<p>Die Verwendung von Druckluft erm\u00f6glicht es, das von der Spitze emittierte Ionenfeld \u00fcber eine gr\u00f6\u00dfere Entfernung zu transportieren und den Staub von der behandelten Oberfl\u00e4che zu entfernen.<\/p>\n<p>Um schwierige Bereiche zu erreichen, ist es m\u00f6glich, den Ionisationskopf auf einen <strong><span style=\"color: #00aeff;\">flexiblen Schlauch<\/span> <\/strong>zu montieren.<\/p>\n<p><img loading=\"lazy\" decoding=\"async\" class=\"aligncenter wp-image-3777\" src=\"https:\/\/www.elcowa.com\/wp-content\/uploads\/2020\/01\/TIC-S-F.png\" alt=\"\" width=\"148\" height=\"130\" srcset=\"https:\/\/www.elcowa.com\/wp-content\/uploads\/2020\/01\/TIC-S-F.png 611w, https:\/\/www.elcowa.com\/wp-content\/uploads\/2020\/01\/TIC-S-F-300x263.png 300w, https:\/\/www.elcowa.com\/wp-content\/uploads\/2020\/01\/TIC-S-F-450x394.png 450w\" sizes=\"auto, (max-width: 148px) 100vw, 148px\" \/><\/p>\n<h3 style=\"text-align: center;\"><strong>\u00a0<\/strong><\/h3>\n\n        <\/div>\n    <\/div>\n<\/section>\n\n<section class=\"av_tab_section\"  itemscope=\"itemscope\" itemtype=\"https:\/\/schema.org\/CreativeWork\" >    <div aria-controls=\"tab-id-2\" role=\"tab\" tabindex=\"0\" data-fake-id=\"#tab-id-2\" class=\"tab \"  itemprop=\"headline\" >TECHNISCHEDATEN<\/div>\n    <div id=\"tab-id-2-container\" class=\"tab_content \" aria-hidden=\"true\">\n        <div class=\"tab_inner_content invers-color\"  itemprop=\"text\" >\n<table>\n<tbody>\n<tr>\n<td><span style=\"color: #00aeff;\"><strong>DIMENSIONEN<\/strong><\/span><\/td>\n<td>66 x 30 x 25 mm<\/td>\n<\/tr>\n<tr>\n<td><span style=\"color: #00aeff;\"><strong>IONISIERENDE SPITZEN<\/strong><\/span><\/td>\n<td>1<\/td>\n<\/tr>\n<tr>\n<td><span style=\"color: #00aeff;\"><strong>ANSCHLUSSKABEL<\/strong><\/span><\/td>\n<td>mit einem abgeschirmten Hochspannungskabeln von 3 m L\u00e4nge geliefert (andere L\u00e4ngen auf Anfrage).<\/td>\n<\/tr>\n<tr>\n<td><span style=\"color: #00aeff;\"><strong>PNEUMATISCHER ANSCHLUSS<\/strong><\/span><\/td>\n<td>Diameter 4mm<\/td>\n<\/tr>\n<tr>\n<td><\/td>\n<td><\/td>\n<\/tr>\n<tr>\n<td><span style=\"color: #00aeff;\"><strong>REICHWEITE<\/strong><\/span><\/td>\n<td>400 mm mit 4,5 bars<\/td>\n<\/tr>\n<tr>\n<td><span style=\"color: #00aeff;\"><strong>HOCHSPANNUNGSGENERATOR<\/strong><\/span><\/td>\n<td>ELCOWA<\/td>\n<\/tr>\n<\/tbody>\n<\/table>\n\n        <\/div>\n    <\/div>\n<\/section>\n\n<\/div>\n\n<section class=\"av_textblock_section \"  itemscope=\"itemscope\" itemtype=\"https:\/\/schema.org\/CreativeWork\" ><div class='avia_textblock  '  style='font-size:30px; '  itemprop=\"text\" ><\/div><\/section>\n<section class=\"av_textblock_section \"  itemscope=\"itemscope\" itemtype=\"https:\/\/schema.org\/CreativeWork\" ><div class='avia_textblock  '  style='font-size:30px; '  itemprop=\"text\" ><\/div><\/section>\n<div class=\"flex_column av_one_fourth  av-animated-generic bottom-to-top  flex_column_div first  avia-builder-el-8  el_after_av_textblock  el_before_av_one_fourth  column-top-margin\" style='margin-top:0px; margin-bottom:0px; padding:15px; border-radius:0px; '><\/div>\n<div class=\"flex_column av_one_fourth  av-animated-generic bottom-to-top  flex_column_div   avia-builder-el-9  el_after_av_one_fourth  el_before_av_one_fourth  column-top-margin\" style='margin-top:0px; margin-bottom:0px; padding:15px; border-radius:0px; '><div class='avia-buttonrow-wrap avia-buttonrow-center   avia-builder-el-10  avia-builder-el-no-sibling '>\n<a href='https:\/\/www.elcowa.com\/de\/contact\/'  class='avia-button  avia-icon_select-yes-left-icon avia-color-theme-color avia-size-x-large '  style='margin-bottom:5px; margin-left:3px; margin-right:3px; ' ><span class='avia_button_icon avia_button_icon_left ' aria-hidden='true' data-av_icon='\ue805' data-av_iconfont='entypo-fontello'><\/span><span class='avia_iconbox_title' >MEHR INFORMATION<\/span><\/a>\n<\/div><\/div><div class=\"flex_column av_one_fourth  av-animated-generic bottom-to-top  flex_column_div   avia-builder-el-11  el_after_av_one_fourth  el_before_av_one_fourth  column-top-margin\" style='margin-top:0px; margin-bottom:0px; padding:15px; border-radius:0px; '><div class='avia-buttonrow-wrap avia-buttonrow-center   avia-builder-el-12  avia-builder-el-no-sibling '>\n<a href='https:\/\/www.elcowa.com\/de\/elcowa-documentation-tic-s-tic-s-f-2\/'  class='avia-button  avia-icon_select-yes-left-icon avia-color-theme-color avia-size-x-large '  target=\"_blank\"  style='margin-bottom:5px; margin-left:3px; margin-right:3px; ' ><span class='avia_button_icon avia_button_icon_left ' aria-hidden='true' data-av_icon='\ue84e' data-av_iconfont='entypo-fontello'><\/span><span class='avia_iconbox_title' >BROCHURE HERUNTERLADEN<\/span><\/a>\n<\/div><\/div><\/p>\n<div class=\"flex_column av_one_fourth  av-animated-generic bottom-to-top  flex_column_div av-zero-column-padding   avia-builder-el-13  el_after_av_one_fourth  el_before_av_textblock  column-top-margin\" style='margin-top:0px; margin-bottom:0px; border-radius:0px; '><\/div>\n<section class=\"av_textblock_section \"  itemscope=\"itemscope\" itemtype=\"https:\/\/schema.org\/CreativeWork\" ><div class='avia_textblock  '  style='font-size:30px; '  itemprop=\"text\" ><\/div><\/section>\n<section class=\"av_textblock_section \"  itemscope=\"itemscope\" itemtype=\"https:\/\/schema.org\/CreativeWork\" ><div class='avia_textblock  '  style='font-size:30px; '  itemprop=\"text\" ><\/div><\/section>\n<div style='padding-bottom:0px; margin:1 1 1 1; color:#00aeff;' class='av-special-heading av-special-heading-h2 custom-color-heading blockquote modern-quote  avia-builder-el-16  el_after_av_textblock  el_before_av_textblock   '><h2 class='av-special-heading-tag '  itemprop=\"headline\"  >ZUGEH\u00d6RIGE PRODUKTE :<\/h2><div class='special-heading-border'><div class='special-heading-inner-border' style='border-color:#00aeff'><\/div><\/div><\/div>\n<section class=\"av_textblock_section \"  itemscope=\"itemscope\" itemtype=\"https:\/\/schema.org\/CreativeWork\" ><div class='avia_textblock  '  style='font-size:30px; '  itemprop=\"text\" ><\/div><\/section>\n<section class=\"av_textblock_section \"  itemscope=\"itemscope\" itemtype=\"https:\/\/schema.org\/CreativeWork\" ><div class='avia_textblock  '  style='font-size:30px; '  itemprop=\"text\" ><\/div><\/section>\n<section class=\"av_textblock_section \"  itemscope=\"itemscope\" itemtype=\"https:\/\/schema.org\/CreativeWork\" ><div class='avia_textblock  '  style='font-size:30px; '  itemprop=\"text\" ><\/div><\/section>\n<section class=\"av_textblock_section \"  itemscope=\"itemscope\" itemtype=\"https:\/\/schema.org\/CreativeWork\" ><div class='avia_textblock  '  style='font-size:30px; '  itemprop=\"text\" ><\/div><\/section>\n<div style='height:30px' class='hr hr-invisible   avia-builder-el-21  el_after_av_textblock  el_before_av_textblock '><span class='hr-inner ' ><span class='hr-inner-style'><\/span><\/span><\/div>\n<section class=\"av_textblock_section \"  itemscope=\"itemscope\" itemtype=\"https:\/\/schema.org\/CreativeWork\" ><div class='avia_textblock  '  style='font-size:30px; '  itemprop=\"text\" ><\/div><\/section>\n<section class=\"av_textblock_section \"  itemscope=\"itemscope\" itemtype=\"https:\/\/schema.org\/CreativeWork\" ><div class='avia_textblock  '  style='font-size:30px; '  itemprop=\"text\" ><\/div><\/section>\n<div class=\"flex_column av_one_third  av-animated-generic bottom-to-top  flex_column_div av-zero-column-padding first  avia-builder-el-24  el_after_av_textblock  el_before_av_one_third  column-top-margin\" style='margin-top:0px; margin-bottom:0px; border-radius:0px; '><div class='avia-image-container  av-styling-    avia-builder-el-25  avia-builder-el-no-sibling  avia-align-center '  itemprop=\"ImageObject\" itemscope=\"itemscope\" itemtype=\"https:\/\/schema.org\/ImageObject\"  ><div class='avia-image-container-inner'><div class='avia-image-overlay-wrap'><a href='https:\/\/www.elcowa.com\/de\/antistatique\/produits\/les-generateurs\/' class='avia_image'   target=\"_blank\" ><img class='avia_image ' src='https:\/\/www.elcowa.com\/wp-content\/uploads\/2020\/02\/HOCHSPANNUNGSGENERATOREN-2-300x288.png' alt='' title='LES GENERATEURS - SC04 B ET SC 11'  itemprop=\"thumbnailUrl\"  \/><\/a><\/div><\/div><\/div><\/div>\n<div class=\"flex_column av_one_third  av-animated-generic bottom-to-top  flex_column_div av-zero-column-padding   avia-builder-el-26  el_after_av_one_third  avia-builder-el-last  column-top-margin\" style='margin-top:0px; margin-bottom:0px; border-radius:0px; '><div class='avia-image-container  av-styling-    avia-builder-el-27  avia-builder-el-no-sibling  avia-align-center '  itemprop=\"ImageObject\" itemscope=\"itemscope\" itemtype=\"https:\/\/schema.org\/ImageObject\"  ><div class='avia-image-container-inner'><div class='avia-image-overlay-wrap'><a href='https:\/\/www.elcowa.com\/de\/antistatique\/produits\/buses-ionisantes\/pedalepneumatique\/' class='avia_image'   target=\"_blank\" ><img class='avia_image ' src='https:\/\/www.elcowa.com\/wp-content\/uploads\/2020\/02\/PNEUMATISCHES-FUSSPEDAL-300x288.png' alt='p\u00e9dale pneumatique ionisation' title='LES BUSES IONISANTES - PEDALE PNEUMATIQUE'  itemprop=\"thumbnailUrl\"  \/><\/a><\/div><\/div><\/div><\/div>\n","protected":false},"excerpt":{"rendered":"","protected":false},"author":4,"featured_media":0,"parent":5430,"menu_order":1,"comment_status":"closed","ping_status":"closed","template":"","meta":{"_acf_changed":false,"footnotes":""},"class_list":["post-5434","page","type-page","status-publish","hentry"],"acf":[],"yoast_head":"<!-- This site is optimized with the Yoast SEO plugin v26.9 - https:\/\/yoast.com\/product\/yoast-seo-wordpress\/ -->\n<title>TIC-S - ELCOWA<\/title>\n<meta name=\"description\" content=\"TIC-S-Ionisationsd\u00fcsen sind f\u00fcr die Beseitigung elektrostatischer Ladungen (Kleben, Entstauben) an kleinen Teile konzipiert..\" \/>\n<meta name=\"robots\" content=\"index, follow, max-snippet:-1, max-image-preview:large, max-video-preview:-1\" \/>\n<link rel=\"canonical\" href=\"https:\/\/www.elcowa.com\/de\/antistatisch\/antistatische-ausruestung\/ionisierungsdusen\/tic-s\/\" \/>\n<meta property=\"og:locale\" content=\"de_DE\" \/>\n<meta property=\"og:type\" content=\"article\" \/>\n<meta property=\"og:title\" content=\"TIC-S - ELCOWA\" \/>\n<meta property=\"og:description\" content=\"TIC-S-Ionisationsd\u00fcsen sind f\u00fcr die Beseitigung elektrostatischer Ladungen (Kleben, Entstauben) an kleinen Teile konzipiert..\" \/>\n<meta property=\"og:url\" content=\"https:\/\/www.elcowa.com\/de\/antistatisch\/antistatische-ausruestung\/ionisierungsdusen\/tic-s\/\" \/>\n<meta property=\"og:site_name\" content=\"ELCOWA\" \/>\n<meta property=\"article:modified_time\" content=\"2024-06-14T14:06:28+00:00\" \/>\n<meta property=\"og:image\" content=\"https:\/\/www.elcowa.com\/wp-content\/uploads\/2020\/01\/TIC-S-F.png\" \/>\n<meta name=\"twitter:card\" content=\"summary_large_image\" \/>\n<meta name=\"twitter:label1\" content=\"Gesch\u00e4tzte Lesezeit\" \/>\n\t<meta name=\"twitter:data1\" content=\"4\u00a0Minuten\" \/>\n<script type=\"application\/ld+json\" class=\"yoast-schema-graph\">{\"@context\":\"https:\/\/schema.org\",\"@graph\":[{\"@type\":\"WebPage\",\"@id\":\"https:\/\/www.elcowa.com\/de\/antistatisch\/antistatische-ausruestung\/ionisierungsdusen\/tic-s\/\",\"url\":\"https:\/\/www.elcowa.com\/de\/antistatisch\/antistatische-ausruestung\/ionisierungsdusen\/tic-s\/\",\"name\":\"TIC-S - ELCOWA\",\"isPartOf\":{\"@id\":\"https:\/\/www.elcowa.com\/de\/#website\"},\"primaryImageOfPage\":{\"@id\":\"https:\/\/www.elcowa.com\/de\/antistatisch\/antistatische-ausruestung\/ionisierungsdusen\/tic-s\/#primaryimage\"},\"image\":{\"@id\":\"https:\/\/www.elcowa.com\/de\/antistatisch\/antistatische-ausruestung\/ionisierungsdusen\/tic-s\/#primaryimage\"},\"thumbnailUrl\":\"https:\/\/www.elcowa.com\/wp-content\/uploads\/2020\/01\/TIC-S-F.png\",\"datePublished\":\"2020-01-28T10:50:29+00:00\",\"dateModified\":\"2024-06-14T14:06:28+00:00\",\"description\":\"TIC-S-Ionisationsd\u00fcsen sind f\u00fcr die Beseitigung elektrostatischer Ladungen (Kleben, Entstauben) an kleinen Teile konzipiert..\",\"breadcrumb\":{\"@id\":\"https:\/\/www.elcowa.com\/de\/antistatisch\/antistatische-ausruestung\/ionisierungsdusen\/tic-s\/#breadcrumb\"},\"inLanguage\":\"de\",\"potentialAction\":[{\"@type\":\"ReadAction\",\"target\":[\"https:\/\/www.elcowa.com\/de\/antistatisch\/antistatische-ausruestung\/ionisierungsdusen\/tic-s\/\"]}]},{\"@type\":\"ImageObject\",\"inLanguage\":\"de\",\"@id\":\"https:\/\/www.elcowa.com\/de\/antistatisch\/antistatische-ausruestung\/ionisierungsdusen\/tic-s\/#primaryimage\",\"url\":\"https:\/\/www.elcowa.com\/wp-content\/uploads\/2020\/01\/TIC-S-F.png\",\"contentUrl\":\"https:\/\/www.elcowa.com\/wp-content\/uploads\/2020\/01\/TIC-S-F.png\"},{\"@type\":\"BreadcrumbList\",\"@id\":\"https:\/\/www.elcowa.com\/de\/antistatisch\/antistatische-ausruestung\/ionisierungsdusen\/tic-s\/#breadcrumb\",\"itemListElement\":[{\"@type\":\"ListItem\",\"position\":1,\"name\":\"Accueil\",\"item\":\"https:\/\/www.elcowa.com\/de\/home\/\"},{\"@type\":\"ListItem\",\"position\":2,\"name\":\"Antistatisch\",\"item\":\"https:\/\/www.elcowa.com\/de\/antistatisch\/\"},{\"@type\":\"ListItem\",\"position\":3,\"name\":\"Produkte\",\"item\":\"https:\/\/www.elcowa.com\/de\/antistatisch\/antistatische-ausruestung\/\"},{\"@type\":\"ListItem\",\"position\":4,\"name\":\"Ionisierungsd\u00fcsen\",\"item\":\"https:\/\/www.elcowa.com\/de\/antistatisch\/antistatische-ausruestung\/ionisierungsdusen\/\"},{\"@type\":\"ListItem\",\"position\":5,\"name\":\"TIC-S\"}]},{\"@type\":\"WebSite\",\"@id\":\"https:\/\/www.elcowa.com\/de\/#website\",\"url\":\"https:\/\/www.elcowa.com\/de\/\",\"name\":\"ELCOWA\",\"description\":\"Mat\u00e9riels antistatiques &amp; contr\u00f4le de produits\",\"potentialAction\":[{\"@type\":\"SearchAction\",\"target\":{\"@type\":\"EntryPoint\",\"urlTemplate\":\"https:\/\/www.elcowa.com\/de\/?s={search_term_string}\"},\"query-input\":{\"@type\":\"PropertyValueSpecification\",\"valueRequired\":true,\"valueName\":\"search_term_string\"}}],\"inLanguage\":\"de\"}]}<\/script>\n<!-- \/ Yoast SEO plugin. -->","yoast_head_json":{"title":"TIC-S - ELCOWA","description":"TIC-S-Ionisationsd\u00fcsen sind f\u00fcr die Beseitigung elektrostatischer Ladungen (Kleben, Entstauben) an kleinen Teile konzipiert..","robots":{"index":"index","follow":"follow","max-snippet":"max-snippet:-1","max-image-preview":"max-image-preview:large","max-video-preview":"max-video-preview:-1"},"canonical":"https:\/\/www.elcowa.com\/de\/antistatisch\/antistatische-ausruestung\/ionisierungsdusen\/tic-s\/","og_locale":"de_DE","og_type":"article","og_title":"TIC-S - ELCOWA","og_description":"TIC-S-Ionisationsd\u00fcsen sind f\u00fcr die Beseitigung elektrostatischer Ladungen (Kleben, Entstauben) an kleinen Teile konzipiert..","og_url":"https:\/\/www.elcowa.com\/de\/antistatisch\/antistatische-ausruestung\/ionisierungsdusen\/tic-s\/","og_site_name":"ELCOWA","article_modified_time":"2024-06-14T14:06:28+00:00","og_image":[{"url":"https:\/\/www.elcowa.com\/wp-content\/uploads\/2020\/01\/TIC-S-F.png","type":"","width":"","height":""}],"twitter_card":"summary_large_image","twitter_misc":{"Gesch\u00e4tzte Lesezeit":"4\u00a0Minuten"},"schema":{"@context":"https:\/\/schema.org","@graph":[{"@type":"WebPage","@id":"https:\/\/www.elcowa.com\/de\/antistatisch\/antistatische-ausruestung\/ionisierungsdusen\/tic-s\/","url":"https:\/\/www.elcowa.com\/de\/antistatisch\/antistatische-ausruestung\/ionisierungsdusen\/tic-s\/","name":"TIC-S - ELCOWA","isPartOf":{"@id":"https:\/\/www.elcowa.com\/de\/#website"},"primaryImageOfPage":{"@id":"https:\/\/www.elcowa.com\/de\/antistatisch\/antistatische-ausruestung\/ionisierungsdusen\/tic-s\/#primaryimage"},"image":{"@id":"https:\/\/www.elcowa.com\/de\/antistatisch\/antistatische-ausruestung\/ionisierungsdusen\/tic-s\/#primaryimage"},"thumbnailUrl":"https:\/\/www.elcowa.com\/wp-content\/uploads\/2020\/01\/TIC-S-F.png","datePublished":"2020-01-28T10:50:29+00:00","dateModified":"2024-06-14T14:06:28+00:00","description":"TIC-S-Ionisationsd\u00fcsen sind f\u00fcr die Beseitigung elektrostatischer Ladungen (Kleben, Entstauben) an kleinen Teile konzipiert..","breadcrumb":{"@id":"https:\/\/www.elcowa.com\/de\/antistatisch\/antistatische-ausruestung\/ionisierungsdusen\/tic-s\/#breadcrumb"},"inLanguage":"de","potentialAction":[{"@type":"ReadAction","target":["https:\/\/www.elcowa.com\/de\/antistatisch\/antistatische-ausruestung\/ionisierungsdusen\/tic-s\/"]}]},{"@type":"ImageObject","inLanguage":"de","@id":"https:\/\/www.elcowa.com\/de\/antistatisch\/antistatische-ausruestung\/ionisierungsdusen\/tic-s\/#primaryimage","url":"https:\/\/www.elcowa.com\/wp-content\/uploads\/2020\/01\/TIC-S-F.png","contentUrl":"https:\/\/www.elcowa.com\/wp-content\/uploads\/2020\/01\/TIC-S-F.png"},{"@type":"BreadcrumbList","@id":"https:\/\/www.elcowa.com\/de\/antistatisch\/antistatische-ausruestung\/ionisierungsdusen\/tic-s\/#breadcrumb","itemListElement":[{"@type":"ListItem","position":1,"name":"Accueil","item":"https:\/\/www.elcowa.com\/de\/home\/"},{"@type":"ListItem","position":2,"name":"Antistatisch","item":"https:\/\/www.elcowa.com\/de\/antistatisch\/"},{"@type":"ListItem","position":3,"name":"Produkte","item":"https:\/\/www.elcowa.com\/de\/antistatisch\/antistatische-ausruestung\/"},{"@type":"ListItem","position":4,"name":"Ionisierungsd\u00fcsen","item":"https:\/\/www.elcowa.com\/de\/antistatisch\/antistatische-ausruestung\/ionisierungsdusen\/"},{"@type":"ListItem","position":5,"name":"TIC-S"}]},{"@type":"WebSite","@id":"https:\/\/www.elcowa.com\/de\/#website","url":"https:\/\/www.elcowa.com\/de\/","name":"ELCOWA","description":"Mat\u00e9riels antistatiques &amp; contr\u00f4le de produits","potentialAction":[{"@type":"SearchAction","target":{"@type":"EntryPoint","urlTemplate":"https:\/\/www.elcowa.com\/de\/?s={search_term_string}"},"query-input":{"@type":"PropertyValueSpecification","valueRequired":true,"valueName":"search_term_string"}}],"inLanguage":"de"}]}},"_links":{"self":[{"href":"https:\/\/www.elcowa.com\/de\/wp-json\/wp\/v2\/pages\/5434","targetHints":{"allow":["GET"]}}],"collection":[{"href":"https:\/\/www.elcowa.com\/de\/wp-json\/wp\/v2\/pages"}],"about":[{"href":"https:\/\/www.elcowa.com\/de\/wp-json\/wp\/v2\/types\/page"}],"author":[{"embeddable":true,"href":"https:\/\/www.elcowa.com\/de\/wp-json\/wp\/v2\/users\/4"}],"replies":[{"embeddable":true,"href":"https:\/\/www.elcowa.com\/de\/wp-json\/wp\/v2\/comments?post=5434"}],"version-history":[{"count":0,"href":"https:\/\/www.elcowa.com\/de\/wp-json\/wp\/v2\/pages\/5434\/revisions"}],"up":[{"embeddable":true,"href":"https:\/\/www.elcowa.com\/de\/wp-json\/wp\/v2\/pages\/5430"}],"wp:attachment":[{"href":"https:\/\/www.elcowa.com\/de\/wp-json\/wp\/v2\/media?parent=5434"}],"curies":[{"name":"wp","href":"https:\/\/api.w.org\/{rel}","templated":true}]}}