{"id":5397,"date":"2020-01-28T11:24:55","date_gmt":"2020-01-28T10:24:55","guid":{"rendered":"https:\/\/www.elcowa.com\/antistatique\/produits\/les-depoussiereurs\/dac500\/"},"modified":"2024-06-14T16:02:53","modified_gmt":"2024-06-14T14:02:53","slug":"dac500","status":"publish","type":"page","link":"https:\/\/www.elcowa.com\/de\/antistatisch\/antistatische-ausruestung\/ionisierende-staubabscheider\/dac500\/","title":{"rendered":"DAC 500"},"content":{"rendered":"<div class=\"flex_column av_one_full  av-animated-generic bottom-to-top  flex_column_div av-zero-column-padding first  avia-builder-el-0  el_before_av_image  avia-builder-el-first  \" style='margin-top:0px; margin-bottom:0px; border-radius:0px; '><p><div style='padding-bottom:0px; color:#00aeff;' class='av-special-heading av-special-heading-h1 custom-color-heading blockquote modern-quote  avia-builder-el-1  el_before_av_heading  avia-builder-el-first  '><h1 class='av-special-heading-tag '  itemprop=\"headline\"  >Absaug- und Filtersysteme<\/h1><div class='special-heading-border'><div class='special-heading-inner-border' style='border-color:#00aeff'><\/div><\/div><\/div><br \/>\n<div style='padding-bottom:0px; margin:1 1 1 1; ' class='av-special-heading av-special-heading-h2  blockquote modern-quote  avia-builder-el-2  el_after_av_heading  el_before_av_hr   '><h2 class='av-special-heading-tag '  itemprop=\"headline\"  >DAC 500<\/h2><div class='special-heading-border'><div class='special-heading-inner-border' ><\/div><\/div><\/div><br \/>\n<div style=' margin-top:10px; margin-bottom:10px;'  class='hr hr-custom hr-left hr-icon-no   avia-builder-el-3  el_after_av_heading  avia-builder-el-last '><span class='hr-inner   inner-border-av-border-fat' style=' width:50px; border-color:#00aeff;' ><span class='hr-inner-style'><\/span><\/span><\/div><\/p><\/div>\n<div class='avia-image-container  av-styling-    avia-builder-el-4  el_after_av_one_full  el_before_av_tab_container  avia-align-center '  itemprop=\"ImageObject\" itemscope=\"itemscope\" itemtype=\"https:\/\/schema.org\/ImageObject\"  ><div class='avia-image-container-inner'><div class='avia-image-overlay-wrap'><img class='avia_image' src='https:\/\/www.elcowa.com\/wp-content\/uploads\/2020\/01\/DAC-500-192x300.png' alt='' title='DAC 500' height=\"300\" width=\"192\"  itemprop=\"thumbnailUrl\"  \/><\/div><\/div><\/div>\n<div class=\"tabcontainer   top_tab   avia-builder-el-5  el_after_av_image  el_before_av_textblock \">\n\n<section class=\"av_tab_section\"  itemscope=\"itemscope\" itemtype=\"https:\/\/schema.org\/CreativeWork\" >    <div aria-controls=\"tab-id-1\" role=\"tab\" tabindex=\"0\" data-fake-id=\"#tab-id-1\" class=\"tab active_tab\"  itemprop=\"headline\" >PRODUKT<\/div>\n    <div id=\"tab-id-1-container\" class=\"tab_content active_tab_content\" aria-hidden=\"false\">\n        <div class=\"tab_inner_content invers-color\"  itemprop=\"text\" >\n<p>Der <strong><span style=\"color: #00ccff;\">DAC 500<\/span> <\/strong>ist ein kompaktes Absaug- und Filtersystem. Es kombiniert die folgenden 3 Elemente in einem kompakten Geh\u00e4use:<\/p>\n<ul>\n<li>Ein Absaugsystem<\/li>\n<li>Eine Filterbaugruppe<\/li>\n<li>Ein Hochspannungsgenerator<\/li>\n<\/ul>\n<p>Er ist um einen Radialventilator aufgebaut, der von einem Elektromotor in Rotation versetzt wird. Die verunreinigte Luft wird von der Oberseite des Ger\u00e4ts angesaugt. Diese Luft durchstr\u00f6mt einen Vorfilter, der die gr\u00f6\u00dften Partikel auff\u00e4ngt. Nach dieser Stufe stoppt ein hocheffizienter, mehrfl\u00e4chiger Filter die feineren Partikel und begrenzt so die Emissionen in die Umgebungsluft.<\/p>\n<p>Das Absaug- und Filtersystem DAC 500 ist ausschlie\u00dflich f\u00fcr das Absaugen und Filtern von trockenem Staub <strong><span style=\"color: #00ccff;\">ohne Feuchtigkeit<\/span> <\/strong>und ohne explosive St\u00e4ube wie Aluminium, Titan oder andere gef\u00e4hrliche Produkte ausgelegt.<\/p>\n<p>Er hat eine Hochspannungsversorgung an der Unterseite f\u00fcr die antistatischen St\u00e4be, die in den ionisierenden Staubsammlern des Typs ECOVAC montiert sind.<\/p>\n<h3 style=\"text-align: center;\"><\/h3>\n\n        <\/div>\n    <\/div>\n<\/section>\n\n<section class=\"av_tab_section\"  itemscope=\"itemscope\" itemtype=\"https:\/\/schema.org\/CreativeWork\" >    <div aria-controls=\"tab-id-2\" role=\"tab\" tabindex=\"0\" data-fake-id=\"#tab-id-2\" class=\"tab \"  itemprop=\"headline\" >TECHNISCHEDATEN<\/div>\n    <div id=\"tab-id-2-container\" class=\"tab_content \" aria-hidden=\"true\">\n        <div class=\"tab_inner_content invers-color\"  itemprop=\"text\" >\n<style type=\"text\/css\">\n.tg  {border-collapse:collapse;border-spacing:0;}<br \/>.tg td{font-family:Arial, sans-serif;font-size:14px;padding:10px 5px;border-style:solid;border-width:0px;overflow:hidden;word-break:normal;}<br \/>.tg th{font-family:Arial, sans-serif;font-size:14px;font-weight:normal;padding:10px 5px;border-style:solid;border-width:0px;overflow:hidden;word-break:normal;}<br \/>.tg .tg-lboi{border-color:inherit;text-align:left;vertical-align:middle}<br \/>.tg .tg-0pky{border-color:inherit;text-align:left;vertical-align:top}<br \/>@media screen and (max-width: 767px) {.tg {width: auto !important;}.tg col {width: auto !important;}.tg-wrap {overflow-x: auto;-webkit-overflow-scrolling: touch;}}<\/style>\n<p><strong>ASPIRATEUR :<\/strong><\/p>\n<div class=\"tg-wrap\">\n<table class=\"tg\">\n<tbody>\n<tr>\n<td class=\"tg-0pky\"><center><strong><span style=\"color: #00aeff;\">TENSION D\u2019ALIMENTATION DU MOTEUR<\/span><\/strong><\/center><\/td>\n<td class=\"tg-lboi\">400 VAC Triphas\u00e9<\/td>\n<\/tr>\n<tr>\n<td class=\"tg-0pky\"><center><strong><span style=\"color: #00aeff;\">PUISSANCE MOTEUR<\/span><\/strong><\/center><\/td>\n<td class=\"tg-0pky\">0,75 Kw<\/td>\n<\/tr>\n<tr>\n<td class=\"tg-0pky\"><center><strong><span style=\"color: #00aeff;\">VITESSE DE ROTATION DE LA TURBINE<\/span><\/strong><\/center><\/td>\n<td class=\"tg-0pky\">2800 tr\/min<\/td>\n<\/tr>\n<tr>\n<td class=\"tg-0pky\"><center><span style=\"color: #00aeff;\"><b>D\u00c9BIT<\/b><\/span><strong><span style=\"color: #00aeff;\">\u00a0NOMINAL<\/span><\/strong><\/center><\/td>\n<td class=\"tg-0pky\">500 m<sup>3<\/sup>\/h<\/td>\n<\/tr>\n<tr>\n<td class=\"tg-0pky\"><center><strong><span style=\"color: #00aeff;\">NIVEAU SONORE<\/span><\/strong><\/center><\/td>\n<td class=\"tg-0pky\">69 dB \u00e0 2m<\/td>\n<\/tr>\n<tr>\n<td class=\"tg-0pky\"><center><strong><span style=\"color: #00aeff;\">POIDS <\/span><\/strong><\/center><\/td>\n<td class=\"tg-0pky\">110 kg<\/td>\n<\/tr>\n<tr>\n<td class=\"tg-0pky\"><center><strong><span style=\"color: #00aeff;\">FINITION<\/span><\/strong><\/center><\/td>\n<td class=\"tg-0pky\">Coffret en t\u00f4le d\u2019acier laqu\u00e9e grise (RAL7011)<\/td>\n<\/tr>\n<tr>\n<td class=\"tg-0pky\"><center><strong><span style=\"color: #00aeff;\">PRE-FILTRE<\/span><\/strong><\/center><\/td>\n<td class=\"tg-0pky\">Fibre de verre 50mm Classe filtration G3<\/td>\n<\/tr>\n<tr>\n<td class=\"tg-0pky\"><center><strong><span style=\"color: #00aeff;\">FILTRE<\/span><\/strong><\/center><\/td>\n<td class=\"tg-0pky\">Multi-di\u00e8dre m\u00e9dia papier fibre de verre (surface 9m2 classe de filtration F8)<\/td>\n<\/tr>\n<\/tbody>\n<\/table>\n<\/div>\n<p><strong>G\u00c9N\u00c9RATEUR HAUTE TENSION :<\/strong><\/p>\n<div class=\"tg-wrap\">\n<table class=\"tg\">\n<tbody>\n<tr>\n<td class=\"tg-0pky\"><center><span style=\"color: #00aeff;\"><b>TENSION D&#8217;ALIMENTATION DU MOTEUR<\/b><\/span><\/center><\/td>\n<td class=\"tg-lboi\">400 VAC<\/td>\n<\/tr>\n<tr>\n<td class=\"tg-0pky\"><center><span style=\"color: #00aeff;\"><b>FR\u00c9QUENCE<\/b><\/span><strong><span style=\"color: #00aeff;\">\u00a0D\u2019ALIMENTATION<\/span><\/strong><\/center><\/td>\n<td class=\"tg-0pky\">50 \/ 60 Hz<\/td>\n<\/tr>\n<tr>\n<td class=\"tg-0pky\"><center><strong><span style=\"color: #00aeff;\">TENSION SECONDAIRE NOMINALE<\/span><\/strong><\/center><\/td>\n<td class=\"tg-0pky\">5000 VAC<\/td>\n<\/tr>\n<tr>\n<td class=\"tg-0pky\"><center><strong><span style=\"color: #00aeff;\">TENSION SECONDAIRE EN CHARGE<\/span><\/strong><\/center><\/td>\n<td class=\"tg-0pky\">7000 VAC<\/td>\n<\/tr>\n<tr>\n<td class=\"tg-0pky\"><center><span style=\"color: #00aeff;\"><b>INTENSIT\u00c9<\/b><\/span><strong><span style=\"color: #00aeff;\">\u00a0SECONDAIRE MAX<\/span><\/strong><\/center><\/td>\n<td class=\"tg-0pky\">7mA<\/td>\n<\/tr>\n<tr>\n<td class=\"tg-0pky\"><center><strong><span style=\"color: #00aeff;\">CHARGE MAXIMALE<\/span><\/strong><\/center><\/td>\n<td class=\"tg-0pky\">7 m\u00e8tre de barres antistatiques + 10 m\u00e8tres de c\u00e2ble blind\u00e9<\/td>\n<\/tr>\n<\/tbody>\n<\/table>\n<\/div>\n\n        <\/div>\n    <\/div>\n<\/section>\n\n<section class=\"av_tab_section\"  itemscope=\"itemscope\" itemtype=\"https:\/\/schema.org\/CreativeWork\" >    <div aria-controls=\"tab-id-3\" role=\"tab\" tabindex=\"0\" data-fake-id=\"#tab-id-3\" class=\"tab \"  itemprop=\"headline\" >BEISPIELE<\/div>\n    <div id=\"tab-id-3-container\" class=\"tab_content \" aria-hidden=\"true\">\n        <div class=\"tab_inner_content invers-color\"  itemprop=\"text\" >\n<p><img loading=\"lazy\" decoding=\"async\" class=\" wp-image-3161\" src=\"https:\/\/www.elcowa.com\/wp-content\/uploads\/2019\/12\/PRESENTATION-ECOVAC-2T-compl\u00e8te-300x183.jpg\" alt=\"\" width=\"320\" height=\"195\" srcset=\"https:\/\/www.elcowa.com\/wp-content\/uploads\/2019\/12\/PRESENTATION-ECOVAC-2T-compl\u00e8te-300x183.jpg 300w, https:\/\/www.elcowa.com\/wp-content\/uploads\/2019\/12\/PRESENTATION-ECOVAC-2T-compl\u00e8te-768x469.jpg 768w, https:\/\/www.elcowa.com\/wp-content\/uploads\/2019\/12\/PRESENTATION-ECOVAC-2T-compl\u00e8te-1030x628.jpg 1030w, https:\/\/www.elcowa.com\/wp-content\/uploads\/2019\/12\/PRESENTATION-ECOVAC-2T-compl\u00e8te-705x430.jpg 705w, https:\/\/www.elcowa.com\/wp-content\/uploads\/2019\/12\/PRESENTATION-ECOVAC-2T-compl\u00e8te-450x275.jpg 450w, https:\/\/www.elcowa.com\/wp-content\/uploads\/2019\/12\/PRESENTATION-ECOVAC-2T-compl\u00e8te.jpg 1436w\" sizes=\"auto, (max-width: 320px) 100vw, 320px\" \/><\/p>\n\n        <\/div>\n    <\/div>\n<\/section>\n\n<\/div>\n\n<section class=\"av_textblock_section \"  itemscope=\"itemscope\" itemtype=\"https:\/\/schema.org\/CreativeWork\" ><div class='avia_textblock  '  style='font-size:30px; '  itemprop=\"text\" ><\/div><\/section>\n<section class=\"av_textblock_section \"  itemscope=\"itemscope\" itemtype=\"https:\/\/schema.org\/CreativeWork\" ><div class='avia_textblock  '  style='font-size:30px; '  itemprop=\"text\" ><\/div><\/section>\n<div class=\"flex_column av_one_fourth  av-animated-generic bottom-to-top  flex_column_div first  avia-builder-el-8  el_after_av_textblock  el_before_av_one_fourth  column-top-margin\" style='margin-top:0px; margin-bottom:0px; padding:15px; border-radius:0px; '><\/div>\n<div class=\"flex_column av_one_fourth  av-animated-generic bottom-to-top  flex_column_div   avia-builder-el-9  el_after_av_one_fourth  el_before_av_one_fourth  column-top-margin\" style='margin-top:0px; margin-bottom:0px; padding:15px; border-radius:0px; '><div class='avia-buttonrow-wrap avia-buttonrow-center   avia-builder-el-10  avia-builder-el-no-sibling '>\n<a href='https:\/\/www.elcowa.com\/de\/contact\/'  class='avia-button  avia-icon_select-yes-left-icon avia-color-theme-color avia-size-x-large '  style='margin-bottom:5px; margin-left:3px; margin-right:3px; ' ><span class='avia_button_icon avia_button_icon_left ' aria-hidden='true' data-av_icon='\ue805' data-av_iconfont='entypo-fontello'><\/span><span class='avia_iconbox_title' >MEHR INFORMATION<\/span><\/a>\n<\/div><\/div><div class=\"flex_column av_one_fourth  av-animated-generic bottom-to-top  flex_column_div   avia-builder-el-11  el_after_av_one_fourth  el_before_av_one_fourth  column-top-margin\" style='margin-top:0px; margin-bottom:0px; padding:15px; border-radius:0px; '><div class='avia-buttonrow-wrap avia-buttonrow-center   avia-builder-el-12  avia-builder-el-no-sibling '>\n<a href=' https:\/\/www.elcowa.com\/elcowa-documentation-dac-500\/'  class='avia-button  avia-icon_select-yes-left-icon avia-color-theme-color avia-size-x-large '  target=\"_blank\"  style='margin-bottom:5px; margin-left:3px; margin-right:3px; ' ><span class='avia_button_icon avia_button_icon_left ' aria-hidden='true' data-av_icon='\ue84e' data-av_iconfont='entypo-fontello'><\/span><span class='avia_iconbox_title' >BROCHURE HERUNTERLADEN<\/span><\/a>\n<\/div><\/div><\/p>\n<div class=\"flex_column av_one_fourth  av-animated-generic bottom-to-top  flex_column_div av-zero-column-padding   avia-builder-el-13  el_after_av_one_fourth  el_before_av_textblock  column-top-margin\" style='margin-top:0px; margin-bottom:0px; border-radius:0px; '><\/div>\n<section class=\"av_textblock_section \"  itemscope=\"itemscope\" itemtype=\"https:\/\/schema.org\/CreativeWork\" ><div class='avia_textblock  '  style='font-size:30px; '  itemprop=\"text\" ><\/div><\/section>\n<section class=\"av_textblock_section \"  itemscope=\"itemscope\" itemtype=\"https:\/\/schema.org\/CreativeWork\" ><div class='avia_textblock  '  style='font-size:30px; '  itemprop=\"text\" ><\/div><\/section>\n<div style='padding-bottom:0px; margin:1 1 1 1; color:#00aeff;' class='av-special-heading av-special-heading-h2 custom-color-heading blockquote modern-quote  avia-builder-el-16  el_after_av_textblock  el_before_av_textblock   '><h2 class='av-special-heading-tag '  itemprop=\"headline\"  >ZUGEH\u00d6RIGE PRODUKTE :<\/h2><div class='special-heading-border'><div class='special-heading-inner-border' style='border-color:#00aeff'><\/div><\/div><\/div>\n<section class=\"av_textblock_section \"  itemscope=\"itemscope\" itemtype=\"https:\/\/schema.org\/CreativeWork\" ><div class='avia_textblock  '  style='font-size:30px; '  itemprop=\"text\" ><\/div><\/section>\n<section class=\"av_textblock_section \"  itemscope=\"itemscope\" itemtype=\"https:\/\/schema.org\/CreativeWork\" ><div class='avia_textblock  '  style='font-size:30px; '  itemprop=\"text\" ><\/div><\/section>\n<section class=\"av_textblock_section \"  itemscope=\"itemscope\" itemtype=\"https:\/\/schema.org\/CreativeWork\" ><div class='avia_textblock  '  style='font-size:30px; '  itemprop=\"text\" ><\/div><\/section>\n<section class=\"av_textblock_section \"  itemscope=\"itemscope\" itemtype=\"https:\/\/schema.org\/CreativeWork\" ><div class='avia_textblock  '  style='font-size:30px; '  itemprop=\"text\" ><\/div><\/section>\n<div style='height:30px' class='hr hr-invisible   avia-builder-el-21  el_after_av_textblock  el_before_av_textblock '><span class='hr-inner ' ><span class='hr-inner-style'><\/span><\/span><\/div>\n<section class=\"av_textblock_section \"  itemscope=\"itemscope\" itemtype=\"https:\/\/schema.org\/CreativeWork\" ><div class='avia_textblock  '  style='font-size:30px; '  itemprop=\"text\" ><\/div><\/section>\n<section class=\"av_textblock_section \"  itemscope=\"itemscope\" itemtype=\"https:\/\/schema.org\/CreativeWork\" ><div class='avia_textblock  '  style='font-size:30px; '  itemprop=\"text\" ><\/div><\/section>\n<div class=\"flex_column av_two_fifth  av-animated-generic bottom-to-top  flex_column_div av-zero-column-padding first  avia-builder-el-24  el_after_av_textblock  el_before_av_two_fifth  column-top-margin\" style='margin-top:0px; margin-bottom:0px; border-radius:0px; '><div class='avia-image-container  av-styling-    avia-builder-el-25  avia-builder-el-no-sibling  avia-align-center '  itemprop=\"ImageObject\" itemscope=\"itemscope\" itemtype=\"https:\/\/schema.org\/ImageObject\"  ><div class='avia-image-container-inner'><div class='avia-image-overlay-wrap'><a href='https:\/\/www.elcowa.com\/de\/antistatique\/produits\/les-depoussiereurs\/ecovac20\/' class='avia_image'   target=\"_blank\" ><img class='avia_image ' src='https:\/\/www.elcowa.com\/wp-content\/uploads\/2020\/02\/ECOVAC-20-1-300x288.png' alt='beidseitige ionisierende Entstaubung' title='antistatische beidseitige Papierentstaubung'  itemprop=\"thumbnailUrl\"  \/><\/a><\/div><\/div><\/div><\/div>\n<div class=\"flex_column av_two_fifth  av-animated-generic bottom-to-top  flex_column_div av-zero-column-padding   avia-builder-el-26  el_after_av_two_fifth  avia-builder-el-last  column-top-margin\" style='margin-top:0px; margin-bottom:0px; border-radius:0px; '><div class='avia-image-container  av-styling-    avia-builder-el-27  avia-builder-el-no-sibling  avia-align-center '  itemprop=\"ImageObject\" itemscope=\"itemscope\" itemtype=\"https:\/\/schema.org\/ImageObject\"  ><div class='avia-image-container-inner'><div class='avia-image-overlay-wrap'><a href='https:\/\/www.elcowa.com\/de\/antistatique\/produits\/les-depoussiereurs\/ecovac21\/' class='avia_image'   target=\"_blank\" ><img class='avia_image ' src='https:\/\/www.elcowa.com\/wp-content\/uploads\/2020\/02\/ECOVAC-21-1-300x287.png' alt='' title='antistatische, doppelseitige, ber\u00fchrungslose Papierentstaubung'  itemprop=\"thumbnailUrl\"  \/><\/a><\/div><\/div><\/div><\/div>\n","protected":false},"excerpt":{"rendered":"","protected":false},"author":4,"featured_media":0,"parent":5380,"menu_order":4,"comment_status":"closed","ping_status":"closed","template":"","meta":{"_acf_changed":false,"footnotes":""},"class_list":["post-5397","page","type-page","status-publish","hentry"],"acf":[],"yoast_head":"<!-- This site is optimized with the Yoast SEO plugin v26.9 - https:\/\/yoast.com\/product\/yoast-seo-wordpress\/ -->\n<title>DAC 500 - ELCOWA<\/title>\n<meta name=\"description\" content=\"Der DAC 500 ist eine kompakte Kombination aus einem Saugsystem, einer Filtereinheit und einem Hochspannungsgenerator.\" \/>\n<meta name=\"robots\" content=\"index, follow, max-snippet:-1, max-image-preview:large, max-video-preview:-1\" \/>\n<link rel=\"canonical\" href=\"https:\/\/www.elcowa.com\/de\/antistatisch\/antistatische-ausruestung\/ionisierende-staubabscheider\/dac500\/\" \/>\n<meta property=\"og:locale\" content=\"de_DE\" \/>\n<meta property=\"og:type\" content=\"article\" \/>\n<meta property=\"og:title\" content=\"DAC 500 - ELCOWA\" \/>\n<meta property=\"og:description\" content=\"Der DAC 500 ist eine kompakte Kombination aus einem Saugsystem, einer Filtereinheit und einem Hochspannungsgenerator.\" \/>\n<meta property=\"og:url\" content=\"https:\/\/www.elcowa.com\/de\/antistatisch\/antistatische-ausruestung\/ionisierende-staubabscheider\/dac500\/\" \/>\n<meta property=\"og:site_name\" content=\"ELCOWA\" \/>\n<meta property=\"article:modified_time\" content=\"2024-06-14T14:02:53+00:00\" \/>\n<meta name=\"twitter:card\" content=\"summary_large_image\" \/>\n<meta name=\"twitter:label1\" content=\"Gesch\u00e4tzte Lesezeit\" \/>\n\t<meta name=\"twitter:data1\" content=\"5\u00a0Minuten\" \/>\n<script type=\"application\/ld+json\" class=\"yoast-schema-graph\">{\"@context\":\"https:\/\/schema.org\",\"@graph\":[{\"@type\":\"WebPage\",\"@id\":\"https:\/\/www.elcowa.com\/de\/antistatisch\/antistatische-ausruestung\/ionisierende-staubabscheider\/dac500\/\",\"url\":\"https:\/\/www.elcowa.com\/de\/antistatisch\/antistatische-ausruestung\/ionisierende-staubabscheider\/dac500\/\",\"name\":\"DAC 500 - ELCOWA\",\"isPartOf\":{\"@id\":\"https:\/\/www.elcowa.com\/de\/#website\"},\"datePublished\":\"2020-01-28T10:24:55+00:00\",\"dateModified\":\"2024-06-14T14:02:53+00:00\",\"description\":\"Der DAC 500 ist eine kompakte Kombination aus einem Saugsystem, einer Filtereinheit und einem Hochspannungsgenerator.\",\"breadcrumb\":{\"@id\":\"https:\/\/www.elcowa.com\/de\/antistatisch\/antistatische-ausruestung\/ionisierende-staubabscheider\/dac500\/#breadcrumb\"},\"inLanguage\":\"de\",\"potentialAction\":[{\"@type\":\"ReadAction\",\"target\":[\"https:\/\/www.elcowa.com\/de\/antistatisch\/antistatische-ausruestung\/ionisierende-staubabscheider\/dac500\/\"]}]},{\"@type\":\"BreadcrumbList\",\"@id\":\"https:\/\/www.elcowa.com\/de\/antistatisch\/antistatische-ausruestung\/ionisierende-staubabscheider\/dac500\/#breadcrumb\",\"itemListElement\":[{\"@type\":\"ListItem\",\"position\":1,\"name\":\"Accueil\",\"item\":\"https:\/\/www.elcowa.com\/de\/home\/\"},{\"@type\":\"ListItem\",\"position\":2,\"name\":\"Antistatisch\",\"item\":\"https:\/\/www.elcowa.com\/de\/antistatisch\/\"},{\"@type\":\"ListItem\",\"position\":3,\"name\":\"Produkte\",\"item\":\"https:\/\/www.elcowa.com\/de\/antistatisch\/antistatische-ausruestung\/\"},{\"@type\":\"ListItem\",\"position\":4,\"name\":\"Ionisierende Staubabscheider\",\"item\":\"https:\/\/www.elcowa.com\/de\/antistatisch\/antistatische-ausruestung\/ionisierende-staubabscheider\/\"},{\"@type\":\"ListItem\",\"position\":5,\"name\":\"DAC 500\"}]},{\"@type\":\"WebSite\",\"@id\":\"https:\/\/www.elcowa.com\/de\/#website\",\"url\":\"https:\/\/www.elcowa.com\/de\/\",\"name\":\"ELCOWA\",\"description\":\"Mat\u00e9riels antistatiques &amp; contr\u00f4le de produits\",\"potentialAction\":[{\"@type\":\"SearchAction\",\"target\":{\"@type\":\"EntryPoint\",\"urlTemplate\":\"https:\/\/www.elcowa.com\/de\/?s={search_term_string}\"},\"query-input\":{\"@type\":\"PropertyValueSpecification\",\"valueRequired\":true,\"valueName\":\"search_term_string\"}}],\"inLanguage\":\"de\"}]}<\/script>\n<!-- \/ Yoast SEO plugin. -->","yoast_head_json":{"title":"DAC 500 - ELCOWA","description":"Der DAC 500 ist eine kompakte Kombination aus einem Saugsystem, einer Filtereinheit und einem Hochspannungsgenerator.","robots":{"index":"index","follow":"follow","max-snippet":"max-snippet:-1","max-image-preview":"max-image-preview:large","max-video-preview":"max-video-preview:-1"},"canonical":"https:\/\/www.elcowa.com\/de\/antistatisch\/antistatische-ausruestung\/ionisierende-staubabscheider\/dac500\/","og_locale":"de_DE","og_type":"article","og_title":"DAC 500 - ELCOWA","og_description":"Der DAC 500 ist eine kompakte Kombination aus einem Saugsystem, einer Filtereinheit und einem Hochspannungsgenerator.","og_url":"https:\/\/www.elcowa.com\/de\/antistatisch\/antistatische-ausruestung\/ionisierende-staubabscheider\/dac500\/","og_site_name":"ELCOWA","article_modified_time":"2024-06-14T14:02:53+00:00","twitter_card":"summary_large_image","twitter_misc":{"Gesch\u00e4tzte Lesezeit":"5\u00a0Minuten"},"schema":{"@context":"https:\/\/schema.org","@graph":[{"@type":"WebPage","@id":"https:\/\/www.elcowa.com\/de\/antistatisch\/antistatische-ausruestung\/ionisierende-staubabscheider\/dac500\/","url":"https:\/\/www.elcowa.com\/de\/antistatisch\/antistatische-ausruestung\/ionisierende-staubabscheider\/dac500\/","name":"DAC 500 - ELCOWA","isPartOf":{"@id":"https:\/\/www.elcowa.com\/de\/#website"},"datePublished":"2020-01-28T10:24:55+00:00","dateModified":"2024-06-14T14:02:53+00:00","description":"Der DAC 500 ist eine kompakte Kombination aus einem Saugsystem, einer Filtereinheit und einem Hochspannungsgenerator.","breadcrumb":{"@id":"https:\/\/www.elcowa.com\/de\/antistatisch\/antistatische-ausruestung\/ionisierende-staubabscheider\/dac500\/#breadcrumb"},"inLanguage":"de","potentialAction":[{"@type":"ReadAction","target":["https:\/\/www.elcowa.com\/de\/antistatisch\/antistatische-ausruestung\/ionisierende-staubabscheider\/dac500\/"]}]},{"@type":"BreadcrumbList","@id":"https:\/\/www.elcowa.com\/de\/antistatisch\/antistatische-ausruestung\/ionisierende-staubabscheider\/dac500\/#breadcrumb","itemListElement":[{"@type":"ListItem","position":1,"name":"Accueil","item":"https:\/\/www.elcowa.com\/de\/home\/"},{"@type":"ListItem","position":2,"name":"Antistatisch","item":"https:\/\/www.elcowa.com\/de\/antistatisch\/"},{"@type":"ListItem","position":3,"name":"Produkte","item":"https:\/\/www.elcowa.com\/de\/antistatisch\/antistatische-ausruestung\/"},{"@type":"ListItem","position":4,"name":"Ionisierende Staubabscheider","item":"https:\/\/www.elcowa.com\/de\/antistatisch\/antistatische-ausruestung\/ionisierende-staubabscheider\/"},{"@type":"ListItem","position":5,"name":"DAC 500"}]},{"@type":"WebSite","@id":"https:\/\/www.elcowa.com\/de\/#website","url":"https:\/\/www.elcowa.com\/de\/","name":"ELCOWA","description":"Mat\u00e9riels antistatiques &amp; contr\u00f4le de produits","potentialAction":[{"@type":"SearchAction","target":{"@type":"EntryPoint","urlTemplate":"https:\/\/www.elcowa.com\/de\/?s={search_term_string}"},"query-input":{"@type":"PropertyValueSpecification","valueRequired":true,"valueName":"search_term_string"}}],"inLanguage":"de"}]}},"_links":{"self":[{"href":"https:\/\/www.elcowa.com\/de\/wp-json\/wp\/v2\/pages\/5397","targetHints":{"allow":["GET"]}}],"collection":[{"href":"https:\/\/www.elcowa.com\/de\/wp-json\/wp\/v2\/pages"}],"about":[{"href":"https:\/\/www.elcowa.com\/de\/wp-json\/wp\/v2\/types\/page"}],"author":[{"embeddable":true,"href":"https:\/\/www.elcowa.com\/de\/wp-json\/wp\/v2\/users\/4"}],"replies":[{"embeddable":true,"href":"https:\/\/www.elcowa.com\/de\/wp-json\/wp\/v2\/comments?post=5397"}],"version-history":[{"count":0,"href":"https:\/\/www.elcowa.com\/de\/wp-json\/wp\/v2\/pages\/5397\/revisions"}],"up":[{"embeddable":true,"href":"https:\/\/www.elcowa.com\/de\/wp-json\/wp\/v2\/pages\/5380"}],"wp:attachment":[{"href":"https:\/\/www.elcowa.com\/de\/wp-json\/wp\/v2\/media?parent=5397"}],"curies":[{"name":"wp","href":"https:\/\/api.w.org\/{rel}","templated":true}]}}