{"id":5362,"date":"2020-01-28T10:44:17","date_gmt":"2020-01-28T09:44:17","guid":{"rendered":"https:\/\/www.elcowa.com\/antistatique\/produits\/souffleries-ionise\/ecoblower351c\/"},"modified":"2024-06-14T16:00:40","modified_gmt":"2024-06-14T14:00:40","slug":"ecoblower351c","status":"publish","type":"page","link":"https:\/\/www.elcowa.com\/de\/antistatisch\/antistatische-ausruestung\/ionisierungsgeblase\/ecoblower351c\/","title":{"rendered":"ECOBLOWER 351-C | Gebl\u00e4se mit ionisierter Luft"},"content":{"rendered":"<div class=\"flex_column av_one_full  av-animated-generic bottom-to-top  flex_column_div av-zero-column-padding first  avia-builder-el-0  el_before_av_image  avia-builder-el-first  \" style='margin-top:0px; margin-bottom:0px; border-radius:0px; '><p><div style='padding-bottom:0px; color:#00aeff;' class='av-special-heading av-special-heading-h1 custom-color-heading blockquote modern-quote  avia-builder-el-1  el_before_av_heading  avia-builder-el-first  '><h1 class='av-special-heading-tag '  itemprop=\"headline\"  >Ionisierungsgebl\u00e4se<\/h1><div class='special-heading-border'><div class='special-heading-inner-border' style='border-color:#00aeff'><\/div><\/div><\/div><br \/>\n<div style='padding-bottom:0px; margin:1 1 1 1; ' class='av-special-heading av-special-heading-h2  blockquote modern-quote  avia-builder-el-2  el_after_av_heading  el_before_av_hr   '><h2 class='av-special-heading-tag '  itemprop=\"headline\"  >ECOBLOWER 351-C<\/h2><div class='special-heading-border'><div class='special-heading-inner-border' ><\/div><\/div><\/div><br \/>\n<div style=' margin-top:10px; margin-bottom:10px;'  class='hr hr-custom hr-left hr-icon-no   avia-builder-el-3  el_after_av_heading  avia-builder-el-last '><span class='hr-inner   inner-border-av-border-fat' style=' width:50px; border-color:#00aeff;' ><span class='hr-inner-style'><\/span><\/span><\/div><\/p><\/div>\n<div class='avia-image-container  av-styling-    avia-builder-el-4  el_after_av_one_full  el_before_av_tab_container  avia-align-center '  itemprop=\"ImageObject\" itemscope=\"itemscope\" itemtype=\"https:\/\/schema.org\/ImageObject\"  ><div class='avia-image-container-inner'><div class='avia-image-overlay-wrap'><img class='avia_image' src='https:\/\/www.elcowa.com\/wp-content\/uploads\/2020\/01\/ecoblower_351-300x162.jpg' alt='soufflerie antistatique ecoblower' title='ecoblower_351' height=\"162\" width=\"300\"  itemprop=\"thumbnailUrl\"  \/><\/div><\/div><\/div>\n<div class=\"tabcontainer   top_tab   avia-builder-el-5  el_after_av_image  el_before_av_textblock \">\n\n<section class=\"av_tab_section\"  itemscope=\"itemscope\" itemtype=\"https:\/\/schema.org\/CreativeWork\" >    <div aria-controls=\"tab-id-1\" role=\"tab\" tabindex=\"0\" data-fake-id=\"#tab-id-1\" class=\"tab active_tab\"  itemprop=\"headline\" >PRODUKT<\/div>\n    <div id=\"tab-id-1-container\" class=\"tab_content active_tab_content\" aria-hidden=\"false\">\n        <div class=\"tab_inner_content invers-color\"  itemprop=\"text\" >\n<p>Das <strong><span style=\"color: #00ccff;\">ECOBLOWER 351-C<\/span><\/strong>-Gebl\u00e4se mit ionisierter Luft ist zur <strong><span style=\"color: #00ccff;\">Neutralisierung elektrostatischer Ladungen auf der Oberfl\u00e4che von Materialien ausgelegt.<\/span><\/strong><\/p>\n<p>Die drei in das Ger\u00e4t integrierten antistatischen St\u00e4be erzeugen eine starke und effektive Ionenfreisetzung. Dank des integrierten Ventilators erzeugt der<strong><span style=\"color: #00ccff;\"> ECOBLOWER 351-C eine homogene Diffusion von Ionen<\/span> <span style=\"color: #00ccff;\">in Richtung des zu behandelnden Produkts und ist bis zu zwei Meter<\/span> <\/strong>entfernt wirksam. Die behandelte Oberfl\u00e4che entspricht in diesem Abstand einer Fl\u00e4che von 1000 x 600 mm.<\/p>\n<p><strong><span style=\"color: #00ccff;\">Die durch einen Variator optimierte Blasleistung erm\u00f6glicht die Behandlung von :<\/span><\/strong><\/p>\n<ul>\n<li>Flache Materialien in der Bildlaufbewegung<\/li>\n<li>Plastikfolie w\u00e4hrend der Auf- oder Abwicklungsphase<\/li>\n<li>Formteile, die aus der Spritzgussmaschine herauskommen<\/li>\n<li>Elektrostatische Aufladungen in einem Umschlagsbereich zur Vermeidung von Elektroschocks, die das Bedienpersonal sp\u00fcren kann<\/li>\n<\/ul>\n<p>Der Hochspannungsgenerator ist direkt in die Anlage integriert.<\/p>\n<p>Die Einstellung des Luftstroms erm\u00f6glicht eine Anpassung entsprechend dem Abstand zwischen dem zu behandelnden Material und der Anlage. Das Ger\u00e4t ist in einer Edelstahlausf\u00fchrung erh\u00e4ltlich.<\/p>\n<h3 style=\"text-align: center;\"><\/h3>\n\n        <\/div>\n    <\/div>\n<\/section>\n\n<section class=\"av_tab_section\"  itemscope=\"itemscope\" itemtype=\"https:\/\/schema.org\/CreativeWork\" >    <div aria-controls=\"tab-id-2\" role=\"tab\" tabindex=\"0\" data-fake-id=\"#tab-id-2\" class=\"tab \"  itemprop=\"headline\" >TECHNISCHEDATEN<\/div>\n    <div id=\"tab-id-2-container\" class=\"tab_content \" aria-hidden=\"true\">\n        <div class=\"tab_inner_content invers-color\"  itemprop=\"text\" >\n<style type=\"text\/css\">\n.tg  {border-collapse:collapse;border-spacing:0;}<br \/>.tg td{font-family:Arial, sans-serif;font-size:14px;padding:10px 5px;border-style:solid;border-width:0px;overflow:hidden;word-break:normal;}<br \/>.tg th{font-family:Arial, sans-serif;font-size:14px;font-weight:normal;padding:10px 5px;border-style:solid;border-width:0px;overflow:hidden;word-break:normal;}<br \/>.tg .tg-lboi{border-color:inherit;text-align:left;vertical-align:middle}<br \/>.tg .tg-0pky{border-color:inherit;text-align:left;vertical-align:top}<br \/>@media screen and (max-width: 767px) {.tg {width: auto !important;}.tg col {width: auto !important;}.tg-wrap {overflow-x: auto;-webkit-overflow-scrolling: touch;}}<\/style>\n<div class=\"tg-wrap\">\n<table>\n<tbody>\n<tr>\n<td><span style=\"color: #00ccff;\"><strong>ALIMENTATION<\/strong><\/span><\/td>\n<td>230 V\u00a0\/ 50\/60Hz<\/td>\n<\/tr>\n<tr>\n<td><span style=\"color: #00ccff;\"><strong>REICHWEITE<\/strong><\/span><\/td>\n<td>2 m<\/td>\n<\/tr>\n<tr>\n<td><span style=\"color: #00ccff;\"><strong>FL\u00c4SCHE<\/strong><\/span><\/td>\n<td>1000 x 600 mm<\/td>\n<\/tr>\n<tr>\n<td><span style=\"color: #00ccff;\"><strong>STROMST\u00c4RKE<\/strong><\/span><\/td>\n<td>200w<\/td>\n<\/tr>\n<tr>\n<td><span style=\"color: #00ccff;\"><strong>GEBL\u00c4SE-GESCHWINDIGKEIT<\/strong><\/span><\/td>\n<td>0 \u00e0 2400 T\/min<\/td>\n<\/tr>\n<tr>\n<td><span style=\"color: #00ccff;\"><strong>EINSTELLBARE DURCHFLUSSRATE<\/strong><\/span><\/td>\n<td>0 \u00e0 800 m<sup>3<\/sup>\/h<\/td>\n<\/tr>\n<tr>\n<td><span style=\"color: #00ccff;\"><strong>KONDENSATOR<\/strong><\/span><\/td>\n<td>4 \u03bcF<\/td>\n<\/tr>\n<tr>\n<td><span style=\"color: #00ccff;\"><strong>GER\u00c4USCHPEGELUNG<\/strong><\/span><\/td>\n<td>70 dB<\/td>\n<\/tr>\n<tr>\n<td><span style=\"color: #00ccff;\"><strong>HOCHSPANNUNGSGENERATOR<\/strong><\/span><\/td>\n<td>INKORPORIERT (aus dem Angebot)<\/td>\n<\/tr>\n<tr>\n<td><span style=\"color: #00ccff;\"><strong>ENTLADEELEKTRODEN<\/strong><\/span><\/td>\n<td>INKORPORIERT (aus dem Angebot)<\/td>\n<\/tr>\n<tr>\n<td><span style=\"color: #00ccff;\"><strong>GEWICHT<\/strong><\/span><\/td>\n<td>18,4kg<\/td>\n<\/tr>\n<tr>\n<td><span style=\"color: #00ccff;\"><strong>VERWENDETE MATERIALIEN<\/strong><\/span><\/td>\n<td>Blau lackiertes Stahlblechgeh\u00e4use. Ionisierungselemente aus Edelstahl, Polycarbonat und Aluminium.<\/p>\n<p>OPTION in Edelstahl Typ 304 L<\/td>\n<\/tr>\n<tr>\n<td><span style=\"color: #00ccff;\"><strong>ANSCHL\u00dcSSE<\/strong><\/span><\/td>\n<td>2 Phasen + Erde \u00fcber CEE 22-Steckdose (im Lieferumfang des Ger\u00e4ts enthalten) an kombinierter Steckdose\/Schalter\/Sicherung)<\/td>\n<\/tr>\n<tr>\n<td><span style=\"color: #00ccff;\"><strong>SICHERUNGSSCHUTZ<\/strong><\/span><\/td>\n<td>(1 x 500 mA retard\u00e9) INKORPORIERT<\/td>\n<\/tr>\n<\/tbody>\n<\/table>\n<\/div>\n\n        <\/div>\n    <\/div>\n<\/section>\n\n<section class=\"av_tab_section\"  itemscope=\"itemscope\" itemtype=\"https:\/\/schema.org\/CreativeWork\" >    <div aria-controls=\"tab-id-3\" role=\"tab\" tabindex=\"0\" data-fake-id=\"#tab-id-3\" class=\"tab \"  itemprop=\"headline\" >BEISPIELE<\/div>\n    <div id=\"tab-id-3-container\" class=\"tab_content \" aria-hidden=\"true\">\n        <div class=\"tab_inner_content invers-color\"  itemprop=\"text\" >\n<p><img loading=\"lazy\" decoding=\"async\" class=\"aligncenter size-medium wp-image-3970\" src=\"https:\/\/www.elcowa.com\/wp-content\/uploads\/2020\/01\/EcoBlower-351-C-INOX-300x199.jpg\" alt=\"\" width=\"300\" height=\"199\" srcset=\"https:\/\/www.elcowa.com\/wp-content\/uploads\/2020\/01\/EcoBlower-351-C-INOX-300x199.jpg 300w, https:\/\/www.elcowa.com\/wp-content\/uploads\/2020\/01\/EcoBlower-351-C-INOX-768x509.jpg 768w, https:\/\/www.elcowa.com\/wp-content\/uploads\/2020\/01\/EcoBlower-351-C-INOX-1030x683.jpg 1030w, https:\/\/www.elcowa.com\/wp-content\/uploads\/2020\/01\/EcoBlower-351-C-INOX-1500x995.jpg 1500w, https:\/\/www.elcowa.com\/wp-content\/uploads\/2020\/01\/EcoBlower-351-C-INOX-705x468.jpg 705w, https:\/\/www.elcowa.com\/wp-content\/uploads\/2020\/01\/EcoBlower-351-C-INOX-450x298.jpg 450w\" sizes=\"auto, (max-width: 300px) 100vw, 300px\" \/><\/p>\n\n        <\/div>\n    <\/div>\n<\/section>\n\n<\/div>\n\n<section class=\"av_textblock_section \"  itemscope=\"itemscope\" itemtype=\"https:\/\/schema.org\/CreativeWork\" ><div class='avia_textblock  '  style='font-size:30px; '  itemprop=\"text\" ><\/div><\/section>\n<section class=\"av_textblock_section \"  itemscope=\"itemscope\" itemtype=\"https:\/\/schema.org\/CreativeWork\" ><div class='avia_textblock  '  style='font-size:30px; '  itemprop=\"text\" ><\/div><\/section>\n<div class=\"flex_column av_one_fourth  av-animated-generic bottom-to-top  flex_column_div first  avia-builder-el-8  el_after_av_textblock  el_before_av_one_fourth  column-top-margin\" style='margin-top:0px; margin-bottom:0px; padding:15px; border-radius:0px; '><\/div>\n<div class=\"flex_column av_one_fourth  av-animated-generic bottom-to-top  flex_column_div   avia-builder-el-9  el_after_av_one_fourth  el_before_av_one_fourth  column-top-margin\" style='margin-top:0px; margin-bottom:0px; padding:15px; border-radius:0px; '><div class='avia-buttonrow-wrap avia-buttonrow-center   avia-builder-el-10  avia-builder-el-no-sibling '>\n<a href='https:\/\/www.elcowa.com\/de\/contact\/'  class='avia-button  avia-icon_select-yes-left-icon avia-color-theme-color avia-size-x-large '  style='margin-bottom:5px; margin-left:3px; margin-right:3px; ' ><span class='avia_button_icon avia_button_icon_left ' aria-hidden='true' data-av_icon='\ue805' data-av_iconfont='entypo-fontello'><\/span><span class='avia_iconbox_title' >MEHR INFORMATION<\/span><\/a>\n<\/div><\/div><div class=\"flex_column av_one_fourth  av-animated-generic bottom-to-top  flex_column_div   avia-builder-el-11  el_after_av_one_fourth  el_before_av_one_fourth  column-top-margin\" style='margin-top:0px; margin-bottom:0px; padding:15px; border-radius:0px; '><div class='avia-buttonrow-wrap avia-buttonrow-center   avia-builder-el-12  avia-builder-el-no-sibling '>\n<a href='https:\/\/www.elcowa.com\/de\/elcowa-documentation-ecoblower-351-c-2\/'  class='avia-button  avia-icon_select-yes-left-icon avia-color-theme-color avia-size-x-large '  target=\"_blank\"  style='margin-bottom:5px; margin-left:3px; margin-right:3px; ' ><span class='avia_button_icon avia_button_icon_left ' aria-hidden='true' data-av_icon='\ue84e' data-av_iconfont='entypo-fontello'><\/span><span class='avia_iconbox_title' >BROCHURE HERUNTERLADEN<\/span><\/a>\n<\/div><\/div><\/p>\n<div class=\"flex_column av_one_fourth  av-animated-generic bottom-to-top  flex_column_div av-zero-column-padding   avia-builder-el-13  el_after_av_one_fourth  el_before_av_textblock  column-top-margin\" style='margin-top:0px; margin-bottom:0px; border-radius:0px; '><\/div>\n<section class=\"av_textblock_section \"  itemscope=\"itemscope\" itemtype=\"https:\/\/schema.org\/CreativeWork\" ><div class='avia_textblock  '  style='font-size:30px; '  itemprop=\"text\" ><\/div><\/section>\n<section class=\"av_textblock_section \"  itemscope=\"itemscope\" itemtype=\"https:\/\/schema.org\/CreativeWork\" ><div class='avia_textblock  '  style='font-size:30px; '  itemprop=\"text\" ><\/div><\/section>\n<div style='padding-bottom:0px; margin:1 1 1 1; color:#00aeff;' class='av-special-heading av-special-heading-h2 custom-color-heading blockquote modern-quote  avia-builder-el-16  el_after_av_textblock  el_before_av_textblock   '><h2 class='av-special-heading-tag '  itemprop=\"headline\"  >ZUGEH\u00d6RIGE PRODUKTE :<\/h2><div class='special-heading-border'><div class='special-heading-inner-border' style='border-color:#00aeff'><\/div><\/div><\/div>\n<section class=\"av_textblock_section \"  itemscope=\"itemscope\" itemtype=\"https:\/\/schema.org\/CreativeWork\" ><div class='avia_textblock  '  style='font-size:30px; '  itemprop=\"text\" ><\/div><\/section>\n<section class=\"av_textblock_section \"  itemscope=\"itemscope\" itemtype=\"https:\/\/schema.org\/CreativeWork\" ><div class='avia_textblock  '  style='font-size:30px; '  itemprop=\"text\" ><\/div><\/section>\n<section class=\"av_textblock_section \"  itemscope=\"itemscope\" itemtype=\"https:\/\/schema.org\/CreativeWork\" ><div class='avia_textblock  '  style='font-size:30px; '  itemprop=\"text\" ><\/div><\/section>\n<section class=\"av_textblock_section \"  itemscope=\"itemscope\" itemtype=\"https:\/\/schema.org\/CreativeWork\" ><div class='avia_textblock  '  style='font-size:30px; '  itemprop=\"text\" ><\/div><\/section>\n<div style='height:30px' class='hr hr-invisible   avia-builder-el-21  el_after_av_textblock  el_before_av_textblock '><span class='hr-inner ' ><span class='hr-inner-style'><\/span><\/span><\/div>\n<section class=\"av_textblock_section \"  itemscope=\"itemscope\" itemtype=\"https:\/\/schema.org\/CreativeWork\" ><div class='avia_textblock  '  style='font-size:30px; '  itemprop=\"text\" ><\/div><\/section>\n<section class=\"av_textblock_section \"  itemscope=\"itemscope\" itemtype=\"https:\/\/schema.org\/CreativeWork\" ><div class='avia_textblock  '  style='font-size:30px; '  itemprop=\"text\" ><\/div><\/section>\n<div class=\"flex_column av_one_third  av-animated-generic bottom-to-top  flex_column_div av-zero-column-padding first  avia-builder-el-24  el_after_av_textblock  el_before_av_one_third  column-top-margin\" style='margin-top:0px; margin-bottom:0px; border-radius:0px; '><div class='avia-image-container  av-styling-    avia-builder-el-25  avia-builder-el-no-sibling  avia-align-center '  itemprop=\"ImageObject\" itemscope=\"itemscope\" itemtype=\"https:\/\/schema.org\/ImageObject\"  ><div class='avia-image-container-inner'><div class='avia-image-overlay-wrap'><a href='https:\/\/www.elcowa.com\/de\/antistatique\/produits\/entretien\/eco-test\/' class='avia_image'   target=\"_blank\" ><img class='avia_image ' src='https:\/\/www.elcowa.com\/wp-content\/uploads\/2020\/02\/ECO-TEST-1-300x287.png' alt='' title='PFLEGE UND WARTUNG - \u00d6KO-TEST'  itemprop=\"thumbnailUrl\"  \/><\/a><\/div><\/div><\/div><\/div>\n<div class=\"flex_column av_one_third  av-animated-generic bottom-to-top  flex_column_div av-zero-column-padding   avia-builder-el-26  el_after_av_one_third  avia-builder-el-last  column-top-margin\" style='margin-top:0px; margin-bottom:0px; border-radius:0px; '><div class='avia-image-container  av-styling-    avia-builder-el-27  avia-builder-el-no-sibling  avia-align-center '  itemprop=\"ImageObject\" itemscope=\"itemscope\" itemtype=\"https:\/\/schema.org\/ImageObject\"  ><div class='avia-image-container-inner'><div class='avia-image-overlay-wrap'><a href='https:\/\/www.elcowa.com\/de\/antistatique\/produits\/entretien\/elcoclean\/' class='avia_image'   target=\"_blank\" ><img class='avia_image ' src='https:\/\/www.elcowa.com\/wp-content\/uploads\/2020\/02\/ELCOCLEAN-1-300x288.png' alt='produit d&#039;entretien ionisant' title='ENTRETIEN - ELCOCLEAN'  itemprop=\"thumbnailUrl\"  \/><\/a><\/div><\/div><\/div><\/div>\n","protected":false},"excerpt":{"rendered":"","protected":false},"author":4,"featured_media":0,"parent":5354,"menu_order":2,"comment_status":"closed","ping_status":"closed","template":"","meta":{"_acf_changed":false,"footnotes":""},"class_list":["post-5362","page","type-page","status-publish","hentry"],"acf":[],"yoast_head":"<!-- This site is optimized with the Yoast SEO plugin v26.9 - https:\/\/yoast.com\/product\/yoast-seo-wordpress\/ -->\n<title>ECOBLOWER 351-C | Gebl\u00e4se mit ionisierter Luft - ELCOWA<\/title>\n<meta name=\"description\" content=\"Das ECOBLOWER 351-C Ionisierungsgebl\u00e4se beseitigt elektrostatische Ladungen auf Produkten in Abst\u00e4nden bis zu 2 m.\" \/>\n<meta name=\"robots\" content=\"index, follow, max-snippet:-1, max-image-preview:large, max-video-preview:-1\" \/>\n<link rel=\"canonical\" href=\"https:\/\/www.elcowa.com\/de\/antistatisch\/antistatische-ausruestung\/ionisierungsgeblase\/ecoblower351c\/\" \/>\n<meta property=\"og:locale\" content=\"de_DE\" \/>\n<meta property=\"og:type\" content=\"article\" \/>\n<meta property=\"og:title\" content=\"ECOBLOWER 351-C | Gebl\u00e4se mit ionisierter Luft - ELCOWA\" \/>\n<meta property=\"og:description\" content=\"Das ECOBLOWER 351-C Ionisierungsgebl\u00e4se beseitigt elektrostatische Ladungen auf Produkten in Abst\u00e4nden bis zu 2 m.\" \/>\n<meta property=\"og:url\" content=\"https:\/\/www.elcowa.com\/de\/antistatisch\/antistatische-ausruestung\/ionisierungsgeblase\/ecoblower351c\/\" \/>\n<meta property=\"og:site_name\" content=\"ELCOWA\" \/>\n<meta property=\"article:modified_time\" content=\"2024-06-14T14:00:40+00:00\" \/>\n<meta property=\"og:image\" content=\"https:\/\/www.elcowa.com\/wp-content\/uploads\/2020\/01\/EcoBlower-351-C-INOX-300x199.jpg\" \/>\n<meta name=\"twitter:card\" content=\"summary_large_image\" \/>\n<meta name=\"twitter:label1\" content=\"Gesch\u00e4tzte Lesezeit\" \/>\n\t<meta name=\"twitter:data1\" content=\"5\u00a0Minuten\" \/>\n<script type=\"application\/ld+json\" class=\"yoast-schema-graph\">{\"@context\":\"https:\/\/schema.org\",\"@graph\":[{\"@type\":\"WebPage\",\"@id\":\"https:\/\/www.elcowa.com\/de\/antistatisch\/antistatische-ausruestung\/ionisierungsgeblase\/ecoblower351c\/\",\"url\":\"https:\/\/www.elcowa.com\/de\/antistatisch\/antistatische-ausruestung\/ionisierungsgeblase\/ecoblower351c\/\",\"name\":\"ECOBLOWER 351-C | Gebl\u00e4se mit ionisierter Luft - ELCOWA\",\"isPartOf\":{\"@id\":\"https:\/\/www.elcowa.com\/de\/#website\"},\"primaryImageOfPage\":{\"@id\":\"https:\/\/www.elcowa.com\/de\/antistatisch\/antistatische-ausruestung\/ionisierungsgeblase\/ecoblower351c\/#primaryimage\"},\"image\":{\"@id\":\"https:\/\/www.elcowa.com\/de\/antistatisch\/antistatische-ausruestung\/ionisierungsgeblase\/ecoblower351c\/#primaryimage\"},\"thumbnailUrl\":\"https:\/\/www.elcowa.com\/wp-content\/uploads\/2020\/01\/EcoBlower-351-C-INOX-300x199.jpg\",\"datePublished\":\"2020-01-28T09:44:17+00:00\",\"dateModified\":\"2024-06-14T14:00:40+00:00\",\"description\":\"Das ECOBLOWER 351-C Ionisierungsgebl\u00e4se beseitigt elektrostatische Ladungen auf Produkten in Abst\u00e4nden bis zu 2 m.\",\"breadcrumb\":{\"@id\":\"https:\/\/www.elcowa.com\/de\/antistatisch\/antistatische-ausruestung\/ionisierungsgeblase\/ecoblower351c\/#breadcrumb\"},\"inLanguage\":\"de\",\"potentialAction\":[{\"@type\":\"ReadAction\",\"target\":[\"https:\/\/www.elcowa.com\/de\/antistatisch\/antistatische-ausruestung\/ionisierungsgeblase\/ecoblower351c\/\"]}]},{\"@type\":\"ImageObject\",\"inLanguage\":\"de\",\"@id\":\"https:\/\/www.elcowa.com\/de\/antistatisch\/antistatische-ausruestung\/ionisierungsgeblase\/ecoblower351c\/#primaryimage\",\"url\":\"https:\/\/www.elcowa.com\/wp-content\/uploads\/2020\/01\/EcoBlower-351-C-INOX-300x199.jpg\",\"contentUrl\":\"https:\/\/www.elcowa.com\/wp-content\/uploads\/2020\/01\/EcoBlower-351-C-INOX-300x199.jpg\"},{\"@type\":\"BreadcrumbList\",\"@id\":\"https:\/\/www.elcowa.com\/de\/antistatisch\/antistatische-ausruestung\/ionisierungsgeblase\/ecoblower351c\/#breadcrumb\",\"itemListElement\":[{\"@type\":\"ListItem\",\"position\":1,\"name\":\"Accueil\",\"item\":\"https:\/\/www.elcowa.com\/de\/home\/\"},{\"@type\":\"ListItem\",\"position\":2,\"name\":\"Antistatisch\",\"item\":\"https:\/\/www.elcowa.com\/de\/antistatisch\/\"},{\"@type\":\"ListItem\",\"position\":3,\"name\":\"Produkte\",\"item\":\"https:\/\/www.elcowa.com\/de\/antistatisch\/antistatische-ausruestung\/\"},{\"@type\":\"ListItem\",\"position\":4,\"name\":\"Ioniesierungsgebl\u00e4se\",\"item\":\"https:\/\/www.elcowa.com\/de\/antistatisch\/antistatische-ausruestung\/ionisierungsgeblase\/\"},{\"@type\":\"ListItem\",\"position\":5,\"name\":\"ECOBLOWER 351-C | Gebl\u00e4se mit ionisierter Luft\"}]},{\"@type\":\"WebSite\",\"@id\":\"https:\/\/www.elcowa.com\/de\/#website\",\"url\":\"https:\/\/www.elcowa.com\/de\/\",\"name\":\"ELCOWA\",\"description\":\"Mat\u00e9riels antistatiques &amp; contr\u00f4le de produits\",\"potentialAction\":[{\"@type\":\"SearchAction\",\"target\":{\"@type\":\"EntryPoint\",\"urlTemplate\":\"https:\/\/www.elcowa.com\/de\/?s={search_term_string}\"},\"query-input\":{\"@type\":\"PropertyValueSpecification\",\"valueRequired\":true,\"valueName\":\"search_term_string\"}}],\"inLanguage\":\"de\"}]}<\/script>\n<!-- \/ Yoast SEO plugin. -->","yoast_head_json":{"title":"ECOBLOWER 351-C | Gebl\u00e4se mit ionisierter Luft - ELCOWA","description":"Das ECOBLOWER 351-C Ionisierungsgebl\u00e4se beseitigt elektrostatische Ladungen auf Produkten in Abst\u00e4nden bis zu 2 m.","robots":{"index":"index","follow":"follow","max-snippet":"max-snippet:-1","max-image-preview":"max-image-preview:large","max-video-preview":"max-video-preview:-1"},"canonical":"https:\/\/www.elcowa.com\/de\/antistatisch\/antistatische-ausruestung\/ionisierungsgeblase\/ecoblower351c\/","og_locale":"de_DE","og_type":"article","og_title":"ECOBLOWER 351-C | Gebl\u00e4se mit ionisierter Luft - ELCOWA","og_description":"Das ECOBLOWER 351-C Ionisierungsgebl\u00e4se beseitigt elektrostatische Ladungen auf Produkten in Abst\u00e4nden bis zu 2 m.","og_url":"https:\/\/www.elcowa.com\/de\/antistatisch\/antistatische-ausruestung\/ionisierungsgeblase\/ecoblower351c\/","og_site_name":"ELCOWA","article_modified_time":"2024-06-14T14:00:40+00:00","og_image":[{"url":"https:\/\/www.elcowa.com\/wp-content\/uploads\/2020\/01\/EcoBlower-351-C-INOX-300x199.jpg","type":"","width":"","height":""}],"twitter_card":"summary_large_image","twitter_misc":{"Gesch\u00e4tzte Lesezeit":"5\u00a0Minuten"},"schema":{"@context":"https:\/\/schema.org","@graph":[{"@type":"WebPage","@id":"https:\/\/www.elcowa.com\/de\/antistatisch\/antistatische-ausruestung\/ionisierungsgeblase\/ecoblower351c\/","url":"https:\/\/www.elcowa.com\/de\/antistatisch\/antistatische-ausruestung\/ionisierungsgeblase\/ecoblower351c\/","name":"ECOBLOWER 351-C | Gebl\u00e4se mit ionisierter Luft - ELCOWA","isPartOf":{"@id":"https:\/\/www.elcowa.com\/de\/#website"},"primaryImageOfPage":{"@id":"https:\/\/www.elcowa.com\/de\/antistatisch\/antistatische-ausruestung\/ionisierungsgeblase\/ecoblower351c\/#primaryimage"},"image":{"@id":"https:\/\/www.elcowa.com\/de\/antistatisch\/antistatische-ausruestung\/ionisierungsgeblase\/ecoblower351c\/#primaryimage"},"thumbnailUrl":"https:\/\/www.elcowa.com\/wp-content\/uploads\/2020\/01\/EcoBlower-351-C-INOX-300x199.jpg","datePublished":"2020-01-28T09:44:17+00:00","dateModified":"2024-06-14T14:00:40+00:00","description":"Das ECOBLOWER 351-C Ionisierungsgebl\u00e4se beseitigt elektrostatische Ladungen auf Produkten in Abst\u00e4nden bis zu 2 m.","breadcrumb":{"@id":"https:\/\/www.elcowa.com\/de\/antistatisch\/antistatische-ausruestung\/ionisierungsgeblase\/ecoblower351c\/#breadcrumb"},"inLanguage":"de","potentialAction":[{"@type":"ReadAction","target":["https:\/\/www.elcowa.com\/de\/antistatisch\/antistatische-ausruestung\/ionisierungsgeblase\/ecoblower351c\/"]}]},{"@type":"ImageObject","inLanguage":"de","@id":"https:\/\/www.elcowa.com\/de\/antistatisch\/antistatische-ausruestung\/ionisierungsgeblase\/ecoblower351c\/#primaryimage","url":"https:\/\/www.elcowa.com\/wp-content\/uploads\/2020\/01\/EcoBlower-351-C-INOX-300x199.jpg","contentUrl":"https:\/\/www.elcowa.com\/wp-content\/uploads\/2020\/01\/EcoBlower-351-C-INOX-300x199.jpg"},{"@type":"BreadcrumbList","@id":"https:\/\/www.elcowa.com\/de\/antistatisch\/antistatische-ausruestung\/ionisierungsgeblase\/ecoblower351c\/#breadcrumb","itemListElement":[{"@type":"ListItem","position":1,"name":"Accueil","item":"https:\/\/www.elcowa.com\/de\/home\/"},{"@type":"ListItem","position":2,"name":"Antistatisch","item":"https:\/\/www.elcowa.com\/de\/antistatisch\/"},{"@type":"ListItem","position":3,"name":"Produkte","item":"https:\/\/www.elcowa.com\/de\/antistatisch\/antistatische-ausruestung\/"},{"@type":"ListItem","position":4,"name":"Ioniesierungsgebl\u00e4se","item":"https:\/\/www.elcowa.com\/de\/antistatisch\/antistatische-ausruestung\/ionisierungsgeblase\/"},{"@type":"ListItem","position":5,"name":"ECOBLOWER 351-C | Gebl\u00e4se mit ionisierter Luft"}]},{"@type":"WebSite","@id":"https:\/\/www.elcowa.com\/de\/#website","url":"https:\/\/www.elcowa.com\/de\/","name":"ELCOWA","description":"Mat\u00e9riels antistatiques &amp; contr\u00f4le de produits","potentialAction":[{"@type":"SearchAction","target":{"@type":"EntryPoint","urlTemplate":"https:\/\/www.elcowa.com\/de\/?s={search_term_string}"},"query-input":{"@type":"PropertyValueSpecification","valueRequired":true,"valueName":"search_term_string"}}],"inLanguage":"de"}]}},"_links":{"self":[{"href":"https:\/\/www.elcowa.com\/de\/wp-json\/wp\/v2\/pages\/5362","targetHints":{"allow":["GET"]}}],"collection":[{"href":"https:\/\/www.elcowa.com\/de\/wp-json\/wp\/v2\/pages"}],"about":[{"href":"https:\/\/www.elcowa.com\/de\/wp-json\/wp\/v2\/types\/page"}],"author":[{"embeddable":true,"href":"https:\/\/www.elcowa.com\/de\/wp-json\/wp\/v2\/users\/4"}],"replies":[{"embeddable":true,"href":"https:\/\/www.elcowa.com\/de\/wp-json\/wp\/v2\/comments?post=5362"}],"version-history":[{"count":0,"href":"https:\/\/www.elcowa.com\/de\/wp-json\/wp\/v2\/pages\/5362\/revisions"}],"up":[{"embeddable":true,"href":"https:\/\/www.elcowa.com\/de\/wp-json\/wp\/v2\/pages\/5354"}],"wp:attachment":[{"href":"https:\/\/www.elcowa.com\/de\/wp-json\/wp\/v2\/media?parent=5362"}],"curies":[{"name":"wp","href":"https:\/\/api.w.org\/{rel}","templated":true}]}}