{"id":5304,"date":"2020-01-10T18:04:40","date_gmt":"2020-01-10T17:04:40","guid":{"rendered":"https:\/\/www.elcowa.com\/industries\/optique-verre\/"},"modified":"2024-06-14T15:56:33","modified_gmt":"2024-06-14T13:56:33","slug":"optik-glas","status":"publish","type":"page","link":"https:\/\/www.elcowa.com\/de\/antistatisch\/branchen\/optik-glas\/","title":{"rendered":"Optik und Glas"},"content":{"rendered":"<div class='avia-image-container  av-styling-    avia-builder-el-0  el_before_av_hr  avia-builder-el-first  avia-align-center '  itemprop=\"ImageObject\" itemscope=\"itemscope\" itemtype=\"https:\/\/schema.org\/ImageObject\"  ><div class='avia-image-container-inner'><div class='avia-image-overlay-wrap'><img class='avia_image' src='https:\/\/www.elcowa.com\/wp-content\/uploads\/2020\/01\/INDUSTRIE-OPTIQUE-VERRE.png' alt='Glasoptik Ionisation' title='antistatische Glasoptik' height=\"150\" width=\"961\"  itemprop=\"thumbnailUrl\"  \/><\/div><\/div><\/div>\n<div style='height:1px; margin-top:-25px'  class='hr hr-invisible   avia-builder-el-1  el_after_av_image  el_before_av_heading '><span class='hr-inner ' ><span class='hr-inner-style'><\/span><\/span><\/div>\n<div style='padding-bottom:10px; ' class='av-special-heading av-special-heading-h1  blockquote modern-quote  avia-builder-el-2  el_after_av_hr  el_before_av_hr   '><h1 class='av-special-heading-tag '  itemprop=\"headline\"  >DIE OPTISCHE UND GLASINDUSTRIE <\/h1><div class ='av-subheading av-subheading_below  ' style='font-size:15px;'><p>F\u00fcr Hersteller von Gl\u00e4sern, Spiegeln, Flaschen, Gl\u00e4sern oder Beh\u00e4ltern, Glasplatten.<\/p>\n<\/div><div class='special-heading-border'><div class='special-heading-inner-border' ><\/div><\/div><\/div>\n<div style=' margin-top:10px; margin-bottom:10px;'  class='hr hr-custom hr-left hr-icon-no   avia-builder-el-3  el_after_av_heading  el_before_av_one_full '><span class='hr-inner   inner-border-av-border-fat' style=' width:50px; border-color:#00aeff;' ><span class='hr-inner-style'><\/span><\/span><\/div>\n<div class=\"flex_column av_one_full  av-animated-generic bottom-to-top  flex_column_div av-zero-column-padding first  avia-builder-el-4  el_after_av_hr  el_before_av_buttonrow  \" style='margin-top:0px; margin-bottom:0px; border-radius:0px; '><p><section class=\"av_textblock_section \"  itemscope=\"itemscope\" itemtype=\"https:\/\/schema.org\/CreativeWork\" ><div class='avia_textblock  '   itemprop=\"text\" ><p>Nachfolgend finden Sie eine Liste von h\u00e4ufigen Situationen, auf die Sie sto\u00dfen k\u00f6nnen und die aufschlussreich sind:<\/p>\n<ul>\n<li>Das Vorhandensein von statischer Elektrizit\u00e4t, die eine Ladungsneutralisierung erfordert<\/li>\n<li>Das Vorhandensein von sch\u00e4dlichen Partikeln, die entfernt werden m\u00fcssen.<\/li>\n<\/ul>\n<\/div><\/section><br \/>\n<div class=\"togglecontainer   toggle_close_all  avia-builder-el-6  el_after_av_textblock  el_before_av_hr \" >\n<section class=\"av_toggle_section\"  itemscope=\"itemscope\" itemtype=\"https:\/\/schema.org\/CreativeWork\"  >    <div class=\"single_toggle\" data-tags=\"{Alle} \"  >        <p data-fake-id=\"#toggle-id-1\" class=\"toggler \"  itemprop=\"headline\"   >Sch\u00e4dliche Partikel (Staub) werden auf Brillengl\u00e4sern, Windschutzscheiben, etc. abgelagert.<span class=\"toggle_icon\" >        <span class=\"vert_icon\"><\/span><span class=\"hor_icon\"><\/span><\/span><\/p>        <div id=\"toggle-id-1-container\" class=\"toggle_wrap \"  >            <div class=\"toggle_content invers-color \"  itemprop=\"text\"   ><p><strong><span style=\"color: #00aeff;\">Sie stehen vor einem elektrostatischen Ph\u00e4nomen!<\/span><\/strong><\/p>\n<p>Zu diesem Zweck hat Elcowa eine Reihe von Produkten entwickelt, die diese statischen Aufladungen neutralisieren und diese St\u00e4ube entfernen. In diesem speziellen Fall schlagen wir Ihnen vor:<\/p>\n<p><a href=\"https:\/\/www.elcowa.com\/de\/antistatisch\/produkte\/entladeelektroden\/\"><img loading=\"lazy\" decoding=\"async\" class=\"wp-image-3526 alignleft\" src=\"https:\/\/www.elcowa.com\/wp-content\/uploads\/2020\/02\/ENTLADEELEKTRODEN-1-300x287.png\" alt=\"\" width=\"210\" height=\"201\" \/><\/a><\/p>\n<p><code>\u00a0<\/code><br \/>\n<code>\u00a0<\/code><\/p>\n<p><strong><span style=\"color: #00aeff;\">Antistatische Gebl\u00e4seleisten<\/span><\/strong> erzeugen einen homogenen ionisierten Luftschleier \u00fcber eine gro\u00dfe Entfernung. Sie werden nach Ihren Bed\u00fcrfnissen ma\u00dfgeschneidert.<\/p>\n<p><code>\u00a0<\/code><br \/>\n<code>\u00a0<\/code><\/p>\n<p><a href=\"https:\/\/www.elcowa.com\/de\/antistatisch\/produkte\/ionisierte-luftlamellen\/ecoflow\/\"><img loading=\"lazy\" decoding=\"async\" class=\" wp-image-3710 alignleft\" src=\"https:\/\/www.elcowa.com\/wp-content\/uploads\/2020\/02\/ECOFLOW-5-300x287.png\" alt=\"\" width=\"210\" height=\"201\" \/><\/a><\/p>\n<p><code>\u00a0<\/code><br \/>\n<code>\u00a0<\/code><\/p>\n<p><strong><span style=\"color: #00aeff;\">Der ECOFLOW <\/span><\/strong>neutralisiert einerseits elektrostatische Ladungen (Klebeeffekt) und bl\u00e4st in einem zweiten Schritt die auf der Glasoberfl\u00e4che vorhandenen sch\u00e4dlichen Partikel auf. Tats\u00e4chlich wird dank des COANDA-Effekts die Leistung der eingespritzten Druckluft vervielfacht, was eine effektive Leistung von bis zu 3 m ergibt.<\/p>\n            <\/div>        <\/div>    <\/div><\/section>\n<section class=\"av_toggle_section\"  itemscope=\"itemscope\" itemtype=\"https:\/\/schema.org\/CreativeWork\"  >    <div class=\"single_toggle\" data-tags=\"{Alle} \"  >        <p data-fake-id=\"#toggle-id-2\" class=\"toggler \"  itemprop=\"headline\"   >Sch\u00e4dliche Partikel (Staub) auf Glasplatten vor dem Drucken oder Filmen<span class=\"toggle_icon\" >        <span class=\"vert_icon\"><\/span><span class=\"hor_icon\"><\/span><\/span><\/p>        <div id=\"toggle-id-2-container\" class=\"toggle_wrap \"  >            <div class=\"toggle_content invers-color \"  itemprop=\"text\"   ><p><strong><span style=\"color: #00aeff;\">Sie stehen vor einem elektrostatischen Ph\u00e4nomen!<\/span><\/strong><\/p>\n<p>Zu diesem Zweck hat Elcowa eine Reihe von Produkten entwickelt, die diese statischen Aufladungen neutralisieren und diese St\u00e4ube entfernen. In diesem speziellen Fall schlagen wir Ihnen vor:<\/p>\n<p><a href=\"https:\/\/www.elcowa.com\/de\/antistatisch\/produkte\/ionisierende-staubabscheider\/ecovac7\/\"><img loading=\"lazy\" decoding=\"async\" class=\" wp-image-3363 alignleft\" src=\"https:\/\/www.elcowa.com\/wp-content\/uploads\/2020\/02\/ECOVAC-7-1-300x286.png\" alt=\"\" width=\"210\" height=\"200\" \/><\/a><\/p>\n            <\/div>        <\/div>    <\/div><\/section>\n<\/div><br \/>\n<div style='height:30px' class='hr hr-invisible   avia-builder-el-7  el_after_av_toggle_container  el_before_av_textblock '><span class='hr-inner ' ><span class='hr-inner-style'><\/span><\/span><\/div><br \/>\n<section class=\"av_textblock_section \"  itemscope=\"itemscope\" itemtype=\"https:\/\/schema.org\/CreativeWork\" ><div class='avia_textblock  '   itemprop=\"text\" ><h2 style=\"text-align: center;\"><span style=\"color: #00aeff;\">Wenn Sie Ihre L\u00f6sung nicht finden, kontaktieren Sie uns bitte.<br \/>\nWir realisieren Ihre ma\u00dfgeschneiderten Projekte. <\/span><\/h2>\n<\/div><\/section><br \/>\n<div style='height:30px' class='hr hr-invisible   avia-builder-el-9  el_after_av_textblock  avia-builder-el-last '><span class='hr-inner ' ><span class='hr-inner-style'><\/span><\/span><\/div><\/p><\/div>\n<div class='avia-buttonrow-wrap avia-buttonrow-center   avia-builder-el-10  el_after_av_one_full  avia-builder-el-last '>\n<a href='https:\/\/www.elcowa.com\/de\/contact\/'  class='avia-button  avia-icon_select-yes-left-icon avia-color-theme-color avia-size-x-large '  style='margin-bottom:5px; margin-left:3px; margin-right:3px; ' ><span class='avia_button_icon avia_button_icon_left ' aria-hidden='true' data-av_icon='\ue805' data-av_iconfont='entypo-fontello'><\/span><span class='avia_iconbox_title' >KONTAK<\/span><\/a>\n<\/div>\n","protected":false},"excerpt":{"rendered":"","protected":false},"author":4,"featured_media":0,"parent":5290,"menu_order":6,"comment_status":"closed","ping_status":"closed","template":"","meta":{"_acf_changed":false,"footnotes":""},"class_list":["post-5304","page","type-page","status-publish","hentry"],"acf":[],"yoast_head":"<!-- This site is optimized with the Yoast SEO plugin v26.9 - https:\/\/yoast.com\/product\/yoast-seo-wordpress\/ -->\n<title>Optik und Glas - ELCOWA<\/title>\n<meta name=\"description\" content=\"Staub auf der Brille\/Windschutzscheibe? Staub auf den Glasplatten vor dem Drucken oder Filmen? Wir haben die L\u00f6sung!\" \/>\n<meta name=\"robots\" content=\"index, follow, max-snippet:-1, max-image-preview:large, max-video-preview:-1\" \/>\n<link rel=\"canonical\" href=\"https:\/\/www.elcowa.com\/de\/antistatisch\/branchen\/optik-glas\/\" \/>\n<meta property=\"og:locale\" content=\"de_DE\" \/>\n<meta property=\"og:type\" content=\"article\" \/>\n<meta property=\"og:title\" content=\"Optik und Glas - ELCOWA\" \/>\n<meta property=\"og:description\" content=\"Staub auf der Brille\/Windschutzscheibe? Staub auf den Glasplatten vor dem Drucken oder Filmen? Wir haben die L\u00f6sung!\" \/>\n<meta property=\"og:url\" content=\"https:\/\/www.elcowa.com\/de\/antistatisch\/branchen\/optik-glas\/\" \/>\n<meta property=\"og:site_name\" content=\"ELCOWA\" \/>\n<meta property=\"article:modified_time\" content=\"2024-06-14T13:56:33+00:00\" \/>\n<meta property=\"og:image\" content=\"https:\/\/www.elcowa.com\/wp-content\/uploads\/2020\/02\/ENTLADEELEKTRODEN-1-300x287.png\" \/>\n<meta name=\"twitter:card\" content=\"summary_large_image\" \/>\n<meta name=\"twitter:label1\" content=\"Gesch\u00e4tzte Lesezeit\" \/>\n\t<meta name=\"twitter:data1\" content=\"3\u00a0Minuten\" \/>\n<script type=\"application\/ld+json\" class=\"yoast-schema-graph\">{\"@context\":\"https:\/\/schema.org\",\"@graph\":[{\"@type\":\"WebPage\",\"@id\":\"https:\/\/www.elcowa.com\/de\/antistatisch\/branchen\/optik-glas\/\",\"url\":\"https:\/\/www.elcowa.com\/de\/antistatisch\/branchen\/optik-glas\/\",\"name\":\"Optik und Glas - ELCOWA\",\"isPartOf\":{\"@id\":\"https:\/\/www.elcowa.com\/de\/#website\"},\"primaryImageOfPage\":{\"@id\":\"https:\/\/www.elcowa.com\/de\/antistatisch\/branchen\/optik-glas\/#primaryimage\"},\"image\":{\"@id\":\"https:\/\/www.elcowa.com\/de\/antistatisch\/branchen\/optik-glas\/#primaryimage\"},\"thumbnailUrl\":\"https:\/\/www.elcowa.com\/wp-content\/uploads\/2020\/02\/ENTLADEELEKTRODEN-1-300x287.png\",\"datePublished\":\"2020-01-10T17:04:40+00:00\",\"dateModified\":\"2024-06-14T13:56:33+00:00\",\"description\":\"Staub auf der Brille\/Windschutzscheibe? Staub auf den Glasplatten vor dem Drucken oder Filmen? Wir haben die L\u00f6sung!\",\"breadcrumb\":{\"@id\":\"https:\/\/www.elcowa.com\/de\/antistatisch\/branchen\/optik-glas\/#breadcrumb\"},\"inLanguage\":\"de\",\"potentialAction\":[{\"@type\":\"ReadAction\",\"target\":[\"https:\/\/www.elcowa.com\/de\/antistatisch\/branchen\/optik-glas\/\"]}]},{\"@type\":\"ImageObject\",\"inLanguage\":\"de\",\"@id\":\"https:\/\/www.elcowa.com\/de\/antistatisch\/branchen\/optik-glas\/#primaryimage\",\"url\":\"https:\/\/www.elcowa.com\/wp-content\/uploads\/2020\/02\/ENTLADEELEKTRODEN-1-300x287.png\",\"contentUrl\":\"https:\/\/www.elcowa.com\/wp-content\/uploads\/2020\/02\/ENTLADEELEKTRODEN-1-300x287.png\"},{\"@type\":\"BreadcrumbList\",\"@id\":\"https:\/\/www.elcowa.com\/de\/antistatisch\/branchen\/optik-glas\/#breadcrumb\",\"itemListElement\":[{\"@type\":\"ListItem\",\"position\":1,\"name\":\"Accueil\",\"item\":\"https:\/\/www.elcowa.com\/de\/home\/\"},{\"@type\":\"ListItem\",\"position\":2,\"name\":\"Antistatisch\",\"item\":\"https:\/\/www.elcowa.com\/de\/antistatisch\/\"},{\"@type\":\"ListItem\",\"position\":3,\"name\":\"Branchen\",\"item\":\"https:\/\/www.elcowa.com\/de\/antistatisch\/branchen\/\"},{\"@type\":\"ListItem\",\"position\":4,\"name\":\"Optik und Glas\"}]},{\"@type\":\"WebSite\",\"@id\":\"https:\/\/www.elcowa.com\/de\/#website\",\"url\":\"https:\/\/www.elcowa.com\/de\/\",\"name\":\"ELCOWA\",\"description\":\"Mat\u00e9riels antistatiques &amp; contr\u00f4le de produits\",\"potentialAction\":[{\"@type\":\"SearchAction\",\"target\":{\"@type\":\"EntryPoint\",\"urlTemplate\":\"https:\/\/www.elcowa.com\/de\/?s={search_term_string}\"},\"query-input\":{\"@type\":\"PropertyValueSpecification\",\"valueRequired\":true,\"valueName\":\"search_term_string\"}}],\"inLanguage\":\"de\"}]}<\/script>\n<!-- \/ Yoast SEO plugin. -->","yoast_head_json":{"title":"Optik und Glas - ELCOWA","description":"Staub auf der Brille\/Windschutzscheibe? Staub auf den Glasplatten vor dem Drucken oder Filmen? Wir haben die L\u00f6sung!","robots":{"index":"index","follow":"follow","max-snippet":"max-snippet:-1","max-image-preview":"max-image-preview:large","max-video-preview":"max-video-preview:-1"},"canonical":"https:\/\/www.elcowa.com\/de\/antistatisch\/branchen\/optik-glas\/","og_locale":"de_DE","og_type":"article","og_title":"Optik und Glas - ELCOWA","og_description":"Staub auf der Brille\/Windschutzscheibe? Staub auf den Glasplatten vor dem Drucken oder Filmen? Wir haben die L\u00f6sung!","og_url":"https:\/\/www.elcowa.com\/de\/antistatisch\/branchen\/optik-glas\/","og_site_name":"ELCOWA","article_modified_time":"2024-06-14T13:56:33+00:00","og_image":[{"url":"https:\/\/www.elcowa.com\/wp-content\/uploads\/2020\/02\/ENTLADEELEKTRODEN-1-300x287.png","type":"","width":"","height":""}],"twitter_card":"summary_large_image","twitter_misc":{"Gesch\u00e4tzte Lesezeit":"3\u00a0Minuten"},"schema":{"@context":"https:\/\/schema.org","@graph":[{"@type":"WebPage","@id":"https:\/\/www.elcowa.com\/de\/antistatisch\/branchen\/optik-glas\/","url":"https:\/\/www.elcowa.com\/de\/antistatisch\/branchen\/optik-glas\/","name":"Optik und Glas - ELCOWA","isPartOf":{"@id":"https:\/\/www.elcowa.com\/de\/#website"},"primaryImageOfPage":{"@id":"https:\/\/www.elcowa.com\/de\/antistatisch\/branchen\/optik-glas\/#primaryimage"},"image":{"@id":"https:\/\/www.elcowa.com\/de\/antistatisch\/branchen\/optik-glas\/#primaryimage"},"thumbnailUrl":"https:\/\/www.elcowa.com\/wp-content\/uploads\/2020\/02\/ENTLADEELEKTRODEN-1-300x287.png","datePublished":"2020-01-10T17:04:40+00:00","dateModified":"2024-06-14T13:56:33+00:00","description":"Staub auf der Brille\/Windschutzscheibe? Staub auf den Glasplatten vor dem Drucken oder Filmen? Wir haben die L\u00f6sung!","breadcrumb":{"@id":"https:\/\/www.elcowa.com\/de\/antistatisch\/branchen\/optik-glas\/#breadcrumb"},"inLanguage":"de","potentialAction":[{"@type":"ReadAction","target":["https:\/\/www.elcowa.com\/de\/antistatisch\/branchen\/optik-glas\/"]}]},{"@type":"ImageObject","inLanguage":"de","@id":"https:\/\/www.elcowa.com\/de\/antistatisch\/branchen\/optik-glas\/#primaryimage","url":"https:\/\/www.elcowa.com\/wp-content\/uploads\/2020\/02\/ENTLADEELEKTRODEN-1-300x287.png","contentUrl":"https:\/\/www.elcowa.com\/wp-content\/uploads\/2020\/02\/ENTLADEELEKTRODEN-1-300x287.png"},{"@type":"BreadcrumbList","@id":"https:\/\/www.elcowa.com\/de\/antistatisch\/branchen\/optik-glas\/#breadcrumb","itemListElement":[{"@type":"ListItem","position":1,"name":"Accueil","item":"https:\/\/www.elcowa.com\/de\/home\/"},{"@type":"ListItem","position":2,"name":"Antistatisch","item":"https:\/\/www.elcowa.com\/de\/antistatisch\/"},{"@type":"ListItem","position":3,"name":"Branchen","item":"https:\/\/www.elcowa.com\/de\/antistatisch\/branchen\/"},{"@type":"ListItem","position":4,"name":"Optik und Glas"}]},{"@type":"WebSite","@id":"https:\/\/www.elcowa.com\/de\/#website","url":"https:\/\/www.elcowa.com\/de\/","name":"ELCOWA","description":"Mat\u00e9riels antistatiques &amp; contr\u00f4le de produits","potentialAction":[{"@type":"SearchAction","target":{"@type":"EntryPoint","urlTemplate":"https:\/\/www.elcowa.com\/de\/?s={search_term_string}"},"query-input":{"@type":"PropertyValueSpecification","valueRequired":true,"valueName":"search_term_string"}}],"inLanguage":"de"}]}},"_links":{"self":[{"href":"https:\/\/www.elcowa.com\/de\/wp-json\/wp\/v2\/pages\/5304","targetHints":{"allow":["GET"]}}],"collection":[{"href":"https:\/\/www.elcowa.com\/de\/wp-json\/wp\/v2\/pages"}],"about":[{"href":"https:\/\/www.elcowa.com\/de\/wp-json\/wp\/v2\/types\/page"}],"author":[{"embeddable":true,"href":"https:\/\/www.elcowa.com\/de\/wp-json\/wp\/v2\/users\/4"}],"replies":[{"embeddable":true,"href":"https:\/\/www.elcowa.com\/de\/wp-json\/wp\/v2\/comments?post=5304"}],"version-history":[{"count":0,"href":"https:\/\/www.elcowa.com\/de\/wp-json\/wp\/v2\/pages\/5304\/revisions"}],"up":[{"embeddable":true,"href":"https:\/\/www.elcowa.com\/de\/wp-json\/wp\/v2\/pages\/5290"}],"wp:attachment":[{"href":"https:\/\/www.elcowa.com\/de\/wp-json\/wp\/v2\/media?parent=5304"}],"curies":[{"name":"wp","href":"https:\/\/api.w.org\/{rel}","templated":true}]}}